{"id":1078,"date":"2019-08-29T11:22:50","date_gmt":"2019-08-29T09:22:50","guid":{"rendered":"https:\/\/enkle.re\/til-tak\/?page_id=1078"},"modified":"2019-08-29T11:28:35","modified_gmt":"2019-08-29T09:28:35","slug":"salgsbetingelser","status":"publish","type":"page","link":"https:\/\/til-tak.no\/en\/salgsbetingelser\/","title":{"rendered":"Salgsbetingelser"},"content":{"rendered":"<h2 class=\"wp-block-heading\"><strong>Priser<\/strong><\/h2>\n\n\n\n<p> Alle priser er i norske kroner og vises b\u00e5de inklusive og eksklusive merverdiavgift. Totalkostnaden for kj\u00f8pet vil fremkomme f\u00f8r bestillingen og inkludere alle utgifter forbundet med kj\u00f8pet som utgifter til porto, frakt m.m.<\/p>\n\n\n\n<h2 class=\"wp-block-heading\"><strong>Forbehold<\/strong><\/h2>\n\n\n\n<p>Vi tar forbehold om eventuelle trykkfeil n\u00e5r det gjelder pris og informasjon om varer\/ tjenestene p\u00e5 siden. Ta kontakt med oss hvis du har sp\u00f8rsm\u00e5l. Vi \u00f8nsker \u00e5 gi deg god hjelp og en vellykket handel!<\/p>\n\n\n\n<h2 class=\"wp-block-heading\"><strong>Angrerett<\/strong><\/h2>\n\n\n\n<p>Angrefristen er p\u00e5 14 dager. Ved tilbakemelding til oss m\u00e5 det framkomme tydellig at dere \u00f8nsker \u00e5 benytte angreretten. Angrefrisen l\u00f8per fra den dagen dere mottar varen eller en vesentlig del av den. Hvis avtalen gjelder en vare som er laget p\u00e5 bestilling eller en vare som har blitt gitt personlig preg, begynner angrefristen \u00e5 l\u00f8pe den dagen dere har mottatt informasjon.<\/p>\n\n\n\n<p>Angrefristen gjelder ikke hvis tjenesten er p\u00e5begynt i l\u00f8pet av angrefristen med deres samtykke, prisen er avhengig av svingninger i finansmarketdet, som f.eks. p\u00e5 en aksje, varen er i en slik tilstand at den ikke kan leveres<\/p>\n\n\n\n<p>N\u00e5r dere benytter angreretten er dere: Ansvarlig for at varen er i samme forfatning som da dere mottok den. Dere kan ikke bruke varen, men naturligvis kan dere unders\u00f8ke den forsiktig. Hvis varen skades eller blir borte p\u00e5 grunn av uforsiktig h\u00e5ndtering av dere, frafaller angreretten.<\/p>\n\n\n\n<h2 class=\"wp-block-heading\"><strong>Garantier og service<\/strong><\/h2>\n\n\n\n<p>V\u00e5re garantier inneb\u00e6rer ingen begrensninger i reklamasjonsfristen for varer etter forbrukerkj\u00f8psloven.<\/p>\n\n\n\n<h2 class=\"wp-block-heading\"><strong>Leveranser<\/strong><\/h2>\n\n\n\n<h3 class=\"wp-block-heading\"><strong>Leveransetid<\/strong><\/h3>\n\n\n\n<p>Leveransetiden oppgis i handlekurven under respektive fraktmetoder. Hvis en vare har avvikende leveransetid, oppgis det ved den respektive varen.<\/p>\n\n\n\n<h3 class=\"wp-block-heading\"><strong>Pakker som ikke hentes<\/strong><\/h3>\n\n\n\n<p>Hvis dere velger oppkrav som fraktmetode vil varen ligge p\u00e5 deres lokale postkontor i opptil 4 uker. Varer som ikke hentes innen denne fristen blir returnert til oss. For alle varer som ikke hentes, forbeholder vi oss retten til \u00e5 fakturere kostnader for returfrakt, ekspedisjonsavgift og h\u00e5ndteringsavgift, per i dag satt til 250 norske kroner (NOK) <\/p>\n\n\n\n<h3 class=\"wp-block-heading\"><strong>Returer<\/strong><\/h3>\n\n\n\n<p>Returfrakt m\u00e5 dere selv bekoste med mindre varen er defekt eller vi har levert feil vare. Retur skal sendes som brev eller pakke, ikke som oppkrav. Ved bytte betaler vi for frakt av ny vare til dere.<\/p>\n\n\n\n<p>N\u00e5r dere benytter angreretten m\u00e5 dere, sende eller levere varen tilbake til oss.<\/p>\n\n\n\n<p>Tilbakebetalingsplikt: Hvis dere benytter angreretten, forplikter vi oss til \u00e5 betale tilbake deres betaling for vare senest 30 dager etter at vi har mottatt varen, eller hvis det gjelder en tjeneste senest 30 dager etter at vi har f\u00e5tt melding om at dere \u00f8nsker \u00e5 benytte angreretten. Dere m\u00e5 selv betale eventuelle returkostnader for \u00e5 sende tilbake varer.<\/p>\n\n\n\n<p>Se ogs\u00e5 Forbrukerr\u00e5dets hjemmesider for mer informasjon om deres rettigheter.<\/p>","protected":false},"excerpt":{"rendered":"<p>Priser Alle priser er i norske kroner og vises b\u00e5de inklusive og eksklusive merverdiavgift. Totalkostnaden for kj\u00f8pet vil fremkomme f\u00f8r bestillingen og inkludere alle utgifter forbundet med kj\u00f8pet som utgifter til porto, frakt m.m. Forbehold Vi tar forbehold om eventuelle trykkfeil n\u00e5r det gjelder pris og informasjon om varer\/ tjenestene p\u00e5 siden. Ta kontakt med [&hellip;]<\/p>\n","protected":false},"author":1,"featured_media":0,"parent":0,"menu_order":0,"comment_status":"closed","ping_status":"closed","template":"","meta":{"_acf_changed":false,"footnotes":""},"categories":[],"tags":[],"class_list":["post-1078","page","type-page","status-publish","hentry"],"yoast_head":"<!-- This site is optimized with the Yoast SEO Premium plugin v20.6 (Yoast SEO v27.2) - https:\/\/yoast.com\/product\/yoast-seo-premium-wordpress\/ -->\n<title>Salgsbetingelser - TIL-TAK<\/title>\n<meta name=\"description\" content=\"Priser Alle priser er i norske kroner og vises b\u00e5de inklusive og eksklusive merverdiavgift. Totalkostnaden for kj\u00f8pet vil fremkomme f\u00f8r bestillingen og\" \/>\n<meta name=\"robots\" content=\"index, follow, max-snippet:-1, max-image-preview:large, max-video-preview:-1\" \/>\n<link rel=\"canonical\" href=\"https:\/\/til-tak.no\/en\/salgsbetingelser\/\" \/>\n<meta name=\"twitter:label1\" content=\"Estimated reading time\" \/>\n\t<meta name=\"twitter:data1\" content=\"2 minutes\" \/>\n<script type=\"application\/ld+json\" class=\"yoast-schema-graph\">{\"@context\":\"https:\/\/schema.org\",\"@graph\":[{\"@type\":\"WebPage\",\"@id\":\"https:\/\/til-tak.no\/salgsbetingelser\/\",\"url\":\"https:\/\/til-tak.no\/salgsbetingelser\/\",\"name\":\"Salgsbetingelser - TIL-TAK\",\"isPartOf\":{\"@id\":\"https:\/\/til-tak.no\/#website\"},\"datePublished\":\"2019-08-29T09:22:50+00:00\",\"dateModified\":\"2019-08-29T09:28:35+00:00\",\"description\":\"Priser Alle priser er i norske kroner og vises b\u00e5de inklusive og eksklusive merverdiavgift. Totalkostnaden for kj\u00f8pet vil fremkomme f\u00f8r bestillingen og\",\"breadcrumb\":{\"@id\":\"https:\/\/til-tak.no\/salgsbetingelser\/#breadcrumb\"},\"inLanguage\":\"en-GB\",\"potentialAction\":[{\"@type\":\"ReadAction\",\"target\":[\"https:\/\/til-tak.no\/salgsbetingelser\/\"]}]},{\"@type\":\"BreadcrumbList\",\"@id\":\"https:\/\/til-tak.no\/salgsbetingelser\/#breadcrumb\",\"itemListElement\":[{\"@type\":\"ListItem\",\"position\":1,\"name\":\"Hjem\",\"item\":\"https:\/\/til-tak.no\/\"},{\"@type\":\"ListItem\",\"position\":2,\"name\":\"Salgsbetingelser\"}]},{\"@type\":\"WebSite\",\"@id\":\"https:\/\/til-tak.no\/#website\",\"url\":\"https:\/\/til-tak.no\/\",\"name\":\"TIL-TAK\",\"description\":\"TIL-TAK | 100% tett Dreneringssystem for Terrassegulv\",\"publisher\":{\"@id\":\"https:\/\/til-tak.no\/#organization\"},\"potentialAction\":[{\"@type\":\"SearchAction\",\"target\":{\"@type\":\"EntryPoint\",\"urlTemplate\":\"https:\/\/til-tak.no\/?s={search_term_string}\"},\"query-input\":{\"@type\":\"PropertyValueSpecification\",\"valueRequired\":true,\"valueName\":\"search_term_string\"}}],\"inLanguage\":\"en-GB\"},{\"@type\":\"Organization\",\"@id\":\"https:\/\/til-tak.no\/#organization\",\"name\":\"TIL-TAK AS\",\"url\":\"https:\/\/til-tak.no\/\",\"logo\":{\"@type\":\"ImageObject\",\"inLanguage\":\"en-GB\",\"@id\":\"https:\/\/til-tak.no\/#\/schema\/logo\/image\/\",\"url\":\"https:\/\/til-tak.no\/wp-content\/uploads\/2023\/02\/til-tak-logo-transparent1.png\",\"contentUrl\":\"https:\/\/til-tak.no\/wp-content\/uploads\/2023\/02\/til-tak-logo-transparent1.png\",\"width\":1027,\"height\":504,\"caption\":\"TIL-TAK AS\"},\"image\":{\"@id\":\"https:\/\/til-tak.no\/#\/schema\/logo\/image\/\"},\"sameAs\":[\"https:\/\/www.facebook.com\/tiltak.as\"]}]}<\/script>\n<!-- \/ Yoast SEO Premium plugin. -->","yoast_head_json":{"title":"Salgsbetingelser - TIL-TAK","description":"Priser Alle priser er i norske kroner og vises b\u00e5de inklusive og eksklusive merverdiavgift. Totalkostnaden for kj\u00f8pet vil fremkomme f\u00f8r bestillingen og","robots":{"index":"index","follow":"follow","max-snippet":"max-snippet:-1","max-image-preview":"max-image-preview:large","max-video-preview":"max-video-preview:-1"},"canonical":"https:\/\/til-tak.no\/en\/salgsbetingelser\/","twitter_misc":{"Estimated reading time":"2 minutes"},"schema":{"@context":"https:\/\/schema.org","@graph":[{"@type":"WebPage","@id":"https:\/\/til-tak.no\/salgsbetingelser\/","url":"https:\/\/til-tak.no\/salgsbetingelser\/","name":"Salgsbetingelser - TIL-TAK","isPartOf":{"@id":"https:\/\/til-tak.no\/#website"},"datePublished":"2019-08-29T09:22:50+00:00","dateModified":"2019-08-29T09:28:35+00:00","description":"Priser Alle priser er i norske kroner og vises b\u00e5de inklusive og eksklusive merverdiavgift. Totalkostnaden for kj\u00f8pet vil fremkomme f\u00f8r bestillingen og","breadcrumb":{"@id":"https:\/\/til-tak.no\/salgsbetingelser\/#breadcrumb"},"inLanguage":"en-GB","potentialAction":[{"@type":"ReadAction","target":["https:\/\/til-tak.no\/salgsbetingelser\/"]}]},{"@type":"BreadcrumbList","@id":"https:\/\/til-tak.no\/salgsbetingelser\/#breadcrumb","itemListElement":[{"@type":"ListItem","position":1,"name":"Hjem","item":"https:\/\/til-tak.no\/"},{"@type":"ListItem","position":2,"name":"Salgsbetingelser"}]},{"@type":"WebSite","@id":"https:\/\/til-tak.no\/#website","url":"https:\/\/til-tak.no\/","name":"TIL-TAK","description":"TIL-TAK | 100% tett Dreneringssystem for Terrassegulv","publisher":{"@id":"https:\/\/til-tak.no\/#organization"},"potentialAction":[{"@type":"SearchAction","target":{"@type":"EntryPoint","urlTemplate":"https:\/\/til-tak.no\/?s={search_term_string}"},"query-input":{"@type":"PropertyValueSpecification","valueRequired":true,"valueName":"search_term_string"}}],"inLanguage":"en-GB"},{"@type":"Organization","@id":"https:\/\/til-tak.no\/#organization","name":"TIL-TAK AS","url":"https:\/\/til-tak.no\/","logo":{"@type":"ImageObject","inLanguage":"en-GB","@id":"https:\/\/til-tak.no\/#\/schema\/logo\/image\/","url":"https:\/\/til-tak.no\/wp-content\/uploads\/2023\/02\/til-tak-logo-transparent1.png","contentUrl":"https:\/\/til-tak.no\/wp-content\/uploads\/2023\/02\/til-tak-logo-transparent1.png","width":1027,"height":504,"caption":"TIL-TAK AS"},"image":{"@id":"https:\/\/til-tak.no\/#\/schema\/logo\/image\/"},"sameAs":["https:\/\/www.facebook.com\/tiltak.as"]}]}},"acf":{"title":"","subtitle":""},"_links":{"self":[{"href":"https:\/\/til-tak.no\/en\/wp-json\/wp\/v2\/pages\/1078","targetHints":{"allow":["GET"]}}],"collection":[{"href":"https:\/\/til-tak.no\/en\/wp-json\/wp\/v2\/pages"}],"about":[{"href":"https:\/\/til-tak.no\/en\/wp-json\/wp\/v2\/types\/page"}],"author":[{"embeddable":true,"href":"https:\/\/til-tak.no\/en\/wp-json\/wp\/v2\/users\/1"}],"replies":[{"embeddable":true,"href":"https:\/\/til-tak.no\/en\/wp-json\/wp\/v2\/comments?post=1078"}],"version-history":[{"count":0,"href":"https:\/\/til-tak.no\/en\/wp-json\/wp\/v2\/pages\/1078\/revisions"}],"wp:attachment":[{"href":"https:\/\/til-tak.no\/en\/wp-json\/wp\/v2\/media?parent=1078"}],"wp:term":[{"taxonomy":"category","embeddable":true,"href":"https:\/\/til-tak.no\/en\/wp-json\/wp\/v2\/categories?post=1078"},{"taxonomy":"post_tag","embeddable":true,"href":"https:\/\/til-tak.no\/en\/wp-json\/wp\/v2\/tags?post=1078"}],"curies":[{"name":"wp","href":"https:\/\/api.w.org\/{rel}","templated":true}]}}