{"id":12396,"date":"2020-05-06T11:13:55","date_gmt":"2020-05-06T09:13:55","guid":{"rendered":"https:\/\/til-tak.no\/?page_id=12396"},"modified":"2023-03-22T09:38:13","modified_gmt":"2023-03-22T08:38:13","slug":"tett-veranda","status":"publish","type":"page","link":"https:\/\/til-tak.no\/en\/tett-under-verandaen","title":{"rendered":"Tett veranda"},"content":{"rendered":"<p><strong><em>TIL-TAK dreneringssystem -den enkle l\u00f8sningen<\/em><\/strong><em><strong> fra TIL-TAK<\/strong><\/em> <strong><em>for \u00e5 f\u00e5 en tett veranda<\/em><\/strong><\/p>\n\n\n\n<p>G\u00e5r du med \u00f8nsker om \u00e5 utnytte plassen i boligen bedre, men er usikker p\u00e5 hvordan du skal f\u00e5 verandaen eller terrassen din helt tett? Med produkter fra TIL-TAK under terrassebordene har du en l\u00f8sning som sikrer at det forblir tett, slik at du kan gj\u00f8re om omr\u00e5det under terrassen til hva enn du m\u00e5tte \u00f8nske. Dr\u00f8mmer du om smarte oppbevaringsl\u00f8sninger eller kanskje \u00e5 skape en liten oase av et oppholdsrom? Da er TIL-TAK Original eller Light det rette valget for deg. <\/p>\n\n\n\n<figure class=\"wp-block-gallery has-nested-images columns-default is-cropped wp-block-gallery-1 is-layout-flex wp-block-gallery-is-layout-flex\">\n<figure class=\"wp-block-image size-large\"><img decoding=\"async\" width=\"1021\" height=\"692\" data-id=\"1073\" data-src=\"https:\/\/til-tak.no\/wp-content\/uploads\/2019\/08\/web01.jpg\" alt=\"\" class=\"wp-image-1073 lazyload\" data-srcset=\"https:\/\/til-tak.no\/wp-content\/uploads\/2019\/08\/web01.jpg 1021w, https:\/\/til-tak.no\/wp-content\/uploads\/2019\/08\/web01-300x203.jpg 300w, https:\/\/til-tak.no\/wp-content\/uploads\/2019\/08\/web01-768x521.jpg 768w, https:\/\/til-tak.no\/wp-content\/uploads\/2019\/08\/web01-600x407.jpg 600w\" data-sizes=\"(max-width: 1021px) 100vw, 1021px\" src=\"data:image\/gif;base64,R0lGODlhAQABAAAAACH5BAEKAAEALAAAAAABAAEAAAICTAEAOw==\" style=\"--smush-placeholder-width: 1021px; --smush-placeholder-aspect-ratio: 1021\/692;\" \/><\/figure>\n<figcaption class=\"blocks-gallery-caption wp-element-caption\">Koselig utemilj\u00f8, eller nyttig lagringsplass<\/figcaption><\/figure>\n\n\n\n<h2 class=\"wp-block-heading\" id=\"h-vare-produkter-sikrer-at-verandaen-forblir-tett\">V\u00e5re produkter sikrer at verandaen forblir tett<\/h2>\n\n\n\n<p>Vi garanterer l\u00f8sninger som er 100% tette, forutsatt at monteringsanvisninger f\u00f8lges. Vi har to produkter som er spesielt utviklet for \u00e5 sikre tett og effektiv drenering av alt vann som havner p\u00e5 din terrasse. Og det beste av alt? Produktene er s\u00e5 enkle \u00e5 montere, at n\u00e6rmest alle kan f\u00e5 det til. <\/p>\n\n\n\n<figure class=\"wp-block-gallery has-nested-images columns-default is-cropped wp-block-gallery-2 is-layout-flex wp-block-gallery-is-layout-flex\">\n<figure class=\"wp-block-image size-large\"><a href=\"https:\/\/til-tak.no\/wp-content\/uploads\/2021\/03\/8764de9d-2d23-4dcc-b297-47982564ac72.png\"><img decoding=\"async\" width=\"1024\" height=\"791\" data-id=\"24368\" data-src=\"https:\/\/til-tak.no\/wp-content\/uploads\/2021\/03\/8764de9d-2d23-4dcc-b297-47982564ac72-1024x791.png\" alt=\"\" class=\"wp-image-24368 lazyload\" data-srcset=\"https:\/\/til-tak.no\/wp-content\/uploads\/2021\/03\/8764de9d-2d23-4dcc-b297-47982564ac72-1024x791.png 1024w, https:\/\/til-tak.no\/wp-content\/uploads\/2021\/03\/8764de9d-2d23-4dcc-b297-47982564ac72-300x232.png 300w, https:\/\/til-tak.no\/wp-content\/uploads\/2021\/03\/8764de9d-2d23-4dcc-b297-47982564ac72-768x593.png 768w, https:\/\/til-tak.no\/wp-content\/uploads\/2021\/03\/8764de9d-2d23-4dcc-b297-47982564ac72-1536x1187.png 1536w, https:\/\/til-tak.no\/wp-content\/uploads\/2021\/03\/8764de9d-2d23-4dcc-b297-47982564ac72-2048x1583.png 2048w, https:\/\/til-tak.no\/wp-content\/uploads\/2021\/03\/8764de9d-2d23-4dcc-b297-47982564ac72-16x12.png 16w, https:\/\/til-tak.no\/wp-content\/uploads\/2021\/03\/8764de9d-2d23-4dcc-b297-47982564ac72-600x464.png 600w, https:\/\/til-tak.no\/wp-content\/uploads\/2021\/03\/8764de9d-2d23-4dcc-b297-47982564ac72.png 1920w\" data-sizes=\"(max-width: 1024px) 100vw, 1024px\" src=\"data:image\/gif;base64,R0lGODlhAQABAAAAACH5BAEKAAEALAAAAAABAAEAAAICTAEAOw==\" style=\"--smush-placeholder-width: 1024px; --smush-placeholder-aspect-ratio: 1024\/791;\" \/><\/a><\/figure>\n<\/figure>\n\n\n\n<p><strong><em><a href=\"https:\/\/til-tak.no\/wp-content\/uploads\/2021\/03\/TIL-TAK-Original-2021_web.pdf\">Montering TIL-TAK Original <\/a><\/em><\/strong> eller <strong><em><a href=\"https:\/\/til-tak.no\/wp-content\/uploads\/2021\/03\/TIL-TAK-Light-2021_web.pdf\">Montering TIL-TAK Light<\/a><\/em><\/strong><\/p>\n\n\n\n<p>TIL-TAK Original og TIL-TAK Light er begge dreneringssystem for vann som drypper gjennom veranda- og terrassegulv. Mens TIL-TAK original er perfekt for nybygg, er TIL-TAK Light spesielt godt egnet for \u00e5 sikre tett gulv p\u00e5 eksisterende terrasser. TIL-TAK Original best\u00e5r av tynne st\u00e5lplateprofiler med innebygget fall, mens TIL-TAK Light best\u00e5r av en lett PVC-duke. Denne har lisser som er sveiset inn p\u00e5 hver side. Duken trekkes inn i plastprofilene som du f\u00f8rst har festet til bjelkelaget.<\/p>\n\n\n\n<p>Dette er ogs\u00e5 et produkt for deg med terrasse p\u00e5 bakkeplan. Du kan blant annet hindre at kjellerrom som ligger under bakken blir utsatt for fukt. TIL-TAK Lights terrasseduk vil ogs\u00e5 hindre ugress fra \u00e5 vokse opp mellom terrassebordene. Behovet for vedlikehold blir dermed ogs\u00e5 mindre.  <\/p>\n\n\n\n<h2 class=\"wp-block-heading\" id=\"h-en-tett-veranda-forlenger-utesesongen-med-plass-du-allerede-har\">En tett veranda forlenger utesesongen med plass du allerede har<\/h2>\n\n\n\n<p>I dagens tette bebyggelse er det mange som ser etter bedre l\u00f8sninger for uteplassen sin. De har kanskje ikke tenkt over at man kan benytte plass man allerede har? Skal du bygge tilbygg p\u00e5 huset er dette gjerne en lang prosess som inneb\u00e6rer <strong><a href=\"https:\/\/dibk.no\/no\/saksbehandling\/byggsok\/\" target=\"_blank\" rel=\"noreferrer noopener\">bygges\u00f8knader<\/a><\/strong> og kostbart materiale. Kanskje har du allerede en plass du ikke utnytter pr i dag? Som med enkle grep kan brukes, dersom terrassen over blir tett?  <\/p>\n\n\n\n<p>Med en tett veranda eller terrasse er du sikret l\u00f8sningen du ikke engang visste at du trengte; -Er det f\u00f8rst tett kan du bedre utnytte den uteplassen du allerede har. Det er her v\u00e5re produkter kommer inn i bildet. V\u00e5re innovative l\u00f8sninger hjelper deg p\u00e5 vei mot m\u00e5let &#8211; enten du \u00f8nsker en ekstra uteplass, mulighet for oppbevaring av hagem\u00f8blene, dr\u00f8mmer om et utend\u00f8rs boblebad eller kanskje ser for deg deg en nyttig carport. Ta en titt p\u00e5 v\u00e5r nettside for inspirasjon og gode r\u00e5d for \u00e5 sikre at det blir og forblir tett under verandaen.  <\/p>\n\n\n\n<h2 class=\"wp-block-heading\" id=\"h-bestill-dine-produkter-i-dag\">Bestill dine produkter i dag<\/h2>\n\n\n\n<p>Med innebygd fall og gode dreneringsl\u00f8sninger garanterer vi gode resultater til enhver tid. Uansett hva dine behov er, vil v\u00e5re innovative produkter v\u00e6re l\u00f8sningene du er p\u00e5 utkikk etter. Kostnadene trenger du ikke v\u00e6re urolig for, da vi har sv\u00e6rt konkurransedyktige priser. <\/p>\n\n\n\n<p>Du f\u00e5r kj\u00f8pt v\u00e5re produkter i alle de store byggevarehandlene i Norge. Forhandlerne kjenner produktene v\u00e5re godt, s\u00e5 ta deg gjerne en tur innom ditt n\u00e6rmeste byggevarehus for en uforpliktende prat og gode r\u00e5d.  <\/p>\n\n\n\n<div class=\"wp-block-buttons is-layout-flex wp-block-buttons-is-layout-flex\">\n<div class=\"wp-block-button\"><a class=\"wp-block-button__link wp-element-button\" href=\"https:\/\/til-tak.no\/en\/forhandlere\/\">Forhandleroversikt<\/a><\/div>\n<\/div>\n\n\n\n<hr class=\"wp-block-separator has-css-opacity\"\/>\n\n\n    <div class=\"custom-feed\">\n    \n\n<h2 class=\"wp-block-heading\" id=\"h-ofte-stilte-sporsmal\">Ofte stilte sp\u00f8rsm\u00e5l:<\/h2>\n\n\n        <h4 class=\"accordion\">Blir det helt tett med TIL-TAK Light?<\/h4>\n<div class=\"panel\">\n<div class=\"panel-text\">\n    \n<p>Ja, dersom\u00a0<strong><a href=\"https:\/\/til-tak.no\/en\/monteringsanvisning-til-tak-light\/\">v\u00e5r monteringsanvisning \u00a0<\/a><\/strong>f\u00f8lges, og gitt at du er n\u00f8ye med jobben, garanterer vi et 100% tett terrassegulv.<\/p>\n\n\n\n<p>F\u00f8lg instruksene for pakningsmasse n\u00f8ye, da dette er en ikke- herdene masse som er avgj\u00f8rende for \u00e5 oppn\u00e5 et tett resultat.<\/p>\n\n\n\n<p>Der man benytter grunnmurspapp opp\u00e5 bjelkene erstatter pappen pakningsmassen.<\/p>\n\n\n\n<p>Dreneringssystemet kan med fordel kombineres med&nbsp;<a href=\"https:\/\/til-tak.no\/en\/blog\/2020\/03\/28\/smarte-losninger\/\"><strong>takrenne og veggbeslag<\/strong><\/a>&nbsp;slik at vannet ledes sikkert fra hus og ned i grunn.<\/p>\n\n\n\n<p><\/p>\n<\/div>\n<\/div>\n        <h4 class=\"accordion\">Er det vanskelig \u00e5 montere TIL-TAK Light?<\/h4>\n<div class=\"panel\">\n<div class=\"panel-text\">\n    \n<p>Nei, dette er noe de aller fleste fint kan klare selv, dersom de er litt nevenyttige, og ikke er redde for \u00e5 pr\u00f8ve.<\/p>\n\n\n\n<p>Kort fortalt festes terrasseduken til bjelkelaget via en plastprofil med et glidespor som skrus fast i bjelkene under terrassen. Plastprofilen skal festes med fall fra husvegg til ytterkant av terrassen. Duken trekkes s\u00e5 inn i glidesporet fra ytterkant og inn mot husveggen, der den blir hengende som en vannrenne mellom bjelkene. Pakningsmassen skal kun benyttes der det er beskrevet, og i spesifisert mengde. V\u00e6r obs p\u00e5 at du trenger 2 patroner pakningsmasse per 10 meter terrasseduk. Se ogs\u00e5 v\u00e5r&nbsp;<a href=\"https:\/\/til-tak.no\/en\/beregningskalkulator\/\"><strong>Beregningskalkulator<\/strong><\/a>, for n\u00f8yaktig beregning av alt du trenger<\/p>\n\n\n\n<p>For \u00e5 v\u00e6re best mulig forberedt anbefaler vi \u00e5 bruke god tid b\u00e5de p\u00e5 b\u00e5de v\u00e5r\u00a0<strong><a href=\"https:\/\/www.youtube.com\/watch?v=UwQJ-mxXqts\">monteringsvideo<\/a><\/strong>\u00a0og v\u00e5r\u00a0<a href=\"https:\/\/til-tak.no\/en\/monteringsanvisning-til-tak-light\/\"><strong>monteringsanvisning<\/strong><\/a><\/p>\n\n\n\n<p>Husk at montering av v\u00e5re produkter, der det kreves&nbsp;<a href=\"https:\/\/til-tak.no\/en\/product\/42099733-til-tak-pakningsmasse\/\"><strong>pakningsmasse<\/strong><\/a>, ikke kan monteres i minus-grader!<\/p>\n<\/div>\n<\/div>\n        <h4 class=\"accordion\">Hva gj\u00f8r jeg dersom det ikke er 60 cm senteravstand mellom bjelkene?<\/h4>\n<div class=\"panel\">\n<div class=\"panel-text\">\n    \n<p>Ved \u00e5 velge TIL-TAK Light, st\u00e5r du fritt til \u00e5 kunne benytte alle bjelkeavstander mellom 60 og 30 cm.&nbsp; Denne duken levers i 4 forskjellige bredder; CC30, CC40, CC50 og CC60.&nbsp; Dersom senteravstanden p\u00e5 bjelkene ikke er n\u00f8yaktig 50 cm f.eks. l\u00f8ses dette ved \u00e5 lekte ut, enten p\u00e5 en side, eller p\u00e5 begge sider i fakket, slik at lysm\u00e5let (m\u00e5let i mellom) blir tiln\u00e6rmet 45 cm.<\/p>\n\n\n\n<p>Flere l\u00f8sninger er ogs\u00e5 beskrevet i v\u00e5r\u00a0<em><strong><a href=\"https:\/\/til-tak.no\/en\/monteringsanvisning-til-tak-light\/\">monteringsanvisning<\/a><\/strong><\/em>.<\/p>\n<\/div>\n<\/div>\n        <h4 class=\"accordion\">Hva har jeg gjort feil dersom det lekker gjennom terrassen etter at TIL-TAK er montert?<\/h4>\n<div class=\"panel\">\n<div class=\"panel-text\">\n    \n<p>Svaret p\u00e5 dette kan v\u00e6re s\u00e5 mangt;<\/p>\n\n\n\n<p>Dersom du har montert TIL-TAK Original, er det viktig \u00e5 forsikre seg om at fallet i alle platene er ivaretatt, og at ingen plater b\u00f8yer ned i bakkant. Dersom dette er tilfelle kan det hjelpe \u00e5 st\u00f8tte oppunder plateskj\u00f8ten med en tverrg\u00e5ende lekt, slik at fallet i platen igjen er p\u00e5 plass.<\/p>\n\n\n\n<p>Har du brukt riktig pakningsmasse? Nok pakningsmasse? og pakningsmasse alle de steder det skal v\u00e6re? (<a href=\"https:\/\/til-tak.no\/en\/monteringsanvisning-til-tak-original\/\"><strong>se monteringsanvisning<\/strong><\/a>)<\/p>\n\n\n\n<p>For TIL-TAK Light vil det som regel ogs\u00e5 v\u00e6re et sp\u00f8rsm\u00e5l om bruk av pakningsmassen, s\u00e5 v\u00e6r alltid n\u00f8ye med \u00e5 studere\u00a0<a href=\"https:\/\/til-tak.no\/en\/monteringsanvisning-til-tak-light\/\"><strong>monteringsanvisningen<\/strong><\/a>\u00a0F\u00d8R du begynner \u00e5 montere!<\/p>\n\n\n\n<p>Om du likevel ikke forst\u00e5r hva som har g\u00e5tt galt, s\u00e5 send&nbsp;<a href=\"https:\/\/til-tak.no\/en\/om-oss\/kontakt\/\"><strong>oss<\/strong><\/a>&nbsp;bilder og beskriv s\u00e5 godt det lar seg gj\u00f8re hva som er problemet.<\/p>\n\n\n\n<p><\/p>\n<\/div>\n<\/div>\n    \n    <\/div>\n    <style>\n  .accordion{\n      font-size: 16px;\n  }\n<\/style>","protected":false},"excerpt":{"rendered":"<p>TIL-TAK dreneringssystem -den enkle l\u00f8sningen fra TIL-TAK for \u00e5 f\u00e5 en tett veranda G\u00e5r du med \u00f8nsker om \u00e5 utnytte plassen i boligen bedre, men er usikker p\u00e5 hvordan du skal f\u00e5 verandaen eller terrassen din helt tett? Med produkter fra TIL-TAK under terrassebordene har du en l\u00f8sning som sikrer at det forblir tett, slik [&hellip;]<\/p>\n","protected":false},"author":1,"featured_media":12397,"parent":0,"menu_order":0,"comment_status":"closed","ping_status":"closed","template":"page-templates\/template-restec-single-page.php","meta":{"_acf_changed":false,"footnotes":""},"categories":[27,178,26,174],"tags":[],"class_list":["post-12396","page","type-page","status-publish","has-post-thumbnail","hentry","category-til-tak-light","category-inspirasjon-til-tak-light","category-til-tak-orignal","category-inspirasjon"],"yoast_head":"<!-- This site is optimized with the Yoast SEO Premium plugin v20.6 (Yoast SEO v27.2) - https:\/\/yoast.com\/product\/yoast-seo-premium-wordpress\/ -->\n<title>Tett veranda med TIL-TAK Original eller TIL-TAK Light<\/title>\n<meta name=\"description\" content=\"TIL-TAK Original og TIL-TAK Light er den optimale l\u00f8sningen for \u00e5 f\u00e5 en tett veranda. Bestill TIL-TAK allerede n\u00e5 i dag!\" \/>\n<meta name=\"robots\" content=\"index, follow, max-snippet:-1, max-image-preview:large, max-video-preview:-1\" \/>\n<link rel=\"canonical\" href=\"https:\/\/til-tak.no\/en\/tett-under-verandaen\/\" \/>\n<meta name=\"twitter:label1\" content=\"Estimated reading time\" \/>\n\t<meta name=\"twitter:data1\" content=\"4 minutes\" \/>\n<script type=\"application\/ld+json\" class=\"yoast-schema-graph\">{\"@context\":\"https:\/\/schema.org\",\"@graph\":[{\"@type\":\"WebPage\",\"@id\":\"https:\/\/til-tak.no\/tett-under-verandaen\/\",\"url\":\"https:\/\/til-tak.no\/tett-under-verandaen\/\",\"name\":\"Tett veranda med TIL-TAK Original eller TIL-TAK Light\",\"isPartOf\":{\"@id\":\"https:\/\/til-tak.no\/#website\"},\"primaryImageOfPage\":{\"@id\":\"https:\/\/til-tak.no\/tett-under-verandaen\/#primaryimage\"},\"image\":{\"@id\":\"https:\/\/til-tak.no\/tett-under-verandaen\/#primaryimage\"},\"thumbnailUrl\":\"https:\/\/til-tak.no\/wp-content\/uploads\/2020\/05\/tett-under-veranda.jpg\",\"datePublished\":\"2020-05-06T09:13:55+00:00\",\"dateModified\":\"2023-03-22T08:38:13+00:00\",\"description\":\"TIL-TAK Original og TIL-TAK Light er den optimale l\u00f8sningen for \u00e5 f\u00e5 en tett veranda. Bestill TIL-TAK allerede n\u00e5 i dag!\",\"breadcrumb\":{\"@id\":\"https:\/\/til-tak.no\/tett-under-verandaen\/#breadcrumb\"},\"inLanguage\":\"en-GB\",\"potentialAction\":[{\"@type\":\"ReadAction\",\"target\":[\"https:\/\/til-tak.no\/tett-under-verandaen\/\"]}]},{\"@type\":\"ImageObject\",\"inLanguage\":\"en-GB\",\"@id\":\"https:\/\/til-tak.no\/tett-under-verandaen\/#primaryimage\",\"url\":\"https:\/\/til-tak.no\/wp-content\/uploads\/2020\/05\/tett-under-veranda.jpg\",\"contentUrl\":\"https:\/\/til-tak.no\/wp-content\/uploads\/2020\/05\/tett-under-veranda.jpg\",\"width\":1440,\"height\":1080,\"caption\":\"Tett Under Veranda Dreneringsystemet\"},{\"@type\":\"BreadcrumbList\",\"@id\":\"https:\/\/til-tak.no\/tett-under-verandaen\/#breadcrumb\",\"itemListElement\":[{\"@type\":\"ListItem\",\"position\":1,\"name\":\"Hjem\",\"item\":\"https:\/\/til-tak.no\/\"},{\"@type\":\"ListItem\",\"position\":2,\"name\":\"Tett veranda\"}]},{\"@type\":\"WebSite\",\"@id\":\"https:\/\/til-tak.no\/#website\",\"url\":\"https:\/\/til-tak.no\/\",\"name\":\"TIL-TAK\",\"description\":\"TIL-TAK | 100% tett Dreneringssystem for Terrassegulv\",\"publisher\":{\"@id\":\"https:\/\/til-tak.no\/#organization\"},\"potentialAction\":[{\"@type\":\"SearchAction\",\"target\":{\"@type\":\"EntryPoint\",\"urlTemplate\":\"https:\/\/til-tak.no\/?s={search_term_string}\"},\"query-input\":{\"@type\":\"PropertyValueSpecification\",\"valueRequired\":true,\"valueName\":\"search_term_string\"}}],\"inLanguage\":\"en-GB\"},{\"@type\":\"Organization\",\"@id\":\"https:\/\/til-tak.no\/#organization\",\"name\":\"TIL-TAK AS\",\"url\":\"https:\/\/til-tak.no\/\",\"logo\":{\"@type\":\"ImageObject\",\"inLanguage\":\"en-GB\",\"@id\":\"https:\/\/til-tak.no\/#\/schema\/logo\/image\/\",\"url\":\"https:\/\/til-tak.no\/wp-content\/uploads\/2023\/02\/til-tak-logo-transparent1.png\",\"contentUrl\":\"https:\/\/til-tak.no\/wp-content\/uploads\/2023\/02\/til-tak-logo-transparent1.png\",\"width\":1027,\"height\":504,\"caption\":\"TIL-TAK AS\"},\"image\":{\"@id\":\"https:\/\/til-tak.no\/#\/schema\/logo\/image\/\"},\"sameAs\":[\"https:\/\/www.facebook.com\/tiltak.as\"]}]}<\/script>\n<!-- \/ Yoast SEO Premium plugin. -->","yoast_head_json":{"title":"Tett veranda med TIL-TAK Original eller TIL-TAK Light","description":"TIL-TAK Original og TIL-TAK Light er den optimale l\u00f8sningen for \u00e5 f\u00e5 en tett veranda. Bestill TIL-TAK allerede n\u00e5 i dag!","robots":{"index":"index","follow":"follow","max-snippet":"max-snippet:-1","max-image-preview":"max-image-preview:large","max-video-preview":"max-video-preview:-1"},"canonical":"https:\/\/til-tak.no\/en\/tett-under-verandaen\/","twitter_misc":{"Estimated reading time":"4 minutes"},"schema":{"@context":"https:\/\/schema.org","@graph":[{"@type":"WebPage","@id":"https:\/\/til-tak.no\/tett-under-verandaen\/","url":"https:\/\/til-tak.no\/tett-under-verandaen\/","name":"Tett veranda med TIL-TAK Original eller TIL-TAK Light","isPartOf":{"@id":"https:\/\/til-tak.no\/#website"},"primaryImageOfPage":{"@id":"https:\/\/til-tak.no\/tett-under-verandaen\/#primaryimage"},"image":{"@id":"https:\/\/til-tak.no\/tett-under-verandaen\/#primaryimage"},"thumbnailUrl":"https:\/\/til-tak.no\/wp-content\/uploads\/2020\/05\/tett-under-veranda.jpg","datePublished":"2020-05-06T09:13:55+00:00","dateModified":"2023-03-22T08:38:13+00:00","description":"TIL-TAK Original og TIL-TAK Light er den optimale l\u00f8sningen for \u00e5 f\u00e5 en tett veranda. Bestill TIL-TAK allerede n\u00e5 i dag!","breadcrumb":{"@id":"https:\/\/til-tak.no\/tett-under-verandaen\/#breadcrumb"},"inLanguage":"en-GB","potentialAction":[{"@type":"ReadAction","target":["https:\/\/til-tak.no\/tett-under-verandaen\/"]}]},{"@type":"ImageObject","inLanguage":"en-GB","@id":"https:\/\/til-tak.no\/tett-under-verandaen\/#primaryimage","url":"https:\/\/til-tak.no\/wp-content\/uploads\/2020\/05\/tett-under-veranda.jpg","contentUrl":"https:\/\/til-tak.no\/wp-content\/uploads\/2020\/05\/tett-under-veranda.jpg","width":1440,"height":1080,"caption":"Tett Under Veranda Dreneringsystemet"},{"@type":"BreadcrumbList","@id":"https:\/\/til-tak.no\/tett-under-verandaen\/#breadcrumb","itemListElement":[{"@type":"ListItem","position":1,"name":"Hjem","item":"https:\/\/til-tak.no\/"},{"@type":"ListItem","position":2,"name":"Tett veranda"}]},{"@type":"WebSite","@id":"https:\/\/til-tak.no\/#website","url":"https:\/\/til-tak.no\/","name":"TIL-TAK","description":"TIL-TAK | 100% tett Dreneringssystem for Terrassegulv","publisher":{"@id":"https:\/\/til-tak.no\/#organization"},"potentialAction":[{"@type":"SearchAction","target":{"@type":"EntryPoint","urlTemplate":"https:\/\/til-tak.no\/?s={search_term_string}"},"query-input":{"@type":"PropertyValueSpecification","valueRequired":true,"valueName":"search_term_string"}}],"inLanguage":"en-GB"},{"@type":"Organization","@id":"https:\/\/til-tak.no\/#organization","name":"TIL-TAK AS","url":"https:\/\/til-tak.no\/","logo":{"@type":"ImageObject","inLanguage":"en-GB","@id":"https:\/\/til-tak.no\/#\/schema\/logo\/image\/","url":"https:\/\/til-tak.no\/wp-content\/uploads\/2023\/02\/til-tak-logo-transparent1.png","contentUrl":"https:\/\/til-tak.no\/wp-content\/uploads\/2023\/02\/til-tak-logo-transparent1.png","width":1027,"height":504,"caption":"TIL-TAK AS"},"image":{"@id":"https:\/\/til-tak.no\/#\/schema\/logo\/image\/"},"sameAs":["https:\/\/www.facebook.com\/tiltak.as"]}]}},"acf":{"accordion_title":"OFTE STILTE SP\u00d8RSM\u00c5L","accordion_sectoin":[{"section_title":"M\u00e5 jeg v\u00e6re profesjonell for \u00e5 kunne installere produktene deres?","section_text":"<p>Langt i fra! Dette er noe enhver burde klare, enten man har to eller ti tommeltotter &#8211; v\u00e6r n\u00f8yaktig og f\u00f8lg Monteringsanvisning, s\u00e5 garanterer vi at det vil forbli 100% tett under verandaen. V\u00e5re produkter er enkle \u00e5 legge og gir et holdbart, solid resultat som sikrer at det forblir tett.<\/p>\n<p><a href=\"https:\/\/til-tak.no\/wp-content\/uploads\/2021\/03\/TIL-TAK-Original-2021_web.pdf\"><img decoding=\"async\" class=\"alignnone size-medium wp-image-26456\" src=\"https:\/\/til-tak.no\/wp-content\/uploads\/2021\/04\/Ny-Original-brosjyre-2021-forside02_page-0001-212x300.jpg\" alt=\"\" width=\"212\" height=\"300\" srcset=\"https:\/\/til-tak.no\/wp-content\/uploads\/2021\/04\/Ny-Original-brosjyre-2021-forside02_page-0001-212x300.jpg 212w, https:\/\/til-tak.no\/wp-content\/uploads\/2021\/04\/Ny-Original-brosjyre-2021-forside02_page-0001-725x1024.jpg 725w, https:\/\/til-tak.no\/wp-content\/uploads\/2021\/04\/Ny-Original-brosjyre-2021-forside02_page-0001-768x1085.jpg 768w, https:\/\/til-tak.no\/wp-content\/uploads\/2021\/04\/Ny-Original-brosjyre-2021-forside02_page-0001-1087x1536.jpg 1087w, https:\/\/til-tak.no\/wp-content\/uploads\/2021\/04\/Ny-Original-brosjyre-2021-forside02_page-0001-8x12.jpg 8w, https:\/\/til-tak.no\/wp-content\/uploads\/2021\/04\/Ny-Original-brosjyre-2021-forside02_page-0001-600x848.jpg 600w, https:\/\/til-tak.no\/wp-content\/uploads\/2021\/04\/Ny-Original-brosjyre-2021-forside02_page-0001.jpg 1241w\" sizes=\"(max-width: 212px) 100vw, 212px\" \/><\/a>\u00a0 \u00a0 \u00a0 \u00a0\u00a0 <a href=\"https:\/\/til-tak.no\/wp-content\/uploads\/2021\/03\/TIL-TAK-Light-2021_web.pdf\"><img decoding=\"async\" class=\"alignnone size-medium wp-image-26457\" src=\"https:\/\/til-tak.no\/wp-content\/uploads\/2021\/04\/TIL-TAK-Light-2021-trykk_page-0001-213x300.jpg\" alt=\"\" width=\"213\" height=\"300\" srcset=\"https:\/\/til-tak.no\/wp-content\/uploads\/2021\/04\/TIL-TAK-Light-2021-trykk_page-0001-213x300.jpg 213w, https:\/\/til-tak.no\/wp-content\/uploads\/2021\/04\/TIL-TAK-Light-2021-trykk_page-0001-727x1024.jpg 727w, https:\/\/til-tak.no\/wp-content\/uploads\/2021\/04\/TIL-TAK-Light-2021-trykk_page-0001-768x1081.jpg 768w, https:\/\/til-tak.no\/wp-content\/uploads\/2021\/04\/TIL-TAK-Light-2021-trykk_page-0001-1091x1536.jpg 1091w, https:\/\/til-tak.no\/wp-content\/uploads\/2021\/04\/TIL-TAK-Light-2021-trykk_page-0001-9x12.jpg 9w, https:\/\/til-tak.no\/wp-content\/uploads\/2021\/04\/TIL-TAK-Light-2021-trykk_page-0001-600x845.jpg 600w, https:\/\/til-tak.no\/wp-content\/uploads\/2021\/04\/TIL-TAK-Light-2021-trykk_page-0001.jpg 1262w\" sizes=\"(max-width: 213px) 100vw, 213px\" \/><\/a><\/p>\n"},{"section_title":"Hva har jeg gjort feil dersom det lekker gjennom terrassen etter at TIL-TAK er montert?","section_text":"<p>Svaret p\u00e5 dette kan v\u00e6re s\u00e5 mangt;<\/p>\n<p>Dersom du har montert TIL-TAK Original, er det viktig \u00e5 forsikre seg om at fallet i alle platene er ivaretatt, og at ingen plater b\u00f8yer ned i bakkant. Dersom dette er tilfelle kan det hjelpe \u00e5 st\u00f8tte oppunder plateskj\u00f8ten med en tverrg\u00e5ende lekt, slik at fallet i platen igjen er p\u00e5 plass.<\/p>\n<p>Har du brukt riktig pakningsmasse? Nok pakningsmasse? og pakningsmasse alle de steder det skal v\u00e6re? (<a href=\"https:\/\/til-tak.no\/wp-content\/uploads\/2021\/03\/TIL-TAK-Original-2021_web.pdf\"><strong>se monteringsanvisning<\/strong><\/a>)<\/p>\n<p>For TIL-TAK Light vil det som regel ogs\u00e5 v\u00e6re et sp\u00f8rsm\u00e5l om bruk av pakningsmassen, s\u00e5 v\u00e6r alltid n\u00f8ye med \u00e5 studere <a href=\"https:\/\/til-tak.no\/wp-content\/uploads\/2021\/03\/TIL-TAK-Light-2021_web.pdf\"><strong>monteringsanvisningen<\/strong><\/a> F\u00d8R du begynner \u00e5 montere!<\/p>\n<p>Om du likevel ikke forst\u00e5r hva som har g\u00e5tt galt, s\u00e5 send <a href=\"https:\/\/til-tak.no\/om-oss\/kontakt\/\"><strong>oss<\/strong><\/a> bilder og beskriv s\u00e5 godt det lar seg gj\u00f8re hva som er problemet.<\/p>\n"}],"detaljer":"","documents":false,"videos":false,"title":"","subtitle":"","menu_title":"","menu_img":false,"menu_prod_link":"","menu_montering_link":"","calc_yes":[],"relaterte_innlegg":false},"_links":{"self":[{"href":"https:\/\/til-tak.no\/en\/wp-json\/wp\/v2\/pages\/12396","targetHints":{"allow":["GET"]}}],"collection":[{"href":"https:\/\/til-tak.no\/en\/wp-json\/wp\/v2\/pages"}],"about":[{"href":"https:\/\/til-tak.no\/en\/wp-json\/wp\/v2\/types\/page"}],"author":[{"embeddable":true,"href":"https:\/\/til-tak.no\/en\/wp-json\/wp\/v2\/users\/1"}],"replies":[{"embeddable":true,"href":"https:\/\/til-tak.no\/en\/wp-json\/wp\/v2\/comments?post=12396"}],"version-history":[{"count":0,"href":"https:\/\/til-tak.no\/en\/wp-json\/wp\/v2\/pages\/12396\/revisions"}],"wp:featuredmedia":[{"embeddable":true,"href":"https:\/\/til-tak.no\/en\/wp-json\/wp\/v2\/media\/12397"}],"wp:attachment":[{"href":"https:\/\/til-tak.no\/en\/wp-json\/wp\/v2\/media?parent=12396"}],"wp:term":[{"taxonomy":"category","embeddable":true,"href":"https:\/\/til-tak.no\/en\/wp-json\/wp\/v2\/categories?post=12396"},{"taxonomy":"post_tag","embeddable":true,"href":"https:\/\/til-tak.no\/en\/wp-json\/wp\/v2\/tags?post=12396"}],"curies":[{"name":"wp","href":"https:\/\/api.w.org\/{rel}","templated":true}]}}