{"id":12400,"date":"2020-05-06T11:37:15","date_gmt":"2020-05-06T09:37:15","guid":{"rendered":"https:\/\/til-tak.no\/?page_id=12400"},"modified":"2022-04-06T10:03:46","modified_gmt":"2022-04-06T08:03:46","slug":"trinnlydsplater","status":"publish","type":"page","link":"https:\/\/til-tak.no\/en\/trinnlydsplater","title":{"rendered":"Trinnlydsplater"},"content":{"rendered":"<p>Du b\u00f8r velge svalehaleplater framfor trinnlydsplater<\/p>\n\n\n\n<p><strong><a href=\"https:\/\/snl.no\/trinnlyd\" target=\"_blank\" rel=\"noreferrer noopener\">Trinnlyd<\/a><\/strong> og <strong><a href=\"https:\/\/snl.no\/.search?query=luftlyd\" target=\"_blank\" rel=\"noreferrer noopener\">luftlyd<\/a><\/strong> er vanlige utfordringer i mange byggeprosjekter. Den som tidlig i byggeprosessen tar hensyn til st\u00f8y, allerede ved planlegging av gulvl\u00f8sning, har mye \u00e5 vinne. Tradisjonelt har <strong><a href=\"https:\/\/www.hunton.no\/produkter\/gulv\/hunton-silencio-trinnlydplate\/\" target=\"_blank\" rel=\"noreferrer noopener\">trinnlydsplater<\/a><\/strong> sammen med gips og spon, i forskjellige kombinasjoner v\u00e6rt l\u00f8sningen for \u00e5 dempe for st\u00f8y mot etasjen under.  <\/p>\n\n\n\n<figure class=\"wp-block-gallery has-nested-images columns-default is-cropped wp-block-gallery-1 is-layout-flex wp-block-gallery-is-layout-flex\">\n<figure class=\"wp-block-image size-large\"><a href=\"https:\/\/til-tak.no\/wp-content\/uploads\/2021\/04\/Trinnlydplater01.jpg\"><img decoding=\"async\" width=\"1024\" height=\"544\" data-id=\"24948\" data-src=\"https:\/\/til-tak.no\/wp-content\/uploads\/2021\/04\/Trinnlydplater01-1024x544.jpg\" alt=\"trinnlydsplater\" class=\"wp-image-24948 lazyload\" data-srcset=\"https:\/\/til-tak.no\/wp-content\/uploads\/2021\/04\/Trinnlydplater01-1024x544.jpg 1024w, https:\/\/til-tak.no\/wp-content\/uploads\/2021\/04\/Trinnlydplater01-300x159.jpg 300w, https:\/\/til-tak.no\/wp-content\/uploads\/2021\/04\/Trinnlydplater01-768x408.jpg 768w, https:\/\/til-tak.no\/wp-content\/uploads\/2021\/04\/Trinnlydplater01-16x8.jpg 16w, https:\/\/til-tak.no\/wp-content\/uploads\/2021\/04\/Trinnlydplater01-600x319.jpg 600w, https:\/\/til-tak.no\/wp-content\/uploads\/2021\/04\/Trinnlydplater01.jpg 1043w\" data-sizes=\"(max-width: 1024px) 100vw, 1024px\" src=\"data:image\/gif;base64,R0lGODlhAQABAAAAACH5BAEKAAEALAAAAAABAAEAAAICTAEAOw==\" style=\"--smush-placeholder-width: 1024px; --smush-placeholder-aspect-ratio: 1024\/544;\" \/><\/a><\/figure>\n<\/figure>\n\n\n\n<p><\/p>\n\n\n\n<p>Dette er en kompleks, kostbar og tidkrevende oppbygning.<\/p>\n\n\n\n<p><\/p>\n\n\n\n<p>Velger du <em><strong><a href=\"https:\/\/til-tak.no\/en\/svalehaleplate\/\">DUOFOR svalehaleplater<\/a><\/strong><\/em> med et lett betongdekke p\u00e5 bjelkelag f\u00e5r du et solid gulv som blokkerer for trinnlyd og \u00f8ker f\u00f8lelsen av komfort.  Sammen med trinnlydsremser, og lydhimling fra undersiden, f\u00e5r du en l\u00f8sningen der du lett kan oppn\u00e5 lydklasse B mellom enheter, samtidig som du f\u00e5r sv\u00e6rt gode brannhemmende egenskaper fra oversiden p\u00e5 bjelkelaget. (REI 60) En flytende gulvl\u00f8sning, der det ikke er noen mekanisk forbindelse mellom gulvdekket og den b\u00e6rende konstruksjonen under. Dette er med p\u00e5 \u00e5 gi den beste lydisoleringen som kan oppn\u00e5s i dag mellom etasjer.  <\/p>\n\n\n\n<figure class=\"wp-block-gallery has-nested-images columns-default is-cropped wp-block-gallery-2 is-layout-flex wp-block-gallery-is-layout-flex\">\n<figure class=\"wp-block-image size-large\"><a href=\"https:\/\/til-tak.no\/wp-content\/uploads\/2021\/04\/Prinsipp-svalehaleplater-trinlyd-pa-bjelkelag01.png\"><img decoding=\"async\" width=\"1024\" height=\"474\" data-id=\"24949\" data-src=\"https:\/\/til-tak.no\/wp-content\/uploads\/2021\/04\/Prinsipp-svalehaleplater-trinlyd-pa-bjelkelag01-1024x474.png\" alt=\"trinnlydsplater\" class=\"wp-image-24949 lazyload\" data-srcset=\"https:\/\/til-tak.no\/wp-content\/uploads\/2021\/04\/Prinsipp-svalehaleplater-trinlyd-pa-bjelkelag01-1024x474.png 1024w, https:\/\/til-tak.no\/wp-content\/uploads\/2021\/04\/Prinsipp-svalehaleplater-trinlyd-pa-bjelkelag01-300x139.png 300w, https:\/\/til-tak.no\/wp-content\/uploads\/2021\/04\/Prinsipp-svalehaleplater-trinlyd-pa-bjelkelag01-768x355.png 768w, https:\/\/til-tak.no\/wp-content\/uploads\/2021\/04\/Prinsipp-svalehaleplater-trinlyd-pa-bjelkelag01-1536x711.png 1536w, https:\/\/til-tak.no\/wp-content\/uploads\/2021\/04\/Prinsipp-svalehaleplater-trinlyd-pa-bjelkelag01-16x7.png 16w, https:\/\/til-tak.no\/wp-content\/uploads\/2021\/04\/Prinsipp-svalehaleplater-trinlyd-pa-bjelkelag01-600x278.png 600w, https:\/\/til-tak.no\/wp-content\/uploads\/2021\/04\/Prinsipp-svalehaleplater-trinlyd-pa-bjelkelag01.png 1920w\" data-sizes=\"(max-width: 1024px) 100vw, 1024px\" src=\"data:image\/gif;base64,R0lGODlhAQABAAAAACH5BAEKAAEALAAAAAABAAEAAAICTAEAOw==\" style=\"--smush-placeholder-width: 1024px; --smush-placeholder-aspect-ratio: 1024\/474;\" \/><\/a><\/figure>\n<\/figure>\n\n\n\n<h2 class=\"wp-block-heading\">Svalehaleplater for alle rom<\/h2>\n\n\n\n<p>Svalehaleplater egner seg godt for alle rom i huset. Det vil si baderom og v\u00e5trom, s\u00e5 vel som soverommet eller stuen. De kan brukes i alle typer rom der det ville v\u00e6re naturlig \u00e5 bruke trinnlydsplater. Den stor forskjellen er graden av lyddemping du vil oppn\u00e5. Denne er vesentlig bedre med svalehaleplater!<\/p>\n\n\n\n<p><\/p>\n\n\n\n<p>Alle de store byggevarekjedene i Norge f\u00f8rer svalehaleplate, og har god kjennskap til produktene fra TIL-TAK. Ta kontakt med din n\u00e6rmeste forhandler for r\u00e5d og tips.  <\/p>\n\n\n\n<div class=\"wp-block-buttons is-layout-flex wp-block-buttons-is-layout-flex\">\n<div class=\"wp-block-button\"><a class=\"wp-block-button__link\" href=\"https:\/\/til-tak.no\/wp-content\/uploads\/2021\/11\/Duofor-Brosjyre-2021-web.pdf\" target=\"_blank\" rel=\"noreferrer noopener\">Se Brosjyre<\/a><\/div>\n\n\n\n<div class=\"wp-block-button\"><a class=\"wp-block-button__link\" href=\"https:\/\/til-tak.no\/wp-content\/uploads\/2021\/11\/Monteringsanvisning-Duofor2021-web.pdf\" target=\"_blank\" rel=\"noreferrer noopener\">Eller les Monteringsanvisning<\/a><\/div>\n<\/div>\n\n\n\n<p><\/p>","protected":false},"excerpt":{"rendered":"<p>Du b\u00f8r velge svalehaleplater framfor trinnlydsplater Trinnlyd og luftlyd er vanlige utfordringer i mange byggeprosjekter. Den som tidlig i byggeprosessen tar hensyn til st\u00f8y, allerede ved planlegging av gulvl\u00f8sning, har mye \u00e5 vinne. Tradisjonelt har trinnlydsplater sammen med gips og spon, i forskjellige kombinasjoner v\u00e6rt l\u00f8sningen for \u00e5 dempe for st\u00f8y mot etasjen under. Dette [&hellip;]<\/p>\n","protected":false},"author":1,"featured_media":24728,"parent":0,"menu_order":0,"comment_status":"closed","ping_status":"closed","template":"page-templates\/template-restec-single-page.php","meta":{"_acf_changed":false,"footnotes":""},"categories":[],"tags":[],"class_list":["post-12400","page","type-page","status-publish","has-post-thumbnail","hentry"],"yoast_head":"<!-- This site is optimized with the Yoast SEO Premium plugin v20.6 (Yoast SEO v27.2) - https:\/\/yoast.com\/product\/yoast-seo-premium-wordpress\/ -->\n<title>TIL-TAK | Velg svalehaleplater framfor trinnlydsplater<\/title>\n<meta name=\"description\" content=\"Velg svalehaleplater med lett betongdekke p\u00e5 bjelkelag framfor trinnlydsplater. Du f\u00e5r et gulv med hard finish som blokkerer for trinnlyd.\" \/>\n<meta name=\"robots\" content=\"index, follow, max-snippet:-1, max-image-preview:large, max-video-preview:-1\" \/>\n<link rel=\"canonical\" href=\"https:\/\/til-tak.no\/en\/trinnlydsplater\/\" \/>\n<meta name=\"twitter:label1\" content=\"Estimated reading time\" \/>\n\t<meta name=\"twitter:data1\" content=\"2 minutes\" \/>\n<script type=\"application\/ld+json\" class=\"yoast-schema-graph\">{\"@context\":\"https:\/\/schema.org\",\"@graph\":[{\"@type\":\"WebPage\",\"@id\":\"https:\/\/til-tak.no\/trinnlydsplater\/\",\"url\":\"https:\/\/til-tak.no\/trinnlydsplater\/\",\"name\":\"TIL-TAK | Velg svalehaleplater framfor trinnlydsplater\",\"isPartOf\":{\"@id\":\"https:\/\/til-tak.no\/#website\"},\"primaryImageOfPage\":{\"@id\":\"https:\/\/til-tak.no\/trinnlydsplater\/#primaryimage\"},\"image\":{\"@id\":\"https:\/\/til-tak.no\/trinnlydsplater\/#primaryimage\"},\"thumbnailUrl\":\"https:\/\/til-tak.no\/wp-content\/uploads\/2021\/03\/Betong-og-plater-pa-trinnlyd03.png\",\"datePublished\":\"2020-05-06T09:37:15+00:00\",\"dateModified\":\"2022-04-06T08:03:46+00:00\",\"description\":\"Velg svalehaleplater med lett betongdekke p\u00e5 bjelkelag framfor trinnlydsplater. Du f\u00e5r et gulv med hard finish som blokkerer for trinnlyd.\",\"breadcrumb\":{\"@id\":\"https:\/\/til-tak.no\/trinnlydsplater\/#breadcrumb\"},\"inLanguage\":\"en-GB\",\"potentialAction\":[{\"@type\":\"ReadAction\",\"target\":[\"https:\/\/til-tak.no\/trinnlydsplater\/\"]}]},{\"@type\":\"ImageObject\",\"inLanguage\":\"en-GB\",\"@id\":\"https:\/\/til-tak.no\/trinnlydsplater\/#primaryimage\",\"url\":\"https:\/\/til-tak.no\/wp-content\/uploads\/2021\/03\/Betong-og-plater-pa-trinnlyd03.png\",\"contentUrl\":\"https:\/\/til-tak.no\/wp-content\/uploads\/2021\/03\/Betong-og-plater-pa-trinnlyd03.png\",\"width\":1920,\"height\":1058,\"caption\":\"brann og lydskille\"},{\"@type\":\"BreadcrumbList\",\"@id\":\"https:\/\/til-tak.no\/trinnlydsplater\/#breadcrumb\",\"itemListElement\":[{\"@type\":\"ListItem\",\"position\":1,\"name\":\"Hjem\",\"item\":\"https:\/\/til-tak.no\/\"},{\"@type\":\"ListItem\",\"position\":2,\"name\":\"Trinnlydsplater\"}]},{\"@type\":\"WebSite\",\"@id\":\"https:\/\/til-tak.no\/#website\",\"url\":\"https:\/\/til-tak.no\/\",\"name\":\"TIL-TAK\",\"description\":\"TIL-TAK | 100% tett Dreneringssystem for Terrassegulv\",\"publisher\":{\"@id\":\"https:\/\/til-tak.no\/#organization\"},\"potentialAction\":[{\"@type\":\"SearchAction\",\"target\":{\"@type\":\"EntryPoint\",\"urlTemplate\":\"https:\/\/til-tak.no\/?s={search_term_string}\"},\"query-input\":{\"@type\":\"PropertyValueSpecification\",\"valueRequired\":true,\"valueName\":\"search_term_string\"}}],\"inLanguage\":\"en-GB\"},{\"@type\":\"Organization\",\"@id\":\"https:\/\/til-tak.no\/#organization\",\"name\":\"TIL-TAK AS\",\"url\":\"https:\/\/til-tak.no\/\",\"logo\":{\"@type\":\"ImageObject\",\"inLanguage\":\"en-GB\",\"@id\":\"https:\/\/til-tak.no\/#\/schema\/logo\/image\/\",\"url\":\"https:\/\/til-tak.no\/wp-content\/uploads\/2023\/02\/til-tak-logo-transparent1.png\",\"contentUrl\":\"https:\/\/til-tak.no\/wp-content\/uploads\/2023\/02\/til-tak-logo-transparent1.png\",\"width\":1027,\"height\":504,\"caption\":\"TIL-TAK AS\"},\"image\":{\"@id\":\"https:\/\/til-tak.no\/#\/schema\/logo\/image\/\"},\"sameAs\":[\"https:\/\/www.facebook.com\/tiltak.as\"]}]}<\/script>\n<!-- \/ Yoast SEO Premium plugin. -->","yoast_head_json":{"title":"TIL-TAK | Velg svalehaleplater framfor trinnlydsplater","description":"Velg svalehaleplater med lett betongdekke p\u00e5 bjelkelag framfor trinnlydsplater. Du f\u00e5r et gulv med hard finish som blokkerer for trinnlyd.","robots":{"index":"index","follow":"follow","max-snippet":"max-snippet:-1","max-image-preview":"max-image-preview:large","max-video-preview":"max-video-preview:-1"},"canonical":"https:\/\/til-tak.no\/en\/trinnlydsplater\/","twitter_misc":{"Estimated reading time":"2 minutes"},"schema":{"@context":"https:\/\/schema.org","@graph":[{"@type":"WebPage","@id":"https:\/\/til-tak.no\/trinnlydsplater\/","url":"https:\/\/til-tak.no\/trinnlydsplater\/","name":"TIL-TAK | Velg svalehaleplater framfor trinnlydsplater","isPartOf":{"@id":"https:\/\/til-tak.no\/#website"},"primaryImageOfPage":{"@id":"https:\/\/til-tak.no\/trinnlydsplater\/#primaryimage"},"image":{"@id":"https:\/\/til-tak.no\/trinnlydsplater\/#primaryimage"},"thumbnailUrl":"https:\/\/til-tak.no\/wp-content\/uploads\/2021\/03\/Betong-og-plater-pa-trinnlyd03.png","datePublished":"2020-05-06T09:37:15+00:00","dateModified":"2022-04-06T08:03:46+00:00","description":"Velg svalehaleplater med lett betongdekke p\u00e5 bjelkelag framfor trinnlydsplater. Du f\u00e5r et gulv med hard finish som blokkerer for trinnlyd.","breadcrumb":{"@id":"https:\/\/til-tak.no\/trinnlydsplater\/#breadcrumb"},"inLanguage":"en-GB","potentialAction":[{"@type":"ReadAction","target":["https:\/\/til-tak.no\/trinnlydsplater\/"]}]},{"@type":"ImageObject","inLanguage":"en-GB","@id":"https:\/\/til-tak.no\/trinnlydsplater\/#primaryimage","url":"https:\/\/til-tak.no\/wp-content\/uploads\/2021\/03\/Betong-og-plater-pa-trinnlyd03.png","contentUrl":"https:\/\/til-tak.no\/wp-content\/uploads\/2021\/03\/Betong-og-plater-pa-trinnlyd03.png","width":1920,"height":1058,"caption":"brann og lydskille"},{"@type":"BreadcrumbList","@id":"https:\/\/til-tak.no\/trinnlydsplater\/#breadcrumb","itemListElement":[{"@type":"ListItem","position":1,"name":"Hjem","item":"https:\/\/til-tak.no\/"},{"@type":"ListItem","position":2,"name":"Trinnlydsplater"}]},{"@type":"WebSite","@id":"https:\/\/til-tak.no\/#website","url":"https:\/\/til-tak.no\/","name":"TIL-TAK","description":"TIL-TAK | 100% tett Dreneringssystem for Terrassegulv","publisher":{"@id":"https:\/\/til-tak.no\/#organization"},"potentialAction":[{"@type":"SearchAction","target":{"@type":"EntryPoint","urlTemplate":"https:\/\/til-tak.no\/?s={search_term_string}"},"query-input":{"@type":"PropertyValueSpecification","valueRequired":true,"valueName":"search_term_string"}}],"inLanguage":"en-GB"},{"@type":"Organization","@id":"https:\/\/til-tak.no\/#organization","name":"TIL-TAK AS","url":"https:\/\/til-tak.no\/","logo":{"@type":"ImageObject","inLanguage":"en-GB","@id":"https:\/\/til-tak.no\/#\/schema\/logo\/image\/","url":"https:\/\/til-tak.no\/wp-content\/uploads\/2023\/02\/til-tak-logo-transparent1.png","contentUrl":"https:\/\/til-tak.no\/wp-content\/uploads\/2023\/02\/til-tak-logo-transparent1.png","width":1027,"height":504,"caption":"TIL-TAK AS"},"image":{"@id":"https:\/\/til-tak.no\/#\/schema\/logo\/image\/"},"sameAs":["https:\/\/www.facebook.com\/tiltak.as"]}]}},"acf":{"accordion_title":"OFTE STILTE SP\u00d8RSM\u00c5L","accordion_sectoin":[{"section_title":"Hvorfor burde jeg velge svalehaleplater framfor trinnlydsplater?","section_text":"<p>DUOFOR svalehaleplater gj\u00f8r det enkelt \u00e5 bygge lette, r\u00e5sterke betonggulv p\u00e5 bjelkelag. N\u00e5r svalehaleplatene monteres som et flytende gulv p\u00e5 trinnlydstrimler, oppn\u00e5s en meget god lyddempende effekt. Svalehaleplaten blir en del av konstruksjonen. I mange tilfeller kan den styrke eksiterende konstruksjon med opptil 30%.<\/p>\n<p>Kostnadsmessig er svalehaleplaten p\u00e5 samme prisniv\u00e5 som tilsvarende l\u00f8sning med 2 lag spon, 2 lag gips og trinnlydsplater. Til gjengjeld har TIL-TAK sin svalehalsplate flere klare fordeler. I tillegg til store besparelser i monteringsarbeidet f\u00e5r du kortere byggetid, lavere byggeh\u00f8yde, enkle arbeidsoperasjoner, lydklasse B mellom enheter og brannklasse REI 60. Med andre ord \u2013 her er det flere gode grunner til \u00e5 tenke annerledes enn tradisjonelle trinnlydsplater.<\/p>\n"},{"section_title":"Er det noen rom som er bedre egnet for svalehaleplater?","section_text":"<p>Svalehaleplater egner seg godt for alle rom i huset. Det vil si baderom og v\u00e5trom, s\u00e5 vel som soverommet eller stuen. De kan brukes i alle typer rom der det ville v\u00e6re naturlig \u00e5 bruke trinnlydsplater. Den stor forskjellen er graden av lyddemping du vil oppn\u00e5. Denne er vesentlig bedre med svalehaleplater!<\/p>\n"},{"section_title":"Er det noe jeg m\u00e5 huske p\u00e5 f\u00f8r montering?","section_text":"<p>F\u00f8r montering er det greit \u00e5 vite et par ting. Rockwool kantisolering legges langs alle yttervegger og mot alle kanter (Piper, b\u00e6revegger osv). Denne danner en brannsikker og fleksibel fuge mot vegger. Profilretningen skal legges vinkelrett p\u00e5 bjelkelaget, tydelig merking av svaleplatene gj\u00f8r det enkelt \u00e5 koble platene sammen. Platene legges og blir en del av konstruksjonen, festes med <a href=\"https:\/\/www.viivilla.no\/bygging\/verktoy\/spiker-skruer-og-bor\/\"><strong>kamspiker<\/strong><\/a> eller skruer til underlaget og danner et meget stabilt underlag.<\/p>\n<p>Ved installasjon av gulvvarme m\u00e5 du ogs\u00e5 huske p\u00e5 at gulvvarmer\u00f8r skal monteres p\u00e5 tvers av profilretningen, og at det skal v\u00e6re minimum 20 mm betong over varmer\u00f8rene.<\/p>\n<p>Les mer om <strong><a href=\"https:\/\/til-tak.no\/wp-content\/uploads\/2021\/03\/Monteringsanvisning-Duofor2021-web.pdf\">montering<\/a><\/strong> p\u00e5 v\u00e5re nettsider, der vil du ogs\u00e5 finne <strong><a href=\"https:\/\/www.youtube.com\/watch?v=-FJqbqbSfuY&amp;t=1s&amp;ab_channel=BYG-DET.TVTlf.%3A30113614\">instruksjonsvideoer<\/a><\/strong> som kan hjelpe deg godt p\u00e5 vei i jobben.<\/p>\n"},{"section_title":"Hva er minste gulvtykkelse for svalehaleplater?","section_text":"<p>Minste mm-tykkelse for gulv (Plate + betong i alt):<br \/>\nStandardgulv i bolig: 16 + 20 mm = ca. 36 mm<br \/>\nStandardgulv i n\u00e6ringsbygg: 16 + 30 mm = ca. 46 mm<br \/>\nLydisolerende 10 + 16 + 34 mm = ca. 60 mm<br \/>\nGulvvarmer\u00f8r 16 + 20 + 20 mm = ca. 56 mm<\/p>\n"}],"detaljer":"","documents":false,"videos":false,"title":"","subtitle":"","menu_title":"","menu_img":false,"menu_prod_link":"","menu_montering_link":"","calc_yes":[],"relaterte_innlegg":false},"_links":{"self":[{"href":"https:\/\/til-tak.no\/en\/wp-json\/wp\/v2\/pages\/12400","targetHints":{"allow":["GET"]}}],"collection":[{"href":"https:\/\/til-tak.no\/en\/wp-json\/wp\/v2\/pages"}],"about":[{"href":"https:\/\/til-tak.no\/en\/wp-json\/wp\/v2\/types\/page"}],"author":[{"embeddable":true,"href":"https:\/\/til-tak.no\/en\/wp-json\/wp\/v2\/users\/1"}],"replies":[{"embeddable":true,"href":"https:\/\/til-tak.no\/en\/wp-json\/wp\/v2\/comments?post=12400"}],"version-history":[{"count":0,"href":"https:\/\/til-tak.no\/en\/wp-json\/wp\/v2\/pages\/12400\/revisions"}],"wp:featuredmedia":[{"embeddable":true,"href":"https:\/\/til-tak.no\/en\/wp-json\/wp\/v2\/media\/24728"}],"wp:attachment":[{"href":"https:\/\/til-tak.no\/en\/wp-json\/wp\/v2\/media?parent=12400"}],"wp:term":[{"taxonomy":"category","embeddable":true,"href":"https:\/\/til-tak.no\/en\/wp-json\/wp\/v2\/categories?post=12400"},{"taxonomy":"post_tag","embeddable":true,"href":"https:\/\/til-tak.no\/en\/wp-json\/wp\/v2\/tags?post=12400"}],"curies":[{"name":"wp","href":"https:\/\/api.w.org\/{rel}","templated":true}]}}