{"id":12406,"date":"2020-05-06T11:40:48","date_gmt":"2020-05-06T09:40:48","guid":{"rendered":"https:\/\/til-tak.no\/?page_id=12406"},"modified":"2022-04-06T10:38:31","modified_gmt":"2022-04-06T08:38:31","slug":"utnytte-plassen-du-allerede-har","status":"publish","type":"page","link":"https:\/\/til-tak.no\/en\/utnytte-plassen-under-terrassen","title":{"rendered":"Utnytte plassen under terrassen!"},"content":{"rendered":"<p>Planer om \u00e5 utnytte plassen under terrassen? Her har du allerede et bebygget areal p\u00e5 tomten som kan gi mer avkastnig.<\/p>\n\n\n\n<div class=\"wp-block-group\"><div class=\"wp-block-group__inner-container is-layout-flow wp-block-group-is-layout-flow\">\n<figure class=\"wp-block-gallery has-nested-images columns-default is-cropped wp-block-gallery-1 is-layout-flex wp-block-gallery-is-layout-flex\">\n<figure class=\"wp-block-image size-large\"><img decoding=\"async\" width=\"1024\" height=\"683\" data-id=\"24366\" data-src=\"https:\/\/til-tak.no\/wp-content\/uploads\/2021\/03\/455fc796-76c2-4e80-94f6-afaff5e4f0d0-1024x683.png\" alt=\"\" class=\"wp-image-24366 lazyload\" data-srcset=\"https:\/\/til-tak.no\/wp-content\/uploads\/2021\/03\/455fc796-76c2-4e80-94f6-afaff5e4f0d0-1024x683.png 1024w, https:\/\/til-tak.no\/wp-content\/uploads\/2021\/03\/455fc796-76c2-4e80-94f6-afaff5e4f0d0-300x200.png 300w, https:\/\/til-tak.no\/wp-content\/uploads\/2021\/03\/455fc796-76c2-4e80-94f6-afaff5e4f0d0-768x512.png 768w, https:\/\/til-tak.no\/wp-content\/uploads\/2021\/03\/455fc796-76c2-4e80-94f6-afaff5e4f0d0-1536x1024.png 1536w, https:\/\/til-tak.no\/wp-content\/uploads\/2021\/03\/455fc796-76c2-4e80-94f6-afaff5e4f0d0-16x12-1.jpg 16w, https:\/\/til-tak.no\/wp-content\/uploads\/2021\/03\/455fc796-76c2-4e80-94f6-afaff5e4f0d0-600x400.png 600w, https:\/\/til-tak.no\/wp-content\/uploads\/2021\/03\/455fc796-76c2-4e80-94f6-afaff5e4f0d0.jpg 1800w\" data-sizes=\"(max-width: 1024px) 100vw, 1024px\" src=\"data:image\/gif;base64,R0lGODlhAQABAAAAACH5BAEKAAEALAAAAAABAAEAAAICTAEAOw==\" style=\"--smush-placeholder-width: 1024px; --smush-placeholder-aspect-ratio: 1024\/683;\" \/><\/figure>\n\n\n\n<figure class=\"wp-block-image size-large\"><a href=\"https:\/\/til-tak.no\/wp-content\/uploads\/2021\/02\/Beregningskalkulator-Original04-scaled.jpg\"><img decoding=\"async\" width=\"1024\" height=\"684\" data-id=\"23709\" data-src=\"https:\/\/til-tak.no\/wp-content\/uploads\/2021\/02\/Beregningskalkulator-Original04-1024x684.jpg\" alt=\"\" class=\"wp-image-23709 lazyload\" data-srcset=\"https:\/\/til-tak.no\/wp-content\/uploads\/2021\/02\/Beregningskalkulator-Original04-1024x684.jpg 1024w, https:\/\/til-tak.no\/wp-content\/uploads\/2021\/02\/Beregningskalkulator-Original04-300x200.jpg 300w, https:\/\/til-tak.no\/wp-content\/uploads\/2021\/02\/Beregningskalkulator-Original04-768x513.jpg 768w, https:\/\/til-tak.no\/wp-content\/uploads\/2021\/02\/Beregningskalkulator-Original04-1536x1025.jpg 1536w, https:\/\/til-tak.no\/wp-content\/uploads\/2021\/02\/Beregningskalkulator-Original04-2048x1367.jpg 2048w, https:\/\/til-tak.no\/wp-content\/uploads\/2021\/02\/Beregningskalkulator-Original04-16x12.jpg 16w, https:\/\/til-tak.no\/wp-content\/uploads\/2021\/02\/Beregningskalkulator-Original04-600x401.jpg 600w, https:\/\/til-tak.no\/wp-content\/uploads\/2021\/02\/Beregningskalkulator-Original04-scaled.jpg 1920w\" data-sizes=\"(max-width: 1024px) 100vw, 1024px\" src=\"data:image\/gif;base64,R0lGODlhAQABAAAAACH5BAEKAAEALAAAAAABAAEAAAICTAEAOw==\" style=\"--smush-placeholder-width: 1024px; --smush-placeholder-aspect-ratio: 1024\/684;\" \/><\/a><\/figure>\n\n\n\n<figure class=\"wp-block-image size-large\"><a href=\"https:\/\/til-tak.no\/wp-content\/uploads\/2021\/04\/Justeringsplate14.png\"><img decoding=\"async\" width=\"1024\" height=\"471\" data-id=\"26546\" data-src=\"https:\/\/til-tak.no\/wp-content\/uploads\/2021\/04\/Justeringsplate14-1024x471.png\" alt=\"\" class=\"wp-image-26546 lazyload\" data-srcset=\"https:\/\/til-tak.no\/wp-content\/uploads\/2021\/04\/Justeringsplate14-1024x471.png 1024w, https:\/\/til-tak.no\/wp-content\/uploads\/2021\/04\/Justeringsplate14-300x138.png 300w, https:\/\/til-tak.no\/wp-content\/uploads\/2021\/04\/Justeringsplate14-768x353.png 768w, https:\/\/til-tak.no\/wp-content\/uploads\/2021\/04\/Justeringsplate14-1536x706.png 1536w, https:\/\/til-tak.no\/wp-content\/uploads\/2021\/04\/Justeringsplate14-2048x941.png 2048w, https:\/\/til-tak.no\/wp-content\/uploads\/2021\/04\/Justeringsplate14-16x7.png 16w, https:\/\/til-tak.no\/wp-content\/uploads\/2021\/04\/Justeringsplate14-600x276.png 600w, https:\/\/til-tak.no\/wp-content\/uploads\/2021\/04\/Justeringsplate14.png 1920w\" data-sizes=\"(max-width: 1024px) 100vw, 1024px\" src=\"data:image\/gif;base64,R0lGODlhAQABAAAAACH5BAEKAAEALAAAAAABAAEAAAICTAEAOw==\" style=\"--smush-placeholder-width: 1024px; --smush-placeholder-aspect-ratio: 1024\/471;\" \/><\/a><\/figure>\n<\/figure>\n<\/div><\/div>\n\n\n\n<p>Sitter du med tanker om \u00e5 skape en trivelig uteplass til sommeren? Plassen under terrassen er ofte et ubrukt potensiale som bare venter p\u00e5 din kreative energi. Her kan du lage en lun og t\u00f8rr oase for hygge og kos med familie og venner. Eller du kan endelig f\u00e5 utvidet kapasiteten til den s\u00e5rt trengte lagringsplassen for diverse utstyr og ved. <\/p>\n\n\n\n<figure class=\"wp-block-gallery has-nested-images columns-default is-cropped wp-block-gallery-2 is-layout-flex wp-block-gallery-is-layout-flex\">\n<figure class=\"wp-block-image size-large\"><a href=\"https:\/\/til-tak.no\/wp-content\/uploads\/2020\/04\/Etterbilde_terrasse_3.png\"><img decoding=\"async\" width=\"446\" height=\"376\" data-id=\"12031\" data-src=\"https:\/\/til-tak.no\/wp-content\/uploads\/2020\/04\/Etterbilde_terrasse_3.png\" alt=\"\" class=\"wp-image-12031 lazyload\" data-srcset=\"https:\/\/til-tak.no\/wp-content\/uploads\/2020\/04\/Etterbilde_terrasse_3.png 446w, https:\/\/til-tak.no\/wp-content\/uploads\/2020\/04\/Etterbilde_terrasse_3-300x253.png 300w\" data-sizes=\"(max-width: 446px) 100vw, 446px\" src=\"data:image\/gif;base64,R0lGODlhAQABAAAAACH5BAEKAAEALAAAAAABAAEAAAICTAEAOw==\" style=\"--smush-placeholder-width: 446px; --smush-placeholder-aspect-ratio: 446\/376;\" \/><\/a><\/figure>\n\n\n\n<figure class=\"wp-block-image size-large\"><a href=\"https:\/\/til-tak.no\/wp-content\/uploads\/2020\/04\/Etterbilde_terrasse_2.png\"><img decoding=\"async\" width=\"446\" height=\"376\" data-id=\"12030\" data-src=\"https:\/\/til-tak.no\/wp-content\/uploads\/2020\/04\/Etterbilde_terrasse_2.png\" alt=\"\" class=\"wp-image-12030 lazyload\" data-srcset=\"https:\/\/til-tak.no\/wp-content\/uploads\/2020\/04\/Etterbilde_terrasse_2.png 446w, https:\/\/til-tak.no\/wp-content\/uploads\/2020\/04\/Etterbilde_terrasse_2-300x253.png 300w\" data-sizes=\"(max-width: 446px) 100vw, 446px\" src=\"data:image\/gif;base64,R0lGODlhAQABAAAAACH5BAEKAAEALAAAAAABAAEAAAICTAEAOw==\" style=\"--smush-placeholder-width: 446px; --smush-placeholder-aspect-ratio: 446\/376;\" \/><\/a><\/figure>\n\n\n\n<figure class=\"wp-block-image size-large\"><a href=\"https:\/\/til-tak.no\/wp-content\/uploads\/2020\/04\/Etterbilde_terrasse.png\"><img decoding=\"async\" width=\"446\" height=\"376\" data-id=\"12029\" data-src=\"https:\/\/til-tak.no\/wp-content\/uploads\/2020\/04\/Etterbilde_terrasse.png\" alt=\"\" class=\"wp-image-12029 lazyload\" data-srcset=\"https:\/\/til-tak.no\/wp-content\/uploads\/2020\/04\/Etterbilde_terrasse.png 446w, https:\/\/til-tak.no\/wp-content\/uploads\/2020\/04\/Etterbilde_terrasse-300x253.png 300w\" data-sizes=\"(max-width: 446px) 100vw, 446px\" src=\"data:image\/gif;base64,R0lGODlhAQABAAAAACH5BAEKAAEALAAAAAABAAEAAAICTAEAOw==\" style=\"--smush-placeholder-width: 446px; --smush-placeholder-aspect-ratio: 446\/376;\" \/><\/a><\/figure>\n<\/figure>\n\n\n\n<p>Det finnes mange alternativer p\u00e5 markedet for bygging av tak over en  terrasse. Det unike med produktene fra TIL-TAK er at du enkelt kan utnytte plassen du har <strong>UNDER<\/strong> terrassen!  Og dette kan gj\u00f8res  p\u00e5 en kostnadseffektiv m\u00e5te. <\/p>\n\n\n\n<p>Noe som er viktig n\u00e5r du bygger et tak er \u00e5 sikre at det blir<strong> tett!<\/strong> TIL-TAK Light , en solid armert pvc-duk,  monteres direkte p\u00e5 eksisterende terrasse. Dreneringssystemene for terrassegulv gir deg et 100% tett tak over plassen under under terrassen. Dreneringssystemet kan med fordel kombineres med takrenne og terrassebeslag, slik  at vann ledes sikkert bort fra husvegg og videre ned i grunn. <\/p>\n\n\n\n<h2 class=\"wp-block-heading\">Du kan slippe \u00e5 bygge nytt, ved \u00e5 utnytte plassen du allerede har<\/h2>\n\n\n\n<p>Kan hende du tenker p\u00e5 \u00e5 bygge et anneks eller en <strong><a href=\"https:\/\/sommerbutikken.no\/redskapsbod-saga-15-2.html\">redskapsbod<\/a><\/strong>? Ved \u00e5 ta i bruk arealet under terrassen kan du unng\u00e5 \u00e5 bruke mer av utnyttelsesgraden p\u00e5 tomta.<\/p>\n\n\n\n<p>F\u00f8lger du v\u00e5re <strong><em><a href=\"https:\/\/til-tak.no\/wp-content\/uploads\/2021\/03\/TIL-TAK-Light-2021_web.pdf\">instruksjoner<\/a><\/em><\/strong>, som ogs\u00e5 er tilgjengelig p\u00e5 <strong><em><a href=\"https:\/\/www.youtube.com\/watch?v=z-8t7JO2io0&amp;t=1s&amp;ab_channel=TIL-TAKAS\">video<\/a><\/em><\/strong> her p\u00e5 v\u00e5r nettside, vil det v\u00e6re enkelt \u00e5 fullf\u00f8re jobben uten behov for assistanse. <\/p>\n\n\n\n<p>Les mer om fordelene ved v\u00e5re produkter p\u00e5 v\u00e5re <a href=\"https:\/\/til-tak.no\/en\/\"><strong><em>nettsider<\/em><\/strong><\/a>, eller ta kontakt med ditt n\u00e6rmeste byggevarehus. V\u00e5re produkter f\u00f8res av alle de st\u00f8rste byggevarehusene i Norge. <\/p>","protected":false},"excerpt":{"rendered":"<p>Planer om \u00e5 utnytte plassen under terrassen? Her har du allerede et bebygget areal p\u00e5 tomten som kan gi mer avkastnig. Sitter du med tanker om \u00e5 skape en trivelig uteplass til sommeren? Plassen under terrassen er ofte et ubrukt potensiale som bare venter p\u00e5 din kreative energi. Her kan du lage en lun og [&hellip;]<\/p>\n","protected":false},"author":1,"featured_media":12409,"parent":0,"menu_order":0,"comment_status":"closed","ping_status":"closed","template":"page-templates\/template-restec-single-page.php","meta":{"_acf_changed":false,"footnotes":""},"categories":[],"tags":[],"class_list":["post-12406","page","type-page","status-publish","has-post-thumbnail","hentry"],"yoast_head":"<!-- This site is optimized with the Yoast SEO Premium plugin v20.6 (Yoast SEO v27.2) - https:\/\/yoast.com\/product\/yoast-seo-premium-wordpress\/ -->\n<title>Utnytte plassen du allerede har! - TIL-TAK Original eller TIL-TAK Light<\/title>\n<meta name=\"description\" content=\"Med TIL-TAK p\u00e5 plass kan du enkelt utnytte plassen du allerede har, p\u00e5 en kostnadseffektiv m\u00e5te. Bestill ditt dreneringssystem i dag!\" \/>\n<meta name=\"robots\" content=\"index, follow, max-snippet:-1, max-image-preview:large, max-video-preview:-1\" \/>\n<link rel=\"canonical\" href=\"https:\/\/til-tak.no\/en\/utnytte-plassen-under-terrassen\/\" \/>\n<meta name=\"twitter:label1\" content=\"Estimated reading time\" \/>\n\t<meta name=\"twitter:data1\" content=\"3 minutes\" \/>\n<script type=\"application\/ld+json\" class=\"yoast-schema-graph\">{\"@context\":\"https:\/\/schema.org\",\"@graph\":[{\"@type\":\"WebPage\",\"@id\":\"https:\/\/til-tak.no\/utnytte-plassen-under-terrassen\/\",\"url\":\"https:\/\/til-tak.no\/utnytte-plassen-under-terrassen\/\",\"name\":\"Utnytte plassen du allerede har! - TIL-TAK Original eller TIL-TAK Light\",\"isPartOf\":{\"@id\":\"https:\/\/til-tak.no\/#website\"},\"primaryImageOfPage\":{\"@id\":\"https:\/\/til-tak.no\/utnytte-plassen-under-terrassen\/#primaryimage\"},\"image\":{\"@id\":\"https:\/\/til-tak.no\/utnytte-plassen-under-terrassen\/#primaryimage\"},\"thumbnailUrl\":\"https:\/\/til-tak.no\/wp-content\/uploads\/2020\/05\/tak-over-terrasse.jpg\",\"datePublished\":\"2020-05-06T09:40:48+00:00\",\"dateModified\":\"2022-04-06T08:38:31+00:00\",\"description\":\"Med TIL-TAK p\u00e5 plass kan du enkelt utnytte plassen du allerede har, p\u00e5 en kostnadseffektiv m\u00e5te. Bestill ditt dreneringssystem i dag!\",\"breadcrumb\":{\"@id\":\"https:\/\/til-tak.no\/utnytte-plassen-under-terrassen\/#breadcrumb\"},\"inLanguage\":\"en-GB\",\"potentialAction\":[{\"@type\":\"ReadAction\",\"target\":[\"https:\/\/til-tak.no\/utnytte-plassen-under-terrassen\/\"]}]},{\"@type\":\"ImageObject\",\"inLanguage\":\"en-GB\",\"@id\":\"https:\/\/til-tak.no\/utnytte-plassen-under-terrassen\/#primaryimage\",\"url\":\"https:\/\/til-tak.no\/wp-content\/uploads\/2020\/05\/tak-over-terrasse.jpg\",\"contentUrl\":\"https:\/\/til-tak.no\/wp-content\/uploads\/2020\/05\/tak-over-terrasse.jpg\",\"width\":1200,\"height\":1332},{\"@type\":\"BreadcrumbList\",\"@id\":\"https:\/\/til-tak.no\/utnytte-plassen-under-terrassen\/#breadcrumb\",\"itemListElement\":[{\"@type\":\"ListItem\",\"position\":1,\"name\":\"Hjem\",\"item\":\"https:\/\/til-tak.no\/\"},{\"@type\":\"ListItem\",\"position\":2,\"name\":\"Utnytte plassen under terrassen!\"}]},{\"@type\":\"WebSite\",\"@id\":\"https:\/\/til-tak.no\/#website\",\"url\":\"https:\/\/til-tak.no\/\",\"name\":\"TIL-TAK\",\"description\":\"TIL-TAK | 100% tett Dreneringssystem for Terrassegulv\",\"publisher\":{\"@id\":\"https:\/\/til-tak.no\/#organization\"},\"potentialAction\":[{\"@type\":\"SearchAction\",\"target\":{\"@type\":\"EntryPoint\",\"urlTemplate\":\"https:\/\/til-tak.no\/?s={search_term_string}\"},\"query-input\":{\"@type\":\"PropertyValueSpecification\",\"valueRequired\":true,\"valueName\":\"search_term_string\"}}],\"inLanguage\":\"en-GB\"},{\"@type\":\"Organization\",\"@id\":\"https:\/\/til-tak.no\/#organization\",\"name\":\"TIL-TAK AS\",\"url\":\"https:\/\/til-tak.no\/\",\"logo\":{\"@type\":\"ImageObject\",\"inLanguage\":\"en-GB\",\"@id\":\"https:\/\/til-tak.no\/#\/schema\/logo\/image\/\",\"url\":\"https:\/\/til-tak.no\/wp-content\/uploads\/2023\/02\/til-tak-logo-transparent1.png\",\"contentUrl\":\"https:\/\/til-tak.no\/wp-content\/uploads\/2023\/02\/til-tak-logo-transparent1.png\",\"width\":1027,\"height\":504,\"caption\":\"TIL-TAK AS\"},\"image\":{\"@id\":\"https:\/\/til-tak.no\/#\/schema\/logo\/image\/\"},\"sameAs\":[\"https:\/\/www.facebook.com\/tiltak.as\"]}]}<\/script>\n<!-- \/ Yoast SEO Premium plugin. -->","yoast_head_json":{"title":"Utnytte plassen du allerede har! - TIL-TAK Original eller TIL-TAK Light","description":"Med TIL-TAK p\u00e5 plass kan du enkelt utnytte plassen du allerede har, p\u00e5 en kostnadseffektiv m\u00e5te. Bestill ditt dreneringssystem i dag!","robots":{"index":"index","follow":"follow","max-snippet":"max-snippet:-1","max-image-preview":"max-image-preview:large","max-video-preview":"max-video-preview:-1"},"canonical":"https:\/\/til-tak.no\/en\/utnytte-plassen-under-terrassen\/","twitter_misc":{"Estimated reading time":"3 minutes"},"schema":{"@context":"https:\/\/schema.org","@graph":[{"@type":"WebPage","@id":"https:\/\/til-tak.no\/utnytte-plassen-under-terrassen\/","url":"https:\/\/til-tak.no\/utnytte-plassen-under-terrassen\/","name":"Utnytte plassen du allerede har! - TIL-TAK Original eller TIL-TAK Light","isPartOf":{"@id":"https:\/\/til-tak.no\/#website"},"primaryImageOfPage":{"@id":"https:\/\/til-tak.no\/utnytte-plassen-under-terrassen\/#primaryimage"},"image":{"@id":"https:\/\/til-tak.no\/utnytte-plassen-under-terrassen\/#primaryimage"},"thumbnailUrl":"https:\/\/til-tak.no\/wp-content\/uploads\/2020\/05\/tak-over-terrasse.jpg","datePublished":"2020-05-06T09:40:48+00:00","dateModified":"2022-04-06T08:38:31+00:00","description":"Med TIL-TAK p\u00e5 plass kan du enkelt utnytte plassen du allerede har, p\u00e5 en kostnadseffektiv m\u00e5te. Bestill ditt dreneringssystem i dag!","breadcrumb":{"@id":"https:\/\/til-tak.no\/utnytte-plassen-under-terrassen\/#breadcrumb"},"inLanguage":"en-GB","potentialAction":[{"@type":"ReadAction","target":["https:\/\/til-tak.no\/utnytte-plassen-under-terrassen\/"]}]},{"@type":"ImageObject","inLanguage":"en-GB","@id":"https:\/\/til-tak.no\/utnytte-plassen-under-terrassen\/#primaryimage","url":"https:\/\/til-tak.no\/wp-content\/uploads\/2020\/05\/tak-over-terrasse.jpg","contentUrl":"https:\/\/til-tak.no\/wp-content\/uploads\/2020\/05\/tak-over-terrasse.jpg","width":1200,"height":1332},{"@type":"BreadcrumbList","@id":"https:\/\/til-tak.no\/utnytte-plassen-under-terrassen\/#breadcrumb","itemListElement":[{"@type":"ListItem","position":1,"name":"Hjem","item":"https:\/\/til-tak.no\/"},{"@type":"ListItem","position":2,"name":"Utnytte plassen under terrassen!"}]},{"@type":"WebSite","@id":"https:\/\/til-tak.no\/#website","url":"https:\/\/til-tak.no\/","name":"TIL-TAK","description":"TIL-TAK | 100% tett Dreneringssystem for Terrassegulv","publisher":{"@id":"https:\/\/til-tak.no\/#organization"},"potentialAction":[{"@type":"SearchAction","target":{"@type":"EntryPoint","urlTemplate":"https:\/\/til-tak.no\/?s={search_term_string}"},"query-input":{"@type":"PropertyValueSpecification","valueRequired":true,"valueName":"search_term_string"}}],"inLanguage":"en-GB"},{"@type":"Organization","@id":"https:\/\/til-tak.no\/#organization","name":"TIL-TAK AS","url":"https:\/\/til-tak.no\/","logo":{"@type":"ImageObject","inLanguage":"en-GB","@id":"https:\/\/til-tak.no\/#\/schema\/logo\/image\/","url":"https:\/\/til-tak.no\/wp-content\/uploads\/2023\/02\/til-tak-logo-transparent1.png","contentUrl":"https:\/\/til-tak.no\/wp-content\/uploads\/2023\/02\/til-tak-logo-transparent1.png","width":1027,"height":504,"caption":"TIL-TAK AS"},"image":{"@id":"https:\/\/til-tak.no\/#\/schema\/logo\/image\/"},"sameAs":["https:\/\/www.facebook.com\/tiltak.as"]}]}},"acf":{"accordion_title":"OFTE STILTE SP\u00d8RSM\u00c5L","accordion_sectoin":[{"section_title":"Kan man kombinere takrenne med TIL-TAK Original og TIL-TAK Light?","section_text":"<p>Svaret er JA! og dette er noe vi sterkt anbefaler. Du kan montere takrenne i etterkant, eller du kan gj\u00f8re dette samtidig som terrassen bygges. Ofte er det enklest \u00e5 feste takrennen i bakkant av forkantbordet, gjerne f\u00f8r dette settes opp.\u00a0 Takrenna blir da mer eller mindre skjult, samtidig som den er med p\u00e5 \u00e5 hindre vind i \u00e5 komme til b\u00e5de duk og plater.\u00a0 <a href=\"https:\/\/til-tak.no\/blog\/2020\/08\/21\/tips-og-triks-01\/\"><strong>Her<\/strong><\/a> kan du se en alternativ m\u00e5te \u00e5 lede vann fra TIL-TAK Original ned i takrenne.<\/p>\n"},{"section_title":"Hvordan kan jeg enklest isolere rommet under terrassen, dersom jeg vil bygge det inn?","section_text":"<p>Det enkleste er \u00e5 bruke v\u00e5re <strong><a href=\"https:\/\/til-tak.no\/blog\/2020\/11\/18\/lavtbyggende-isolering-pa-tak\/\">termPIR\u00ae isolasjonsplater<\/a><\/strong>. Disse monteres rett i underkant av bjelkene, f\u00f8r det lektes ned og en himling kan monteres. Rommet under er n\u00e5 klart til \u00e5 disponeres til det du m\u00e5tte \u00f8nske; Vinterhage, utestue, utekj\u00f8kken, varm bod, eller hva du n\u00e5 m\u00e5tte ha av behov!<\/p>\n<p><img decoding=\"async\" class=\"alignnone size-medium wp-image-26464\" src=\"https:\/\/til-tak.no\/wp-content\/uploads\/2021\/04\/Pir-1200x600x50-3-300x145.jpg\" alt=\"\" width=\"300\" height=\"145\" srcset=\"https:\/\/til-tak.no\/wp-content\/uploads\/2021\/04\/Pir-1200x600x50-3-300x145.jpg 300w, https:\/\/til-tak.no\/wp-content\/uploads\/2021\/04\/Pir-1200x600x50-3-1024x494.jpg 1024w, https:\/\/til-tak.no\/wp-content\/uploads\/2021\/04\/Pir-1200x600x50-3-768x370.jpg 768w, https:\/\/til-tak.no\/wp-content\/uploads\/2021\/04\/Pir-1200x600x50-3-1536x740.jpg 1536w, https:\/\/til-tak.no\/wp-content\/uploads\/2021\/04\/Pir-1200x600x50-3-2048x987.jpg 2048w, https:\/\/til-tak.no\/wp-content\/uploads\/2021\/04\/Pir-1200x600x50-3-16x8.jpg 16w, https:\/\/til-tak.no\/wp-content\/uploads\/2021\/04\/Pir-1200x600x50-3-600x289.jpg 600w, https:\/\/til-tak.no\/wp-content\/uploads\/2021\/04\/Pir-1200x600x50-3-scaled.jpg 1920w\" sizes=\"(max-width: 300px) 100vw, 300px\" \/>\u00a0 \u00a0 <img decoding=\"async\" class=\"alignnone size-medium wp-image-26463\" src=\"https:\/\/til-tak.no\/wp-content\/uploads\/2021\/04\/Bjelkelag-med-600x1200x50-PIR-v2-300x133.jpg\" alt=\"\" width=\"300\" height=\"133\" srcset=\"https:\/\/til-tak.no\/wp-content\/uploads\/2021\/04\/Bjelkelag-med-600x1200x50-PIR-v2-300x133.jpg 300w, https:\/\/til-tak.no\/wp-content\/uploads\/2021\/04\/Bjelkelag-med-600x1200x50-PIR-v2-1024x455.jpg 1024w, https:\/\/til-tak.no\/wp-content\/uploads\/2021\/04\/Bjelkelag-med-600x1200x50-PIR-v2-768x341.jpg 768w, https:\/\/til-tak.no\/wp-content\/uploads\/2021\/04\/Bjelkelag-med-600x1200x50-PIR-v2-1536x682.jpg 1536w, https:\/\/til-tak.no\/wp-content\/uploads\/2021\/04\/Bjelkelag-med-600x1200x50-PIR-v2-2048x910.jpg 2048w, https:\/\/til-tak.no\/wp-content\/uploads\/2021\/04\/Bjelkelag-med-600x1200x50-PIR-v2-16x7.jpg 16w, https:\/\/til-tak.no\/wp-content\/uploads\/2021\/04\/Bjelkelag-med-600x1200x50-PIR-v2-600x267.jpg 600w, https:\/\/til-tak.no\/wp-content\/uploads\/2021\/04\/Bjelkelag-med-600x1200x50-PIR-v2-scaled.jpg 1920w\" sizes=\"(max-width: 300px) 100vw, 300px\" \/><\/p>\n"}],"detaljer":"","documents":false,"videos":false,"title":"","subtitle":"","menu_title":"","menu_img":false,"menu_prod_link":"","menu_montering_link":"","calc_yes":[],"relaterte_innlegg":false},"_links":{"self":[{"href":"https:\/\/til-tak.no\/en\/wp-json\/wp\/v2\/pages\/12406","targetHints":{"allow":["GET"]}}],"collection":[{"href":"https:\/\/til-tak.no\/en\/wp-json\/wp\/v2\/pages"}],"about":[{"href":"https:\/\/til-tak.no\/en\/wp-json\/wp\/v2\/types\/page"}],"author":[{"embeddable":true,"href":"https:\/\/til-tak.no\/en\/wp-json\/wp\/v2\/users\/1"}],"replies":[{"embeddable":true,"href":"https:\/\/til-tak.no\/en\/wp-json\/wp\/v2\/comments?post=12406"}],"version-history":[{"count":0,"href":"https:\/\/til-tak.no\/en\/wp-json\/wp\/v2\/pages\/12406\/revisions"}],"wp:featuredmedia":[{"embeddable":true,"href":"https:\/\/til-tak.no\/en\/wp-json\/wp\/v2\/media\/12409"}],"wp:attachment":[{"href":"https:\/\/til-tak.no\/en\/wp-json\/wp\/v2\/media?parent=12406"}],"wp:term":[{"taxonomy":"category","embeddable":true,"href":"https:\/\/til-tak.no\/en\/wp-json\/wp\/v2\/categories?post=12406"},{"taxonomy":"post_tag","embeddable":true,"href":"https:\/\/til-tak.no\/en\/wp-json\/wp\/v2\/tags?post=12406"}],"curies":[{"name":"wp","href":"https:\/\/api.w.org\/{rel}","templated":true}]}}