{"id":12417,"date":"2020-05-06T11:46:23","date_gmt":"2020-05-06T09:46:23","guid":{"rendered":"https:\/\/til-tak.no\/?page_id=12417"},"modified":"2024-11-29T14:40:45","modified_gmt":"2024-11-29T13:40:45","slug":"isolert-garasjedekke","status":"publish","type":"page","link":"https:\/\/til-tak.no\/en\/isolert-garasjedekke","title":{"rendered":"Isolert Garasjedekke"},"content":{"rendered":"<p>TIL-TAK har det du trenger n\u00e5r du skal st\u00f8pe et isolert garasjedekke  <\/p>\n\n\n\n<p>Om du g\u00e5r med planer om \u00e5 bygge hus, men ogs\u00e5 \u00f8nsker garasje, har du sikkert oppdaget at det er mange hensyn \u00e5 ta i byggeprosessen. Skal du bygge et hus med garasje i kjeller? Eller en terrasse over garasjen? Eller kanskje garasje over kjeller? Da vil du trenge et isolert gulv\/tak som er brannsikkert, og t\u00e5ler store belastninger. <em><strong><a href=\"https:\/\/til-tak.no\/en\/op-deck\/\">OP-Deck<\/a><\/strong> <\/em>kan v\u00e6re l\u00f8sningen du leter etter.<\/p>\n\n\n\n<figure class=\"wp-block-image size-large\"><a href=\"https:\/\/til-tak.no\/wp-content\/uploads\/2019\/11\/OP-Deck-perspektiv-eksplodert.jpg\"><img decoding=\"async\" width=\"788\" height=\"341\" data-src=\"https:\/\/til-tak.no\/wp-content\/uploads\/2019\/11\/OP-Deck-perspektiv-eksplodert.jpg\" alt=\"Isolert Garasjedekke\" class=\"wp-image-3394 lazyload\" data-srcset=\"https:\/\/til-tak.no\/wp-content\/uploads\/2019\/11\/OP-Deck-perspektiv-eksplodert.jpg 788w, https:\/\/til-tak.no\/wp-content\/uploads\/2019\/11\/OP-Deck-perspektiv-eksplodert-300x130.jpg 300w, https:\/\/til-tak.no\/wp-content\/uploads\/2019\/11\/OP-Deck-perspektiv-eksplodert-768x332.jpg 768w, https:\/\/til-tak.no\/wp-content\/uploads\/2019\/11\/OP-Deck-perspektiv-eksplodert-600x260.jpg 600w\" data-sizes=\"(max-width: 788px) 100vw, 788px\" src=\"data:image\/gif;base64,R0lGODlhAQABAAAAACH5BAEKAAEALAAAAAABAAEAAAICTAEAOw==\" style=\"--smush-placeholder-width: 788px; --smush-placeholder-aspect-ratio: 788\/341;\" \/><\/a><\/figure>\n\n\n\n<h2 class=\"wp-block-heading\" id=\"h-benytt-op-deck-til-isolert-garasjedekke\">Benytt OP-Deck til isolert garasjedekke<\/h2>\n\n\n\n<p><a href=\"https:\/\/til-tak.no\/en\/op-deck\/\">OP-Deck<\/a> er et ferdig isolert forskalingssystem for plasst\u00f8pte betongdekker som kan spenne fritt i opptil 8 meter. En solid etasjeskiller med  gunstige egenskaper: <\/p>\n\n\n\n<ul class=\"wp-block-list\">\n<li>Isolert og brannsikkert inn mot garasjen<\/li>\n\n\n\n<li>Lavtbyggende<\/li>\n\n\n\n<li>H\u00f8y b\u00e6reevne og lav vekt<\/li>\n\n\n\n<li>Enkelt \u00e5 montere<\/li>\n\n\n\n<li>Mulig \u00e5 legge integrert gulvvarme<\/li>\n\n\n\n<li>Slipt betonggulv i bolig<\/li>\n<\/ul>\n\n\n\n<div class=\"wp-block-columns is-layout-flex wp-container-core-columns-is-layout-9d6595d7 wp-block-columns-is-layout-flex\">\n<div class=\"wp-block-column is-layout-flow wp-block-column-is-layout-flow\">\n<figure class=\"wp-block-image size-large\"><a href=\"https:\/\/til-tak.no\/wp-content\/uploads\/2022\/01\/veshellinga-14-09052019-3.jpg\"><img decoding=\"async\" data-src=\"https:\/\/til-tak.no\/wp-content\/uploads\/2022\/01\/veshellinga-14-09052019-3.jpg\" alt=\"\" src=\"data:image\/gif;base64,R0lGODlhAQABAAAAACH5BAEKAAEALAAAAAABAAEAAAICTAEAOw==\" class=\"lazyload\" style=\"--smush-placeholder-width: 1600px; --smush-placeholder-aspect-ratio: 1600\/1200;\" \/><\/a><\/figure>\n<\/div>\n\n\n\n<div class=\"wp-block-column is-layout-flow wp-block-column-is-layout-flow\">\n<figure class=\"wp-block-image size-large\"><a href=\"https:\/\/til-tak.no\/wp-content\/uploads\/2019\/11\/2019-05-09-19.01.16-2.jpg\"><img decoding=\"async\" data-src=\"https:\/\/til-tak.no\/wp-content\/uploads\/2019\/11\/2019-05-09-19.01.16-2.jpg\" alt=\"\" src=\"data:image\/gif;base64,R0lGODlhAQABAAAAACH5BAEKAAEALAAAAAABAAEAAAICTAEAOw==\" class=\"lazyload\" style=\"--smush-placeholder-width: 4032px; --smush-placeholder-aspect-ratio: 4032\/3024;\" \/><\/a><\/figure>\n<\/div>\n\n\n\n<div class=\"wp-block-column is-layout-flow wp-block-column-is-layout-flow\">\n<figure class=\"wp-block-image size-large\"><a href=\"https:\/\/til-tak.no\/wp-content\/uploads\/2019\/08\/op-deck-oppbygning02.png\"><img decoding=\"async\" data-src=\"https:\/\/til-tak.no\/wp-content\/uploads\/2019\/08\/op-deck-oppbygning02.png\" alt=\"\" src=\"data:image\/gif;base64,R0lGODlhAQABAAAAACH5BAEKAAEALAAAAAABAAEAAAICTAEAOw==\" class=\"lazyload\" style=\"--smush-placeholder-width: 1920px; --smush-placeholder-aspect-ratio: 1920\/1484;\" \/><\/a><\/figure>\n<\/div>\n<\/div>\n\n\n\n<p><\/p>\n\n\n\n<p>OP-Deck er en ferdig isolert forskalingsl\u00f8sning med minimal byggeh\u00f8yde.  Med denne l\u00f8sningen kan du f\u00e5 slipt betonggulv med integrert gulvvarme og ferdig malt himling under. De unike egenskapene er med p\u00e5 \u00e5 gj\u00f8re jobben enklere for deg, samtidig som du drastisk reduserer byggekostnadene. Etasjeskillet legges p\u00e5 b\u00e6rende konstruksjon av st\u00e5l, betong eller tre. Ferdig installert f\u00e5r du en r\u00e5sterk lettvekter med lav byggeh\u00f8yde til konkurransedyktige priser. \u00a0 <\/p>\n\n\n\n<div class=\"wp-block-buttons is-layout-flex wp-block-buttons-is-layout-flex\">\n<div class=\"wp-block-button\"><a class=\"wp-block-button__link wp-element-button\" href=\"https:\/\/www.dropbox.com\/s\/i6jt1eqhqyh2h2p\/Datablad%20OP-Deck-norsk-web.pdf?dl=0\">Brosjyre<\/a><\/div>\n<\/div>\n\n\n\n<p>OP-Deck produseres av <strong><a href=\"https:\/\/reppel.nl\/en\/composite-steel-floor-decking-systems\/op-deck\" target=\"_blank\" rel=\"noreferrer noopener\">Reppel<\/a><\/strong> i Nederland, en seri\u00f8s akt\u00f8r med lang historie.<\/p>\n\n\n\n<p>Er OP-Deck det rette produktet for deg? Ta gjerne kontakt med oss, s\u00e5 bist\u00e5r vi med glede. Enten du er en ny eller en eksisterende kunde. Ring oss p\u00e5 32 83 03 00 eller send en e-post til post@til-tak.no. <\/p>\n\n\n\n<h2 class=\"wp-block-heading\" id=\"h-kanskje-ikke-behovet-er-en-ny-garasje\">Kanskje ikke behovet er en ny garasje?<\/h2>\n\n\n\n<p>Du har kanskje allerede en garasje, men trenger en effektiv isolasjon? Kanskje en isolasjon som er lett \u00e5 jobbe med, diffusjonstett og ikke kl\u00f8r. Brannhemmende m\u00e5 den jo ogs\u00e5 v\u00e6re..  Klikk p\u00e5 knappen under, s\u00e5 finner du kanskje l\u00f8sningen der.<\/p>\n\n\n\n<div class=\"wp-block-buttons is-layout-flex wp-block-buttons-is-layout-flex\">\n<div class=\"wp-block-button\"><a class=\"wp-block-button__link wp-element-button\" href=\"https:\/\/til-tak.no\/en\/blog\/2020\/11\/06\/etterisolering-med-pir-isoleringsplater\/\">Isoleringsplater for etterisolering<\/a><\/div>\n<\/div>","protected":false},"excerpt":{"rendered":"<p>TIL-TAK har det du trenger n\u00e5r du skal st\u00f8pe et isolert garasjedekke Om du g\u00e5r med planer om \u00e5 bygge hus, men ogs\u00e5 \u00f8nsker garasje, har du sikkert oppdaget at det er mange hensyn \u00e5 ta i byggeprosessen. Skal du bygge et hus med garasje i kjeller? Eller en terrasse over garasjen? Eller kanskje garasje [&hellip;]<\/p>\n","protected":false},"author":1,"featured_media":3335,"parent":0,"menu_order":0,"comment_status":"closed","ping_status":"closed","template":"page-templates\/template-restec-single-page.php","meta":{"_acf_changed":false,"footnotes":""},"categories":[],"tags":[],"class_list":["post-12417","page","type-page","status-publish","has-post-thumbnail","hentry"],"yoast_head":"<!-- This site is optimized with the Yoast SEO Premium plugin v20.6 (Yoast SEO v27.2) - https:\/\/yoast.com\/product\/yoast-seo-premium-wordpress\/ -->\n<title>Isolert Garasjedekke - OP-Deck fra TIL-TAK kan v\u00e6re svaret<\/title>\n<meta name=\"description\" content=\"OP-Deck er et ferdig isolert forskalingssystem for plasst\u00f8pte betongdekker. Det kan spenne fritt opptil 8m. Ypperlig til isolert garasjedekke!\" \/>\n<meta name=\"robots\" content=\"index, follow, max-snippet:-1, max-image-preview:large, max-video-preview:-1\" \/>\n<link rel=\"canonical\" href=\"https:\/\/til-tak.no\/en\/isolert-garasjedekke\/\" \/>\n<meta name=\"twitter:label1\" content=\"Estimated reading time\" \/>\n\t<meta name=\"twitter:data1\" content=\"3 minutes\" \/>\n<script type=\"application\/ld+json\" class=\"yoast-schema-graph\">{\"@context\":\"https:\/\/schema.org\",\"@graph\":[{\"@type\":\"WebPage\",\"@id\":\"https:\/\/til-tak.no\/isolert-garasjedekke\/\",\"url\":\"https:\/\/til-tak.no\/isolert-garasjedekke\/\",\"name\":\"Isolert Garasjedekke - OP-Deck fra TIL-TAK kan v\u00e6re svaret\",\"isPartOf\":{\"@id\":\"https:\/\/til-tak.no\/#website\"},\"primaryImageOfPage\":{\"@id\":\"https:\/\/til-tak.no\/isolert-garasjedekke\/#primaryimage\"},\"image\":{\"@id\":\"https:\/\/til-tak.no\/isolert-garasjedekke\/#primaryimage\"},\"thumbnailUrl\":\"https:\/\/til-tak.no\/wp-content\/uploads\/2019\/11\/OP-Deck-perspektiv-eksplodert.jpg\",\"datePublished\":\"2020-05-06T09:46:23+00:00\",\"dateModified\":\"2024-11-29T13:40:45+00:00\",\"description\":\"OP-Deck er et ferdig isolert forskalingssystem for plasst\u00f8pte betongdekker. Det kan spenne fritt opptil 8m. Ypperlig til isolert garasjedekke!\",\"breadcrumb\":{\"@id\":\"https:\/\/til-tak.no\/isolert-garasjedekke\/#breadcrumb\"},\"inLanguage\":\"en-GB\",\"potentialAction\":[{\"@type\":\"ReadAction\",\"target\":[\"https:\/\/til-tak.no\/isolert-garasjedekke\/\"]}]},{\"@type\":\"ImageObject\",\"inLanguage\":\"en-GB\",\"@id\":\"https:\/\/til-tak.no\/isolert-garasjedekke\/#primaryimage\",\"url\":\"https:\/\/til-tak.no\/wp-content\/uploads\/2019\/11\/OP-Deck-perspektiv-eksplodert.jpg\",\"contentUrl\":\"https:\/\/til-tak.no\/wp-content\/uploads\/2019\/11\/OP-Deck-perspektiv-eksplodert.jpg\",\"width\":788,\"height\":341},{\"@type\":\"BreadcrumbList\",\"@id\":\"https:\/\/til-tak.no\/isolert-garasjedekke\/#breadcrumb\",\"itemListElement\":[{\"@type\":\"ListItem\",\"position\":1,\"name\":\"Hjem\",\"item\":\"https:\/\/til-tak.no\/\"},{\"@type\":\"ListItem\",\"position\":2,\"name\":\"Isolert Garasjedekke\"}]},{\"@type\":\"WebSite\",\"@id\":\"https:\/\/til-tak.no\/#website\",\"url\":\"https:\/\/til-tak.no\/\",\"name\":\"TIL-TAK\",\"description\":\"TIL-TAK | 100% tett Dreneringssystem for Terrassegulv\",\"publisher\":{\"@id\":\"https:\/\/til-tak.no\/#organization\"},\"potentialAction\":[{\"@type\":\"SearchAction\",\"target\":{\"@type\":\"EntryPoint\",\"urlTemplate\":\"https:\/\/til-tak.no\/?s={search_term_string}\"},\"query-input\":{\"@type\":\"PropertyValueSpecification\",\"valueRequired\":true,\"valueName\":\"search_term_string\"}}],\"inLanguage\":\"en-GB\"},{\"@type\":\"Organization\",\"@id\":\"https:\/\/til-tak.no\/#organization\",\"name\":\"TIL-TAK AS\",\"url\":\"https:\/\/til-tak.no\/\",\"logo\":{\"@type\":\"ImageObject\",\"inLanguage\":\"en-GB\",\"@id\":\"https:\/\/til-tak.no\/#\/schema\/logo\/image\/\",\"url\":\"https:\/\/til-tak.no\/wp-content\/uploads\/2023\/02\/til-tak-logo-transparent1.png\",\"contentUrl\":\"https:\/\/til-tak.no\/wp-content\/uploads\/2023\/02\/til-tak-logo-transparent1.png\",\"width\":1027,\"height\":504,\"caption\":\"TIL-TAK AS\"},\"image\":{\"@id\":\"https:\/\/til-tak.no\/#\/schema\/logo\/image\/\"},\"sameAs\":[\"https:\/\/www.facebook.com\/tiltak.as\"]}]}<\/script>\n<!-- \/ Yoast SEO Premium plugin. -->","yoast_head_json":{"title":"Isolert Garasjedekke - OP-Deck fra TIL-TAK kan v\u00e6re svaret","description":"OP-Deck er et ferdig isolert forskalingssystem for plasst\u00f8pte betongdekker. Det kan spenne fritt opptil 8m. Ypperlig til isolert garasjedekke!","robots":{"index":"index","follow":"follow","max-snippet":"max-snippet:-1","max-image-preview":"max-image-preview:large","max-video-preview":"max-video-preview:-1"},"canonical":"https:\/\/til-tak.no\/en\/isolert-garasjedekke\/","twitter_misc":{"Estimated reading time":"3 minutes"},"schema":{"@context":"https:\/\/schema.org","@graph":[{"@type":"WebPage","@id":"https:\/\/til-tak.no\/isolert-garasjedekke\/","url":"https:\/\/til-tak.no\/isolert-garasjedekke\/","name":"Isolert Garasjedekke - OP-Deck fra TIL-TAK kan v\u00e6re svaret","isPartOf":{"@id":"https:\/\/til-tak.no\/#website"},"primaryImageOfPage":{"@id":"https:\/\/til-tak.no\/isolert-garasjedekke\/#primaryimage"},"image":{"@id":"https:\/\/til-tak.no\/isolert-garasjedekke\/#primaryimage"},"thumbnailUrl":"https:\/\/til-tak.no\/wp-content\/uploads\/2019\/11\/OP-Deck-perspektiv-eksplodert.jpg","datePublished":"2020-05-06T09:46:23+00:00","dateModified":"2024-11-29T13:40:45+00:00","description":"OP-Deck er et ferdig isolert forskalingssystem for plasst\u00f8pte betongdekker. Det kan spenne fritt opptil 8m. Ypperlig til isolert garasjedekke!","breadcrumb":{"@id":"https:\/\/til-tak.no\/isolert-garasjedekke\/#breadcrumb"},"inLanguage":"en-GB","potentialAction":[{"@type":"ReadAction","target":["https:\/\/til-tak.no\/isolert-garasjedekke\/"]}]},{"@type":"ImageObject","inLanguage":"en-GB","@id":"https:\/\/til-tak.no\/isolert-garasjedekke\/#primaryimage","url":"https:\/\/til-tak.no\/wp-content\/uploads\/2019\/11\/OP-Deck-perspektiv-eksplodert.jpg","contentUrl":"https:\/\/til-tak.no\/wp-content\/uploads\/2019\/11\/OP-Deck-perspektiv-eksplodert.jpg","width":788,"height":341},{"@type":"BreadcrumbList","@id":"https:\/\/til-tak.no\/isolert-garasjedekke\/#breadcrumb","itemListElement":[{"@type":"ListItem","position":1,"name":"Hjem","item":"https:\/\/til-tak.no\/"},{"@type":"ListItem","position":2,"name":"Isolert Garasjedekke"}]},{"@type":"WebSite","@id":"https:\/\/til-tak.no\/#website","url":"https:\/\/til-tak.no\/","name":"TIL-TAK","description":"TIL-TAK | 100% tett Dreneringssystem for Terrassegulv","publisher":{"@id":"https:\/\/til-tak.no\/#organization"},"potentialAction":[{"@type":"SearchAction","target":{"@type":"EntryPoint","urlTemplate":"https:\/\/til-tak.no\/?s={search_term_string}"},"query-input":{"@type":"PropertyValueSpecification","valueRequired":true,"valueName":"search_term_string"}}],"inLanguage":"en-GB"},{"@type":"Organization","@id":"https:\/\/til-tak.no\/#organization","name":"TIL-TAK AS","url":"https:\/\/til-tak.no\/","logo":{"@type":"ImageObject","inLanguage":"en-GB","@id":"https:\/\/til-tak.no\/#\/schema\/logo\/image\/","url":"https:\/\/til-tak.no\/wp-content\/uploads\/2023\/02\/til-tak-logo-transparent1.png","contentUrl":"https:\/\/til-tak.no\/wp-content\/uploads\/2023\/02\/til-tak-logo-transparent1.png","width":1027,"height":504,"caption":"TIL-TAK AS"},"image":{"@id":"https:\/\/til-tak.no\/#\/schema\/logo\/image\/"},"sameAs":["https:\/\/www.facebook.com\/tiltak.as"]}]}},"acf":{"accordion_title":"Ofte stilte sp\u00f8rsm\u00e5l","accordion_sectoin":[{"section_title":"Hva best\u00e5r OP-Deck-systemet av?","section_text":"<p>OP-Deck er et ferdig isolert forskalingssystem. Elementsystemet best\u00e5r av sandwich-elementer og isopor som sammen danner et betongdekke med selvb\u00e6rende T-ribb-form p\u00e5 betongen. Dette gir lav vekt, h\u00f8y b\u00e6reevne og ikke minst h\u00f8y isolasjonsverdi. Den ferdig malte himlingen (hvit RAL 9002) passer ypperlig som tak i en parkeringskjeller eller garasje og gj\u00f8r jobben enklere for deg. Elementene t\u00e5ler vekten av lekter og takpanel\/ plater med maks belastning p\u00e5 20kg per kvadratmeter. Etasjeskillet leveres i lengder p\u00e5 opptil 16 meter og kan spenne fritt opptil 10 meter, og minste totaltykkelse er p\u00e5 254 millimeter. Elementene installeres p\u00e5 byggeplass ved hjelp av enkle l\u00f8ftemidler eller h\u00e5ndkraft.<\/p>\n"},{"section_title":"Kan OP-Deck benyttes for \u00e5 isolere b\u00e5de taket og vegger?","section_text":"<p>Nei, dette produktet best\u00e5r av forskalingsplater som danner et T-formasjons betongdekke. Det benyttes derfor som etasjeskille som legges p\u00e5 b\u00e6rende konstruksjon av st\u00e5l, betong eller tre. Det vil naturlig isolere garasjetaket, men ikke vegger.<\/p>\n"},{"section_title":"Hvilke bruksomr\u00e5der har produktet?","section_text":"<p>Det er flere gunstige fordeler med \u00e5 velge OP-Deck. Du vil dramatisk kunne redusere vekt, installasjonstid, byggeh\u00f8yde og ikke minst kostnader. L\u00f8sningen gir god brannmotstand (REI 90), og du vil oppleve forbedret termisk effektivitet av betongdekket. Her er du sikret en varm garasje. Uansett om du har behov for etasjeskille over parkeringskjeller, skal sette opp tilbygg med terrasse over, har behov for parkeringstak eller garasjegulv, \u00f8nsker \u00e5 legge til ekstra etasjer p\u00e5 bygninger \u2013 OP-Deck er den smarte l\u00f8sningen du trenger. Du kan enkelt feste gulvvarme og andre tekniske installasjoner i dekket slik at du ikke f\u00e5r ekstra arbeidsoppgaver eller mer byggeh\u00f8yde enn n\u00f8dvendig.<\/p>\n"},{"section_title":"Hvordan installerer man OP-Deck?","section_text":"<p>Elementene kan transporteres p\u00e5 en vanlig tilhenger og er lette \u00e5 h\u00e5ndtere. To mann legger enkelt ut lengder p\u00e5 opptil 5 meter, og elementene skrus med letthet sammen. Den ekstra isolasjonen reduserer mengden betong og dermed ogs\u00e5 egenvekten. T-bjelkeformasjonen er med p\u00e5 \u00e5 opprettholde styrke og b\u00e6reevne p\u00e5 dekket. Isolasjonen fester du enkelt med lange skruer og skiver. Kamst\u00e5l plasseres mellom elementene, og betongen skal hvile minimum 6 cm inn p\u00e5 b\u00e6rende vegg. Monter s\u00e5 kantforskaling og legg armeringsnettet p\u00e5 plass. Sett opp midlertidig underst\u00f8tting per 2,5 meter. Deretter kan betongen fylles p\u00e5 og fordeles utover.<\/p>\n<p>Husk at betong er et materiale der styrke og bestandighet bygges opp over tid. Forholdene de f\u00f8rste d\u00f8gnene etter utst\u00f8ping er avgj\u00f8rende for hvilke langstidsegenskaper betongen f\u00e5r. Ved \u00e5 spr\u00f8yte membranherder p\u00e5 dekket umiddelbart etter st\u00f8pning beholder du fuktigheten i betongdekket under herdingen.<\/p>\n<p>Det finnes gode <a href=\"https:\/\/www.youtube.com\/watch?v=XnnK5wGkxAw&amp;t=1s&amp;ab_channel=MrTilTak\"><strong>instruksjonsvideoer<\/strong><\/a> og tips p\u00e5 v\u00e5r nettside for installasjon. Vi oppfordrer deg ogs\u00e5 til \u00e5 ta kontakt med ethvert ledende byggevarehus i Norge for hjelp med oppf\u00f8lging b\u00e5de av prosjektering og montering.<\/p>\n"},{"section_title":"Hvorfor burde jeg velge produkter fra TIL-TAK?","section_text":"<p>Helt enkelt sagt: vi hjelper deg \u00e5 bygge smart. V\u00e5rt motto er \u00ablekende lett!\u00bb, og det sier nesten seg selv at dette da er produkter som vil v\u00e6re enkle \u00e5 benytte b\u00e5de for privatpersoner og h\u00e5ndverkere. V\u00e5re produkter rasjonaliserer byggeprosesser samtidig som de sikrer \u00f8kt bruksverdi og areal til din bolig.<\/p>\n<p>Vi mener at v\u00e5re l\u00f8sninger er unike da de skiller seg betraktelig fra liknende l\u00f8sninger i form av: rasjonell og rask montering, unike egenskaper (som brann og lydisolering), \u00f8kt komfort, \u00f8kt utnyttelsesgrad, h\u00f8y kvalitet, lav byggeh\u00f8yde og lette konstruksjoner med \u00abtunge\u00bb egenskaper. Det spiller s\u00e5ledes ingen rolle om du skal isolere garasje, bygge terrasse eller \u00f8nsker en ny dreneringsl\u00f8sning. Vi har det du trenger!<\/p>\n"}],"detaljer":"","documents":false,"videos":false,"title":"","subtitle":"","menu_title":"","menu_img":false,"menu_prod_link":"","menu_montering_link":"","calc_yes":[],"relaterte_innlegg":false},"_links":{"self":[{"href":"https:\/\/til-tak.no\/en\/wp-json\/wp\/v2\/pages\/12417","targetHints":{"allow":["GET"]}}],"collection":[{"href":"https:\/\/til-tak.no\/en\/wp-json\/wp\/v2\/pages"}],"about":[{"href":"https:\/\/til-tak.no\/en\/wp-json\/wp\/v2\/types\/page"}],"author":[{"embeddable":true,"href":"https:\/\/til-tak.no\/en\/wp-json\/wp\/v2\/users\/1"}],"replies":[{"embeddable":true,"href":"https:\/\/til-tak.no\/en\/wp-json\/wp\/v2\/comments?post=12417"}],"version-history":[{"count":0,"href":"https:\/\/til-tak.no\/en\/wp-json\/wp\/v2\/pages\/12417\/revisions"}],"wp:featuredmedia":[{"embeddable":true,"href":"https:\/\/til-tak.no\/en\/wp-json\/wp\/v2\/media\/3335"}],"wp:attachment":[{"href":"https:\/\/til-tak.no\/en\/wp-json\/wp\/v2\/media?parent=12417"}],"wp:term":[{"taxonomy":"category","embeddable":true,"href":"https:\/\/til-tak.no\/en\/wp-json\/wp\/v2\/categories?post=12417"},{"taxonomy":"post_tag","embeddable":true,"href":"https:\/\/til-tak.no\/en\/wp-json\/wp\/v2\/tags?post=12417"}],"curies":[{"name":"wp","href":"https:\/\/api.w.org\/{rel}","templated":true}]}}