{"id":12423,"date":"2020-05-06T11:50:35","date_gmt":"2020-05-06T09:50:35","guid":{"rendered":"https:\/\/til-tak.no\/?page_id=12423"},"modified":"2023-03-22T09:46:05","modified_gmt":"2023-03-22T08:46:05","slug":"terrasseplater","status":"publish","type":"page","link":"https:\/\/til-tak.no\/en\/terrasseplater\/","title":{"rendered":"TIL-TAK terrasseplater"},"content":{"rendered":"<p><strong>TIL-TAK terrasseplater for bedre utnyttelse av allerede bebygget areal<\/strong><\/p>\n\n\n\n<p>N\u00e5r man bygger terrasse, er det som regel med ett m\u00e5l for \u00f8yet: -en deilig solfylt uteplass for rekreasjon og hyggelige stunder med venner og grilling i deilig ute-v\u00e6r opp\u00e5 terrassen.<\/p>\n\n\n\n<p>Men akkurat her ligger muligheter til dobbel utnyttelse av bebygget areal; akkurat som en u-utnyttet kjeller i boligen din, kan du med tett terrassegulv ogs\u00e5 utnytte &laquo;kjelleren&raquo; under terrassen. Og det er i denne sammenhengen TIL-TAK sine terrasseplater kan hjelpe deg.<\/p>\n\n\n\n<figure class=\"wp-block-gallery has-nested-images columns-default is-cropped wp-block-gallery-1 is-layout-flex wp-block-gallery-is-layout-flex\">\n<figure class=\"wp-block-image size-large\"><a href=\"https:\/\/til-tak.no\/wp-content\/uploads\/2022\/01\/miljobilde01.jpg\"><img decoding=\"async\" width=\"1600\" height=\"900\" data-id=\"36093\" data-src=\"https:\/\/til-tak.no\/wp-content\/uploads\/2022\/01\/miljobilde01.jpg\" alt=\"terrasseplater\" class=\"wp-image-36093 lazyload\" data-srcset=\"https:\/\/til-tak.no\/wp-content\/uploads\/2022\/01\/miljobilde01.jpg 1600w, https:\/\/til-tak.no\/wp-content\/uploads\/2022\/01\/miljobilde01-300x169.jpg 300w, https:\/\/til-tak.no\/wp-content\/uploads\/2022\/01\/miljobilde01-1024x576.jpg 1024w, https:\/\/til-tak.no\/wp-content\/uploads\/2022\/01\/miljobilde01-768x432.jpg 768w, https:\/\/til-tak.no\/wp-content\/uploads\/2022\/01\/miljobilde01-1536x864.jpg 1536w, https:\/\/til-tak.no\/wp-content\/uploads\/2022\/01\/miljobilde01-18x10.jpg 18w, https:\/\/til-tak.no\/wp-content\/uploads\/2022\/01\/miljobilde01-600x338.jpg 600w\" data-sizes=\"(max-width: 1600px) 100vw, 1600px\" src=\"data:image\/gif;base64,R0lGODlhAQABAAAAACH5BAEKAAEALAAAAAABAAEAAAICTAEAOw==\" style=\"--smush-placeholder-width: 1600px; --smush-placeholder-aspect-ratio: 1600\/900;\" \/><\/a><\/figure>\n\n\n\n<figure class=\"wp-block-image size-large\"><a href=\"https:\/\/til-tak.no\/wp-content\/uploads\/2022\/01\/etter-til-tak-3.jpg\"><img decoding=\"async\" width=\"1600\" height=\"945\" data-id=\"36092\" data-src=\"https:\/\/til-tak.no\/wp-content\/uploads\/2022\/01\/etter-til-tak-3.jpg\" alt=\"terrasseplater\" class=\"wp-image-36092 lazyload\" data-srcset=\"https:\/\/til-tak.no\/wp-content\/uploads\/2022\/01\/etter-til-tak-3.jpg 1600w, https:\/\/til-tak.no\/wp-content\/uploads\/2022\/01\/etter-til-tak-3-300x177.jpg 300w, https:\/\/til-tak.no\/wp-content\/uploads\/2022\/01\/etter-til-tak-3-1024x605.jpg 1024w, https:\/\/til-tak.no\/wp-content\/uploads\/2022\/01\/etter-til-tak-3-768x454.jpg 768w, https:\/\/til-tak.no\/wp-content\/uploads\/2022\/01\/etter-til-tak-3-1536x907.jpg 1536w, https:\/\/til-tak.no\/wp-content\/uploads\/2022\/01\/etter-til-tak-3-18x12.jpg 18w, https:\/\/til-tak.no\/wp-content\/uploads\/2022\/01\/etter-til-tak-3-600x354.jpg 600w\" data-sizes=\"(max-width: 1600px) 100vw, 1600px\" src=\"data:image\/gif;base64,R0lGODlhAQABAAAAACH5BAEKAAEALAAAAAABAAEAAAICTAEAOw==\" style=\"--smush-placeholder-width: 1600px; --smush-placeholder-aspect-ratio: 1600\/945;\" \/><\/a><\/figure>\n\n\n\n<figure class=\"wp-block-image size-large\"><a href=\"https:\/\/til-tak.no\/wp-content\/uploads\/2022\/01\/etter-til-tak-2.jpg\"><img decoding=\"async\" width=\"1600\" height=\"901\" data-id=\"36091\" data-src=\"https:\/\/til-tak.no\/wp-content\/uploads\/2022\/01\/etter-til-tak-2.jpg\" alt=\"terrasseplater\" class=\"wp-image-36091 lazyload\" data-srcset=\"https:\/\/til-tak.no\/wp-content\/uploads\/2022\/01\/etter-til-tak-2.jpg 1600w, https:\/\/til-tak.no\/wp-content\/uploads\/2022\/01\/etter-til-tak-2-300x169.jpg 300w, https:\/\/til-tak.no\/wp-content\/uploads\/2022\/01\/etter-til-tak-2-1024x577.jpg 1024w, https:\/\/til-tak.no\/wp-content\/uploads\/2022\/01\/etter-til-tak-2-768x432.jpg 768w, https:\/\/til-tak.no\/wp-content\/uploads\/2022\/01\/etter-til-tak-2-1536x865.jpg 1536w, https:\/\/til-tak.no\/wp-content\/uploads\/2022\/01\/etter-til-tak-2-18x10.jpg 18w, https:\/\/til-tak.no\/wp-content\/uploads\/2022\/01\/etter-til-tak-2-600x338.jpg 600w\" data-sizes=\"(max-width: 1600px) 100vw, 1600px\" src=\"data:image\/gif;base64,R0lGODlhAQABAAAAACH5BAEKAAEALAAAAAABAAEAAAICTAEAOw==\" style=\"--smush-placeholder-width: 1600px; --smush-placeholder-aspect-ratio: 1600\/901;\" \/><\/a><\/figure>\n<\/figure>\n\n\n\n<p>En stor del av norske terrasser er bygget ut over en kjelleretasje, et skr\u00e5nende terreng, eller over g\u00e5rdsplass; gjerne med inngangsparti under. Da er det ikke bare arealet opp\u00e5 terrassen som blir verdifull, men ogs\u00e5 arealet under terrassen b\u00f8r utnyttes. <\/p>\n\n\n\n<figure class=\"wp-block-gallery has-nested-images columns-default is-cropped wp-block-gallery-2 is-layout-flex wp-block-gallery-is-layout-flex\">\n<figure class=\"wp-block-image size-large\"><a href=\"https:\/\/til-tak.no\/wp-content\/uploads\/2018\/08\/img-1441.jpg\"><img decoding=\"async\" width=\"1512\" height=\"1496\" data-id=\"36313\" data-src=\"https:\/\/til-tak.no\/wp-content\/uploads\/2018\/08\/img-1441.jpg\" alt=\"\" class=\"wp-image-36313 lazyload\" data-srcset=\"https:\/\/til-tak.no\/wp-content\/uploads\/2018\/08\/img-1441.jpg 1512w, https:\/\/til-tak.no\/wp-content\/uploads\/2018\/08\/img-1441-300x297.jpg 300w, https:\/\/til-tak.no\/wp-content\/uploads\/2018\/08\/img-1441-1024x1013.jpg 1024w, https:\/\/til-tak.no\/wp-content\/uploads\/2018\/08\/img-1441-768x760.jpg 768w, https:\/\/til-tak.no\/wp-content\/uploads\/2018\/08\/img-1441-12x12.jpg 12w, https:\/\/til-tak.no\/wp-content\/uploads\/2018\/08\/img-1441-600x594.jpg 600w, https:\/\/til-tak.no\/wp-content\/uploads\/2018\/08\/img-1441-100x100.jpg 100w\" data-sizes=\"(max-width: 1512px) 100vw, 1512px\" src=\"data:image\/gif;base64,R0lGODlhAQABAAAAACH5BAEKAAEALAAAAAABAAEAAAICTAEAOw==\" style=\"--smush-placeholder-width: 1512px; --smush-placeholder-aspect-ratio: 1512\/1496;\" \/><\/a><\/figure>\n\n\n\n<figure class=\"wp-block-image size-large\"><a href=\"https:\/\/til-tak.no\/wp-content\/uploads\/2018\/08\/img-1440-2.jpg\"><img decoding=\"async\" width=\"1512\" height=\"1487\" data-id=\"36312\" data-src=\"https:\/\/til-tak.no\/wp-content\/uploads\/2018\/08\/img-1440-2.jpg\" alt=\"terrasseplater\" class=\"wp-image-36312 lazyload\" data-srcset=\"https:\/\/til-tak.no\/wp-content\/uploads\/2018\/08\/img-1440-2.jpg 1512w, https:\/\/til-tak.no\/wp-content\/uploads\/2018\/08\/img-1440-2-300x295.jpg 300w, https:\/\/til-tak.no\/wp-content\/uploads\/2018\/08\/img-1440-2-1024x1007.jpg 1024w, https:\/\/til-tak.no\/wp-content\/uploads\/2018\/08\/img-1440-2-768x755.jpg 768w, https:\/\/til-tak.no\/wp-content\/uploads\/2018\/08\/img-1440-2-12x12.jpg 12w, https:\/\/til-tak.no\/wp-content\/uploads\/2018\/08\/img-1440-2-600x590.jpg 600w\" data-sizes=\"(max-width: 1512px) 100vw, 1512px\" src=\"data:image\/gif;base64,R0lGODlhAQABAAAAACH5BAEKAAEALAAAAAABAAEAAAICTAEAOw==\" style=\"--smush-placeholder-width: 1512px; --smush-placeholder-aspect-ratio: 1512\/1487;\" \/><\/a><\/figure>\n\n\n\n<figure class=\"wp-block-image size-large\"><a href=\"https:\/\/til-tak.no\/wp-content\/uploads\/2018\/08\/img-1389-1-scaled-e1642515523744.jpg\"><img decoding=\"async\" width=\"1440\" height=\"1920\" data-id=\"36307\" data-src=\"https:\/\/til-tak.no\/wp-content\/uploads\/2018\/08\/img-1389-1-scaled-e1642515523744.jpg\" alt=\"\" class=\"wp-image-36307 lazyload\" data-srcset=\"https:\/\/til-tak.no\/wp-content\/uploads\/2018\/08\/img-1389-1-scaled-e1642515523744.jpg 1440w, https:\/\/til-tak.no\/wp-content\/uploads\/2018\/08\/img-1389-1-scaled-e1642515523744-225x300.jpg 225w, https:\/\/til-tak.no\/wp-content\/uploads\/2018\/08\/img-1389-1-scaled-e1642515523744-768x1024.jpg 768w, https:\/\/til-tak.no\/wp-content\/uploads\/2018\/08\/img-1389-1-scaled-e1642515523744-1152x1536.jpg 1152w, https:\/\/til-tak.no\/wp-content\/uploads\/2018\/08\/img-1389-1-scaled-e1642515523744-9x12.jpg 9w, https:\/\/til-tak.no\/wp-content\/uploads\/2018\/08\/img-1389-1-scaled-e1642515523744-600x800.jpg 600w\" data-sizes=\"(max-width: 1440px) 100vw, 1440px\" src=\"data:image\/gif;base64,R0lGODlhAQABAAAAACH5BAEKAAEALAAAAAABAAEAAAICTAEAOw==\" style=\"--smush-placeholder-width: 1440px; --smush-placeholder-aspect-ratio: 1440\/1920;\" \/><\/a><\/figure>\n<\/figure>\n\n\n\n<p>For mange er dr\u00f8mmen mer lagringsplass til sportsutstyr eller sesongbasert m\u00f8blement og utstyr. For andre kan det v\u00e6re en trivelig utestue, eller bilparkering under tak. Om behovet er bod-plass, utestue, utekj\u00f8kken eller andre nytteverdier, er det lurt \u00e5 bygge terrassegulv med dreneringssystem mellom bjelkene slik at du kan innrede arealet til \u00e5 bli akkurat det du trenger mest. <\/p>\n\n\n\n<h2 class=\"wp-block-heading\">Terrasseplater fra TIL-TAK gir deg bedre utnyttelse av allerede bebygget areal p\u00e5 eiendommen<\/h2>\n\n\n\n<p>TIL-TAK Original terrasseplater er et patentert dreneringssystem av tynne st\u00e5lplateprofiler med innebygget fall som legges p\u00e5 et vannrett bjelkelag. Systemet gir deg et 100% tett dreneringssystem for terrassegulv med muligheten til \u00e5 utnytte plassen <strong><em>under<\/em><\/strong> terrassen.<\/p>\n\n\n\n<figure class=\"wp-block-gallery has-nested-images columns-default is-cropped wp-block-gallery-3 is-layout-flex wp-block-gallery-is-layout-flex\">\n<figure class=\"wp-block-image size-full\"><a href=\"https:\/\/til-tak.no\/wp-content\/uploads\/2021\/04\/Justeringsplate14.png\"><img decoding=\"async\" width=\"1920\" height=\"883\" data-id=\"26546\" data-src=\"https:\/\/til-tak.no\/wp-content\/uploads\/2021\/04\/Justeringsplate14.png\" alt=\"terrasseplater\" class=\"wp-image-26546 lazyload\" data-srcset=\"https:\/\/til-tak.no\/wp-content\/uploads\/2021\/04\/Justeringsplate14.png 1920w, https:\/\/til-tak.no\/wp-content\/uploads\/2021\/04\/Justeringsplate14-300x138.png 300w, https:\/\/til-tak.no\/wp-content\/uploads\/2021\/04\/Justeringsplate14-1024x471.png 1024w, https:\/\/til-tak.no\/wp-content\/uploads\/2021\/04\/Justeringsplate14-768x353.png 768w, https:\/\/til-tak.no\/wp-content\/uploads\/2021\/04\/Justeringsplate14-1536x706.png 1536w, https:\/\/til-tak.no\/wp-content\/uploads\/2021\/04\/Justeringsplate14-2048x941.png 2048w, https:\/\/til-tak.no\/wp-content\/uploads\/2021\/04\/Justeringsplate14-16x7.png 16w, https:\/\/til-tak.no\/wp-content\/uploads\/2021\/04\/Justeringsplate14-600x276.png 600w\" data-sizes=\"(max-width: 1920px) 100vw, 1920px\" src=\"data:image\/gif;base64,R0lGODlhAQABAAAAACH5BAEKAAEALAAAAAABAAEAAAICTAEAOw==\" style=\"--smush-placeholder-width: 1920px; --smush-placeholder-aspect-ratio: 1920\/883;\" \/><\/a><\/figure>\n<\/figure>\n\n\n\n<ul class=\"wp-block-list\">\n<li>Lagringsplass for hageredskaper og <strong><a href=\"https:\/\/www.plantasjen.no\/hagemobler\/\">hagem\u00f8bler<\/a><\/strong><\/li>\n\n\n\n<li>Uteplass med sittegruppe<\/li>\n\n\n\n<li>Oase med <strong><a href=\"https:\/\/mspa.no\/\">boblebad<\/a><\/strong> og solsenger<\/li>\n\n\n\n<li>Utekj\u00f8kken<\/li>\n\n\n\n<li>Bod<\/li>\n\n\n\n<li>Lagringsplass for ved<\/li>\n\n\n\n<li>Carport eller garasje<\/li>\n<\/ul>\n\n\n\n<div class=\"wp-block-buttons is-layout-flex wp-block-buttons-is-layout-flex\">\n<div class=\"wp-block-button\"><a class=\"wp-block-button__link wp-element-button\" href=\"https:\/\/til-tak.no\/en\/til-tak-original\/\" target=\"_blank\" rel=\"noreferrer noopener\">Mer om produktet<\/a><\/div>\n<\/div>\n\n\n\n<p><\/p>\n\n\n\n<h4 class=\"wp-block-heading\" id=\"finn-naermeste-forhandler\">Finn n\u00e6rmeste forhandler<\/h4>\n\n\n\n<p>Alle de store byggevarehusene i Norge f\u00f8rer v\u00e5re terrasseplater. Ta gjerne kontakt med din n\u00e6rmeste leverand\u00f8r av byggevarer for r\u00e5d og tips ang\u00e5ende TIL-TAK Original. Du kan finne din n\u00e6rmeste forhandler <strong><em><mark style=\"background-color:rgba(0, 0, 0, 0)\" class=\"has-inline-color has-vivid-cyan-blue-color\"><a href=\"https:\/\/til-tak.no\/en\/forhandlere\/\" target=\"_blank\" rel=\"noreferrer noopener\">her<\/a><\/mark><\/em><\/strong>.  <\/p>\n\n\n\n<p>Ring oss p\u00e5 32 83 03 00 eller send en e-post til <a href=\"mailto:post@til-tak.no\">post@til-tak.no<\/a>. <\/p>","protected":false},"excerpt":{"rendered":"<p>TIL-TAK terrasseplater for bedre utnyttelse av allerede bebygget areal N\u00e5r man bygger terrasse, er det som regel med ett m\u00e5l for \u00f8yet: -en deilig solfylt uteplass for rekreasjon og hyggelige stunder med venner og grilling i deilig ute-v\u00e6r opp\u00e5 terrassen. Men akkurat her ligger muligheter til dobbel utnyttelse av bebygget areal; akkurat som en u-utnyttet [&hellip;]<\/p>\n","protected":false},"author":1,"featured_media":26302,"parent":0,"menu_order":0,"comment_status":"closed","ping_status":"closed","template":"page-templates\/template-restec-single-page.php","meta":{"_acf_changed":false,"footnotes":""},"categories":[],"tags":[87],"class_list":["post-12423","page","type-page","status-publish","has-post-thumbnail","hentry","tag-terrasseplater"],"yoast_head":"<!-- This site is optimized with the Yoast SEO Premium plugin v20.6 (Yoast SEO v27.2) - https:\/\/yoast.com\/product\/yoast-seo-premium-wordpress\/ -->\n<title>Terrasseplater fra TIL-TAK<\/title>\n<meta name=\"description\" content=\"TIL-TAK Original terrasseplater er den perfekte l\u00f8sning for en 100% tett terrasse. 100% tett patentert dreneringssystem av tynne st\u00e5lplater.\" \/>\n<meta name=\"robots\" content=\"index, follow, max-snippet:-1, max-image-preview:large, max-video-preview:-1\" \/>\n<link rel=\"canonical\" href=\"https:\/\/til-tak.no\/en\/terrasseplater\/\" \/>\n<meta name=\"twitter:label1\" content=\"Estimated reading time\" \/>\n\t<meta name=\"twitter:data1\" content=\"4 minutes\" \/>\n<script type=\"application\/ld+json\" class=\"yoast-schema-graph\">{\"@context\":\"https:\/\/schema.org\",\"@graph\":[{\"@type\":\"WebPage\",\"@id\":\"https:\/\/til-tak.no\/terrasseplater\/\",\"url\":\"https:\/\/til-tak.no\/terrasseplater\/\",\"name\":\"Terrasseplater fra TIL-TAK\",\"isPartOf\":{\"@id\":\"https:\/\/til-tak.no\/#website\"},\"primaryImageOfPage\":{\"@id\":\"https:\/\/til-tak.no\/terrasseplater\/#primaryimage\"},\"image\":{\"@id\":\"https:\/\/til-tak.no\/terrasseplater\/#primaryimage\"},\"thumbnailUrl\":\"https:\/\/til-tak.no\/wp-content\/uploads\/2021\/04\/Til-Tak-original-nr1-6-scaled.jpg\",\"datePublished\":\"2020-05-06T09:50:35+00:00\",\"dateModified\":\"2023-03-22T08:46:05+00:00\",\"description\":\"TIL-TAK Original terrasseplater er den perfekte l\u00f8sning for en 100% tett terrasse. 100% tett patentert dreneringssystem av tynne st\u00e5lplater.\",\"breadcrumb\":{\"@id\":\"https:\/\/til-tak.no\/terrasseplater\/#breadcrumb\"},\"inLanguage\":\"en-GB\",\"potentialAction\":[{\"@type\":\"ReadAction\",\"target\":[\"https:\/\/til-tak.no\/terrasseplater\/\"]}]},{\"@type\":\"ImageObject\",\"inLanguage\":\"en-GB\",\"@id\":\"https:\/\/til-tak.no\/terrasseplater\/#primaryimage\",\"url\":\"https:\/\/til-tak.no\/wp-content\/uploads\/2021\/04\/Til-Tak-original-nr1-6-scaled.jpg\",\"contentUrl\":\"https:\/\/til-tak.no\/wp-content\/uploads\/2021\/04\/Til-Tak-original-nr1-6-scaled.jpg\",\"width\":1788,\"height\":1920},{\"@type\":\"BreadcrumbList\",\"@id\":\"https:\/\/til-tak.no\/terrasseplater\/#breadcrumb\",\"itemListElement\":[{\"@type\":\"ListItem\",\"position\":1,\"name\":\"Hjem\",\"item\":\"https:\/\/til-tak.no\/\"},{\"@type\":\"ListItem\",\"position\":2,\"name\":\"TIL-TAK terrasseplater\"}]},{\"@type\":\"WebSite\",\"@id\":\"https:\/\/til-tak.no\/#website\",\"url\":\"https:\/\/til-tak.no\/\",\"name\":\"TIL-TAK\",\"description\":\"TIL-TAK | 100% tett Dreneringssystem for Terrassegulv\",\"publisher\":{\"@id\":\"https:\/\/til-tak.no\/#organization\"},\"potentialAction\":[{\"@type\":\"SearchAction\",\"target\":{\"@type\":\"EntryPoint\",\"urlTemplate\":\"https:\/\/til-tak.no\/?s={search_term_string}\"},\"query-input\":{\"@type\":\"PropertyValueSpecification\",\"valueRequired\":true,\"valueName\":\"search_term_string\"}}],\"inLanguage\":\"en-GB\"},{\"@type\":\"Organization\",\"@id\":\"https:\/\/til-tak.no\/#organization\",\"name\":\"TIL-TAK AS\",\"url\":\"https:\/\/til-tak.no\/\",\"logo\":{\"@type\":\"ImageObject\",\"inLanguage\":\"en-GB\",\"@id\":\"https:\/\/til-tak.no\/#\/schema\/logo\/image\/\",\"url\":\"https:\/\/til-tak.no\/wp-content\/uploads\/2023\/02\/til-tak-logo-transparent1.png\",\"contentUrl\":\"https:\/\/til-tak.no\/wp-content\/uploads\/2023\/02\/til-tak-logo-transparent1.png\",\"width\":1027,\"height\":504,\"caption\":\"TIL-TAK AS\"},\"image\":{\"@id\":\"https:\/\/til-tak.no\/#\/schema\/logo\/image\/\"},\"sameAs\":[\"https:\/\/www.facebook.com\/tiltak.as\"]}]}<\/script>\n<!-- \/ Yoast SEO Premium plugin. -->","yoast_head_json":{"title":"Terrasseplater fra TIL-TAK","description":"TIL-TAK Original terrasseplater er den perfekte l\u00f8sning for en 100% tett terrasse. 100% tett patentert dreneringssystem av tynne st\u00e5lplater.","robots":{"index":"index","follow":"follow","max-snippet":"max-snippet:-1","max-image-preview":"max-image-preview:large","max-video-preview":"max-video-preview:-1"},"canonical":"https:\/\/til-tak.no\/en\/terrasseplater\/","twitter_misc":{"Estimated reading time":"4 minutes"},"schema":{"@context":"https:\/\/schema.org","@graph":[{"@type":"WebPage","@id":"https:\/\/til-tak.no\/terrasseplater\/","url":"https:\/\/til-tak.no\/terrasseplater\/","name":"Terrasseplater fra TIL-TAK","isPartOf":{"@id":"https:\/\/til-tak.no\/#website"},"primaryImageOfPage":{"@id":"https:\/\/til-tak.no\/terrasseplater\/#primaryimage"},"image":{"@id":"https:\/\/til-tak.no\/terrasseplater\/#primaryimage"},"thumbnailUrl":"https:\/\/til-tak.no\/wp-content\/uploads\/2021\/04\/Til-Tak-original-nr1-6-scaled.jpg","datePublished":"2020-05-06T09:50:35+00:00","dateModified":"2023-03-22T08:46:05+00:00","description":"TIL-TAK Original terrasseplater er den perfekte l\u00f8sning for en 100% tett terrasse. 100% tett patentert dreneringssystem av tynne st\u00e5lplater.","breadcrumb":{"@id":"https:\/\/til-tak.no\/terrasseplater\/#breadcrumb"},"inLanguage":"en-GB","potentialAction":[{"@type":"ReadAction","target":["https:\/\/til-tak.no\/terrasseplater\/"]}]},{"@type":"ImageObject","inLanguage":"en-GB","@id":"https:\/\/til-tak.no\/terrasseplater\/#primaryimage","url":"https:\/\/til-tak.no\/wp-content\/uploads\/2021\/04\/Til-Tak-original-nr1-6-scaled.jpg","contentUrl":"https:\/\/til-tak.no\/wp-content\/uploads\/2021\/04\/Til-Tak-original-nr1-6-scaled.jpg","width":1788,"height":1920},{"@type":"BreadcrumbList","@id":"https:\/\/til-tak.no\/terrasseplater\/#breadcrumb","itemListElement":[{"@type":"ListItem","position":1,"name":"Hjem","item":"https:\/\/til-tak.no\/"},{"@type":"ListItem","position":2,"name":"TIL-TAK terrasseplater"}]},{"@type":"WebSite","@id":"https:\/\/til-tak.no\/#website","url":"https:\/\/til-tak.no\/","name":"TIL-TAK","description":"TIL-TAK | 100% tett Dreneringssystem for Terrassegulv","publisher":{"@id":"https:\/\/til-tak.no\/#organization"},"potentialAction":[{"@type":"SearchAction","target":{"@type":"EntryPoint","urlTemplate":"https:\/\/til-tak.no\/?s={search_term_string}"},"query-input":{"@type":"PropertyValueSpecification","valueRequired":true,"valueName":"search_term_string"}}],"inLanguage":"en-GB"},{"@type":"Organization","@id":"https:\/\/til-tak.no\/#organization","name":"TIL-TAK AS","url":"https:\/\/til-tak.no\/","logo":{"@type":"ImageObject","inLanguage":"en-GB","@id":"https:\/\/til-tak.no\/#\/schema\/logo\/image\/","url":"https:\/\/til-tak.no\/wp-content\/uploads\/2023\/02\/til-tak-logo-transparent1.png","contentUrl":"https:\/\/til-tak.no\/wp-content\/uploads\/2023\/02\/til-tak-logo-transparent1.png","width":1027,"height":504,"caption":"TIL-TAK AS"},"image":{"@id":"https:\/\/til-tak.no\/#\/schema\/logo\/image\/"},"sameAs":["https:\/\/www.facebook.com\/tiltak.as"]}]}},"acf":{"accordion_title":"Ofte stilte sp\u00f8rsm\u00e5l","accordion_sectoin":[{"section_title":"Hvordan beregner jeg hvor mange plater og hvor mye tilbeh\u00f8r jeg beh\u00f8ver?","section_text":"<p>Ved \u00e5 taste inn dybde p\u00e5 terrassen og antall felter som skal tettes, inn i v\u00e5r\u00a0<a href=\"https:\/\/til-tak.no\/beregningskalkulator\/\"><strong>BEREGNINGSKALKULATOR<\/strong><\/a>, kommer det fram n\u00f8yaktig hva du trenger.<\/p>\n<p>(Husk \u00e5 f\u00f8rst velge TIL-TAK Original)<\/p>\n<p>Generelt kan det sies at det g\u00e5r med 1 patron pakningsmasse pr 3 plater og 1 eske skruer pr 6 m\u00b2<\/p>\n"},{"section_title":"Hva om jeg allerede har en eksisterende terrasse?","section_text":"<p>Vel \u00e5 velge\u00a0<a href=\"https:\/\/til-tak.no\/til-tak-light\"><strong>TIL-TAK Light<\/strong><\/a>\u00a0f\u00e5r du en l\u00f8sning som kan ettermonteres under de gamle terrassebordene. Du f\u00e5r en 100% tett l\u00f8sning som har n\u00f8yaktig samme funksjon som\u00a0<a href=\"https:\/\/til-tak.no\/til-tak-original\"><strong>TIL-TAK Original<\/strong><\/a>.<\/p>\n<p>Dersom du likevel av en eller annen \u00e5rsak \u00f8nsker \u00e5 bruke TIL-TAK Original, m\u00e5 de gamle terrassebordene rives. P\u00e5 denne m\u00e5ten f\u00e5r du jo muligheten til \u00e5 fornye terrassen med nye terrassebord.<\/p>\n"},{"section_title":"Kan jeg benytte TIL-TAK Original p\u00e5 taket p\u00e5 boligen min?","section_text":"<p>Kort og godt nei, det vil <strong>ikke<\/strong> v\u00e6re riktig bruksomr\u00e5de. TIL-TAK Original er ment for \u00e5 tette terrassegulv. Det er en dreneringsl\u00f8sning best\u00e5ende av tynne st\u00e5lplater som monteres opp\u00e5 og mellom bjelkene p\u00e5 terrassen. De blir dermed et tak for bruksomr\u00e5det som skapes <strong>under<\/strong> terrassen.<\/p>\n"}],"detaljer":"","documents":false,"videos":false,"title":"","subtitle":"","menu_title":"","menu_img":false,"menu_prod_link":"","menu_montering_link":"","calc_yes":[],"relaterte_innlegg":false},"_links":{"self":[{"href":"https:\/\/til-tak.no\/en\/wp-json\/wp\/v2\/pages\/12423","targetHints":{"allow":["GET"]}}],"collection":[{"href":"https:\/\/til-tak.no\/en\/wp-json\/wp\/v2\/pages"}],"about":[{"href":"https:\/\/til-tak.no\/en\/wp-json\/wp\/v2\/types\/page"}],"author":[{"embeddable":true,"href":"https:\/\/til-tak.no\/en\/wp-json\/wp\/v2\/users\/1"}],"replies":[{"embeddable":true,"href":"https:\/\/til-tak.no\/en\/wp-json\/wp\/v2\/comments?post=12423"}],"version-history":[{"count":0,"href":"https:\/\/til-tak.no\/en\/wp-json\/wp\/v2\/pages\/12423\/revisions"}],"wp:featuredmedia":[{"embeddable":true,"href":"https:\/\/til-tak.no\/en\/wp-json\/wp\/v2\/media\/26302"}],"wp:attachment":[{"href":"https:\/\/til-tak.no\/en\/wp-json\/wp\/v2\/media?parent=12423"}],"wp:term":[{"taxonomy":"category","embeddable":true,"href":"https:\/\/til-tak.no\/en\/wp-json\/wp\/v2\/categories?post=12423"},{"taxonomy":"post_tag","embeddable":true,"href":"https:\/\/til-tak.no\/en\/wp-json\/wp\/v2\/tags?post=12423"}],"curies":[{"name":"wp","href":"https:\/\/api.w.org\/{rel}","templated":true}]}}