{"id":12441,"date":"2020-05-06T12:33:21","date_gmt":"2020-05-06T10:33:21","guid":{"rendered":"https:\/\/til-tak.no\/?page_id=12441"},"modified":"2021-04-29T15:21:01","modified_gmt":"2021-04-29T13:21:01","slug":"undertak-til-terrasse","status":"publish","type":"page","link":"https:\/\/til-tak.no\/en\/undertak-til-terrasse","title":{"rendered":"Undertak til terrasse"},"content":{"rendered":"<p><strong><em>TIL-TAK Light: Et garantert tett undertak til terrasse!<\/em><\/strong><\/p>\n\n\n\n<p>En uteplass skal t\u00e5le vann og vind uten at det g\u00e5r ut over komfort eller trivsel. Med TIL-TAK undertak til terrassen f\u00e5r du en l\u00f8sning som gj\u00f8r at du kan ta i bruk plassen under en terrasse p\u00e5 en helt ny m\u00e5te! Pr i dag kan den ikke benyttes, fordi regn og fukt \u00f8delegger for hyggen. TIL-TAK Light er et undertak til terrassen, verandaen eller balkongen som garantert vil holde det tett, slik at du kan glede deg til sene sommerkvelder i all slags v\u00e6r. Du vil med andre ord v\u00e6re sikret en uteplass som forlenger sesongen.  <\/p>\n\n\n\n<figure class=\"wp-block-gallery columns-1 is-cropped wp-block-gallery-1 is-layout-flex wp-block-gallery-is-layout-flex\"><ul class=\"blocks-gallery-grid\"><li class=\"blocks-gallery-item\"><figure><img decoding=\"async\" width=\"1024\" height=\"768\" data-src=\"https:\/\/til-tak.no\/wp-content\/uploads\/2021\/03\/Etter06-1024x768.jpg\" alt=\"Undertak til terrasse\" data-id=\"24874\" class=\"wp-image-24874 lazyload\" data-srcset=\"https:\/\/til-tak.no\/wp-content\/uploads\/2021\/03\/Etter06-1024x768.jpg 1024w, https:\/\/til-tak.no\/wp-content\/uploads\/2021\/03\/Etter06-300x225.jpg 300w, https:\/\/til-tak.no\/wp-content\/uploads\/2021\/03\/Etter06-768x576.jpg 768w, https:\/\/til-tak.no\/wp-content\/uploads\/2021\/03\/Etter06-1536x1152.jpg 1536w, https:\/\/til-tak.no\/wp-content\/uploads\/2021\/03\/Etter06-2048x1536.jpg 2048w, https:\/\/til-tak.no\/wp-content\/uploads\/2021\/03\/Etter06-16x12.jpg 16w, https:\/\/til-tak.no\/wp-content\/uploads\/2021\/03\/Etter06-600x450.jpg 600w, https:\/\/til-tak.no\/wp-content\/uploads\/2021\/03\/Etter06-scaled.jpg 1920w\" data-sizes=\"(max-width: 1024px) 100vw, 1024px\" src=\"data:image\/gif;base64,R0lGODlhAQABAAAAACH5BAEKAAEALAAAAAABAAEAAAICTAEAOw==\" style=\"--smush-placeholder-width: 1024px; --smush-placeholder-aspect-ratio: 1024\/768;\" \/><\/figure><\/li><\/ul><\/figure>\n\n\n\n<p>Undertakets hovedoppgave er \u00e5 holde arealet under terrassen t\u00f8rt. Det unike med v\u00e5re produkter er at de tillater deg \u00e5 utnytte plass du allerede har, enten det er under en h\u00f8y <strong><a href=\"https:\/\/no.wikipedia.org\/wiki\/Terrasse\" target=\"_blank\" rel=\"noreferrer noopener\">terrasse<\/a><\/strong>, <strong><a href=\"https:\/\/no.wikipedia.org\/wiki\/Veranda\" target=\"_blank\" rel=\"noreferrer noopener\">veranda<\/a><\/strong> eller <strong><a href=\"https:\/\/no.wikipedia.org\/wiki\/Balkong\" target=\"_blank\" rel=\"noreferrer noopener\">balkong<\/a><\/strong>. TIL-TAK Light best\u00e5r av en lett PVC-duk, som i de fleste tilfeller monteres etter at terrassen\/ balkongen allerede er p\u00e5 plass. Det er en enkel og kostnadseffektiv l\u00f8sning som gir deg en unik mulighet til \u00e5 utnytte uteplassen til det ytterste. Terrasseduken vil ogs\u00e5 s\u00f8rge for en kontinuerlig t\u00f8rr lagringsplass for alt fra utem\u00f8bler til ved og verkt\u00f8y.  <\/p>\n\n\n\n<p>TIL-TAK Light undertak til terrasse kan ogs\u00e5 i mange sammenhenger v\u00e6re den beste l\u00f8sningen p\u00e5 en <strong><em><a href=\"https:\/\/til-tak.no\/en\/blog\/2018\/04\/05\/skal-du-bygge-terrasse\/\">ny terrasse<\/a><\/em><\/strong>. Det kan for eksempe v\u00e6re at senteravstanden mellom bjelkene er mindre enn 60 cm. Da vil fortsatt <strong><a href=\"https:\/\/til-tak.no\/en\/til-tak-light\/\" target=\"_blank\" rel=\"noreferrer noopener\">TIL-TAK Light<\/a><\/strong> kunne v\u00e6re et fullgodt alternativ, med like god garanti for at det blir tett, som <strong><a href=\"https:\/\/til-tak.no\/en\/til-tak-original\/\" target=\"_blank\" rel=\"noreferrer noopener\">TIL-TAK Original<\/a><\/strong>.<\/p>\n\n\n\n<p>Ta gjerne kontakt med din n\u00e6rmeste leverand\u00f8r av byggevarer for r\u00e5d og tips ang\u00e5ende undertak til terrassen. V\u00e5re produkter finner du i alle de store forhandlerne av byggevarer. Finn din n\u00e6rmeste forhandler <a href=\"https:\/\/til-tak.no\/en\/forhandlere\/\"><strong><em>her<\/em><\/strong><\/a>.  <\/p>\n\n\n\n<p>Har du sp\u00f8rsm\u00e5l ang\u00e5ende TIL-TAK Light og bruksomr\u00e5der for undertak til terrasse? Ta gjerne kontakt med oss. Vi bist\u00e5r med glede, b\u00e5de om du er ny, eller eksisterende kunde. Ring oss p\u00e5 32 83 03 00 eller send en e-post til post@til-tak.no. <\/p>","protected":false},"excerpt":{"rendered":"<p>TIL-TAK Light: Et garantert tett undertak til terrasse! En uteplass skal t\u00e5le vann og vind uten at det g\u00e5r ut over komfort eller trivsel. Med TIL-TAK undertak til terrassen f\u00e5r du en l\u00f8sning som gj\u00f8r at du kan ta i bruk plassen under en terrasse p\u00e5 en helt ny m\u00e5te! Pr i dag kan den [&hellip;]<\/p>\n","protected":false},"author":1,"featured_media":23878,"parent":0,"menu_order":0,"comment_status":"closed","ping_status":"closed","template":"page-templates\/template-restec-single-page.php","meta":{"_acf_changed":false,"footnotes":""},"categories":[],"tags":[],"class_list":["post-12441","page","type-page","status-publish","has-post-thumbnail","hentry"],"yoast_head":"<!-- This site is optimized with the Yoast SEO Premium plugin v20.6 (Yoast SEO v27.5) - https:\/\/yoast.com\/product\/yoast-seo-premium-wordpress\/ -->\n<title>Undertak til terrasse | 100% tett undertak til terrasse og balkong - TIL-TAK<\/title>\n<meta name=\"description\" content=\"Undertak til terrasse - TIL-TAK Light er en enkel og kostnadseffektiv l\u00f8sning som gir deg en unik muligheten til \u00e5 utnytte den plassen du alt har.\" \/>\n<meta name=\"robots\" content=\"index, follow, max-snippet:-1, max-image-preview:large, max-video-preview:-1\" \/>\n<link rel=\"canonical\" href=\"https:\/\/til-tak.no\/en\/undertak-til-terrasse\/\" \/>\n<meta name=\"twitter:label1\" content=\"Estimated reading time\" \/>\n\t<meta name=\"twitter:data1\" content=\"2 minutes\" \/>\n<script type=\"application\/ld+json\" class=\"yoast-schema-graph\">{\"@context\":\"https:\\\/\\\/schema.org\",\"@graph\":[{\"@type\":\"WebPage\",\"@id\":\"https:\\\/\\\/til-tak.no\\\/undertak-til-terrasse\\\/\",\"url\":\"https:\\\/\\\/til-tak.no\\\/undertak-til-terrasse\\\/\",\"name\":\"Undertak til terrasse | 100% tett undertak til terrasse og balkong - TIL-TAK\",\"isPartOf\":{\"@id\":\"https:\\\/\\\/til-tak.no\\\/#website\"},\"primaryImageOfPage\":{\"@id\":\"https:\\\/\\\/til-tak.no\\\/undertak-til-terrasse\\\/#primaryimage\"},\"image\":{\"@id\":\"https:\\\/\\\/til-tak.no\\\/undertak-til-terrasse\\\/#primaryimage\"},\"thumbnailUrl\":\"https:\\\/\\\/til-tak.no\\\/wp-content\\\/uploads\\\/2021\\\/03\\\/Papp-over-bjelker01.jpg\",\"datePublished\":\"2020-05-06T10:33:21+00:00\",\"dateModified\":\"2021-04-29T13:21:01+00:00\",\"description\":\"Undertak til terrasse - TIL-TAK Light er en enkel og kostnadseffektiv l\u00f8sning som gir deg en unik muligheten til \u00e5 utnytte den plassen du alt har.\",\"breadcrumb\":{\"@id\":\"https:\\\/\\\/til-tak.no\\\/undertak-til-terrasse\\\/#breadcrumb\"},\"inLanguage\":\"en-GB\",\"potentialAction\":[{\"@type\":\"ReadAction\",\"target\":[\"https:\\\/\\\/til-tak.no\\\/undertak-til-terrasse\\\/\"]}]},{\"@type\":\"ImageObject\",\"inLanguage\":\"en-GB\",\"@id\":\"https:\\\/\\\/til-tak.no\\\/undertak-til-terrasse\\\/#primaryimage\",\"url\":\"https:\\\/\\\/til-tak.no\\\/wp-content\\\/uploads\\\/2021\\\/03\\\/Papp-over-bjelker01.jpg\",\"contentUrl\":\"https:\\\/\\\/til-tak.no\\\/wp-content\\\/uploads\\\/2021\\\/03\\\/Papp-over-bjelker01.jpg\",\"width\":1798,\"height\":860},{\"@type\":\"BreadcrumbList\",\"@id\":\"https:\\\/\\\/til-tak.no\\\/undertak-til-terrasse\\\/#breadcrumb\",\"itemListElement\":[{\"@type\":\"ListItem\",\"position\":1,\"name\":\"Hjem\",\"item\":\"https:\\\/\\\/til-tak.no\\\/\"},{\"@type\":\"ListItem\",\"position\":2,\"name\":\"Undertak til terrasse\"}]},{\"@type\":\"WebSite\",\"@id\":\"https:\\\/\\\/til-tak.no\\\/#website\",\"url\":\"https:\\\/\\\/til-tak.no\\\/\",\"name\":\"TIL-TAK\",\"description\":\"TIL-TAK | 100% tett Dreneringssystem for Terrassegulv\",\"publisher\":{\"@id\":\"https:\\\/\\\/til-tak.no\\\/#organization\"},\"potentialAction\":[{\"@type\":\"SearchAction\",\"target\":{\"@type\":\"EntryPoint\",\"urlTemplate\":\"https:\\\/\\\/til-tak.no\\\/?s={search_term_string}\"},\"query-input\":{\"@type\":\"PropertyValueSpecification\",\"valueRequired\":true,\"valueName\":\"search_term_string\"}}],\"inLanguage\":\"en-GB\"},{\"@type\":\"Organization\",\"@id\":\"https:\\\/\\\/til-tak.no\\\/#organization\",\"name\":\"TIL-TAK AS\",\"url\":\"https:\\\/\\\/til-tak.no\\\/\",\"logo\":{\"@type\":\"ImageObject\",\"inLanguage\":\"en-GB\",\"@id\":\"https:\\\/\\\/til-tak.no\\\/#\\\/schema\\\/logo\\\/image\\\/\",\"url\":\"https:\\\/\\\/til-tak.no\\\/wp-content\\\/uploads\\\/2023\\\/02\\\/til-tak-logo-transparent1.png\",\"contentUrl\":\"https:\\\/\\\/til-tak.no\\\/wp-content\\\/uploads\\\/2023\\\/02\\\/til-tak-logo-transparent1.png\",\"width\":1027,\"height\":504,\"caption\":\"TIL-TAK AS\"},\"image\":{\"@id\":\"https:\\\/\\\/til-tak.no\\\/#\\\/schema\\\/logo\\\/image\\\/\"},\"sameAs\":[\"https:\\\/\\\/www.facebook.com\\\/tiltak.as\"]}]}<\/script>\n<!-- \/ Yoast SEO Premium plugin. -->","yoast_head_json":{"title":"Undertak til terrasse | 100% tett undertak til terrasse og balkong - TIL-TAK","description":"Undertak til terrasse - TIL-TAK Light er en enkel og kostnadseffektiv l\u00f8sning som gir deg en unik muligheten til \u00e5 utnytte den plassen du alt har.","robots":{"index":"index","follow":"follow","max-snippet":"max-snippet:-1","max-image-preview":"max-image-preview:large","max-video-preview":"max-video-preview:-1"},"canonical":"https:\/\/til-tak.no\/en\/undertak-til-terrasse\/","twitter_misc":{"Estimated reading time":"2 minutes"},"schema":{"@context":"https:\/\/schema.org","@graph":[{"@type":"WebPage","@id":"https:\/\/til-tak.no\/undertak-til-terrasse\/","url":"https:\/\/til-tak.no\/undertak-til-terrasse\/","name":"Undertak til terrasse | 100% tett undertak til terrasse og balkong - TIL-TAK","isPartOf":{"@id":"https:\/\/til-tak.no\/#website"},"primaryImageOfPage":{"@id":"https:\/\/til-tak.no\/undertak-til-terrasse\/#primaryimage"},"image":{"@id":"https:\/\/til-tak.no\/undertak-til-terrasse\/#primaryimage"},"thumbnailUrl":"https:\/\/til-tak.no\/wp-content\/uploads\/2021\/03\/Papp-over-bjelker01.jpg","datePublished":"2020-05-06T10:33:21+00:00","dateModified":"2021-04-29T13:21:01+00:00","description":"Undertak til terrasse - TIL-TAK Light er en enkel og kostnadseffektiv l\u00f8sning som gir deg en unik muligheten til \u00e5 utnytte den plassen du alt har.","breadcrumb":{"@id":"https:\/\/til-tak.no\/undertak-til-terrasse\/#breadcrumb"},"inLanguage":"en-GB","potentialAction":[{"@type":"ReadAction","target":["https:\/\/til-tak.no\/undertak-til-terrasse\/"]}]},{"@type":"ImageObject","inLanguage":"en-GB","@id":"https:\/\/til-tak.no\/undertak-til-terrasse\/#primaryimage","url":"https:\/\/til-tak.no\/wp-content\/uploads\/2021\/03\/Papp-over-bjelker01.jpg","contentUrl":"https:\/\/til-tak.no\/wp-content\/uploads\/2021\/03\/Papp-over-bjelker01.jpg","width":1798,"height":860},{"@type":"BreadcrumbList","@id":"https:\/\/til-tak.no\/undertak-til-terrasse\/#breadcrumb","itemListElement":[{"@type":"ListItem","position":1,"name":"Hjem","item":"https:\/\/til-tak.no\/"},{"@type":"ListItem","position":2,"name":"Undertak til terrasse"}]},{"@type":"WebSite","@id":"https:\/\/til-tak.no\/#website","url":"https:\/\/til-tak.no\/","name":"TIL-TAK","description":"TIL-TAK | 100% tett Dreneringssystem for Terrassegulv","publisher":{"@id":"https:\/\/til-tak.no\/#organization"},"potentialAction":[{"@type":"SearchAction","target":{"@type":"EntryPoint","urlTemplate":"https:\/\/til-tak.no\/?s={search_term_string}"},"query-input":{"@type":"PropertyValueSpecification","valueRequired":true,"valueName":"search_term_string"}}],"inLanguage":"en-GB"},{"@type":"Organization","@id":"https:\/\/til-tak.no\/#organization","name":"TIL-TAK AS","url":"https:\/\/til-tak.no\/","logo":{"@type":"ImageObject","inLanguage":"en-GB","@id":"https:\/\/til-tak.no\/#\/schema\/logo\/image\/","url":"https:\/\/til-tak.no\/wp-content\/uploads\/2023\/02\/til-tak-logo-transparent1.png","contentUrl":"https:\/\/til-tak.no\/wp-content\/uploads\/2023\/02\/til-tak-logo-transparent1.png","width":1027,"height":504,"caption":"TIL-TAK AS"},"image":{"@id":"https:\/\/til-tak.no\/#\/schema\/logo\/image\/"},"sameAs":["https:\/\/www.facebook.com\/tiltak.as"]}]}},"acf":{"accordion_title":"Ofte stilte sp\u00f8rsm\u00e5l","accordion_sectoin":[{"section_title":"Er det vanskelig \u00e5 montere TIL-TAK Light?","section_text":"<p>Nei, dette er noe de aller fleste fint kan klare selv, dersom de er litt nevenyttige, og ikke er redde for \u00e5 pr\u00f8ve.<\/p>\n<p>Kort fortalt festes terrasseduken til bjelkelaget via en plastprofil med et glidespor som skrus fast i bjelkene under terrassen. Plastprofilen skal festes med fall fra husvegg til ytterkant av terrassen. Duken trekkes s\u00e5 inn i glidesporet fra ytterkant og inn mot husveggen, der den blir hengende som en vannrenne mellom bjelkene. Pakningsmassen skal kun benyttes der det er beskrevet, og i spesifisert mengde. V\u00e6r obs p\u00e5 at du trenger 2 patroner pakningsmasse per 10 meter terrasseduk. Se ogs\u00e5 v\u00e5r <a href=\"https:\/\/til-tak.no\/beregningskalkulator\/\"><strong>Beregningskalkulator<\/strong><\/a>, for n\u00f8yaktig beregning av alt du trenger<\/p>\n<p>For \u00e5 v\u00e6re best mulig forberedt anbefaler vi \u00e5 bruke god tid b\u00e5de p\u00e5 b\u00e5de v\u00e5r <strong><a href=\"https:\/\/www.youtube.com\/watch?v=7o5HsxUfu6U&amp;t=1s&amp;ab_channel=TIL-TAKAS\">monteringsvideo<\/a><\/strong> og v\u00e5r <a href=\"https:\/\/til-tak.no\/wp-content\/uploads\/2021\/03\/TIL-TAK-Light-2021_web.pdf\"><strong>monteringsanvisning<\/strong><\/a><\/p>\n<p>Husk at montering av v\u00e5re produkter, der det kreves <a href=\"https:\/\/til-tak.no\/produkt\/42099733-til-tak-pakningsmasse\/\"><strong>pakningsmasse<\/strong><\/a>, ikke kan monteres i minus-grader!<\/p>\n"},{"section_title":"Blir det helt tett med TIL-TAK Light?","section_text":"<p>Ja, dersom <strong><a href=\"https:\/\/til-tak.no\/wp-content\/uploads\/2021\/03\/TIL-TAK-Light-2021_web.pdf\">v\u00e5r monteringsanvisning \u00a0<\/a><\/strong>f\u00f8lges, og gitt at du er n\u00f8ye med jobben, garanterer vi et 100% tett terrassegulv.<\/p>\n<p>F\u00f8lg instruksene for pakningsmasse n\u00f8ye, da dette er en ikke- herdene masse som er avgj\u00f8rende for \u00e5 oppn\u00e5 et tett resultat.<\/p>\n<p>Der man benytter grunnmurspapp opp\u00e5 bjelkene erstatter pappen pakningsmassen.<\/p>\n<p>Dreneringssystemet kan med fordel kombineres med <a href=\"https:\/\/til-tak.no\/blog\/2020\/03\/28\/smarte-losninger\/\"><strong>takrenne og veggbeslag<\/strong><\/a> slik at vannet ledes sikkert fra hus og ned i grunn.<\/p>\n"},{"section_title":"Kan jeg bygge inn plassen under en tett terrasse?","section_text":"<p>Ja, absolutt! Dersom behovet er en t\u00f8rr utebod f.eks, er det likevel viktig \u00e5 s\u00f8rge for tilstrekkelig lufting.<\/p>\n<p>Du kan ogs\u00e5 bygge et helt tett og isolert rom under en tett terrasse. Det er da viktig med riktig type isolasjon opp mot bjelkene. Veldig godt egnet til dette er v\u00e5re <strong><a href=\"https:\/\/til-tak.no\/blog\/2020\/11\/18\/lavtbyggende-isolering-pa-tak\/\">termPIR\u00ae isolasjonsplater<\/a><\/strong>. Disse monteres under bjelkene, f\u00f8r du lekter ned og monterer himlingspanel. S\u00f8rg ogs\u00e5 for fri luftpassasje fra takrenne til husvegg, og videre opp bak ytterpanel p\u00e5 husvegg, til takutstikk. Ved \u00e5 gj\u00f8re dette, ung\u00e5r du eventuell kondensdannelse. Se eksempel p\u00e5 innbygging <a href=\"https:\/\/til-tak.no\/blog\/2019\/05\/06\/fikk-hjelp-av-til-tak-og-sinnasnekkern-otto-robsahm\/\"><strong>HER<\/strong><\/a>.<\/p>\n"}],"detaljer":"","documents":false,"videos":false,"title":"","subtitle":"","menu_title":"","menu_img":false,"menu_prod_link":"","menu_montering_link":"","calc_yes":[],"relaterte_innlegg":false},"_links":{"self":[{"href":"https:\/\/til-tak.no\/en\/wp-json\/wp\/v2\/pages\/12441","targetHints":{"allow":["GET"]}}],"collection":[{"href":"https:\/\/til-tak.no\/en\/wp-json\/wp\/v2\/pages"}],"about":[{"href":"https:\/\/til-tak.no\/en\/wp-json\/wp\/v2\/types\/page"}],"author":[{"embeddable":true,"href":"https:\/\/til-tak.no\/en\/wp-json\/wp\/v2\/users\/1"}],"replies":[{"embeddable":true,"href":"https:\/\/til-tak.no\/en\/wp-json\/wp\/v2\/comments?post=12441"}],"version-history":[{"count":0,"href":"https:\/\/til-tak.no\/en\/wp-json\/wp\/v2\/pages\/12441\/revisions"}],"wp:featuredmedia":[{"embeddable":true,"href":"https:\/\/til-tak.no\/en\/wp-json\/wp\/v2\/media\/23878"}],"wp:attachment":[{"href":"https:\/\/til-tak.no\/en\/wp-json\/wp\/v2\/media?parent=12441"}],"wp:term":[{"taxonomy":"category","embeddable":true,"href":"https:\/\/til-tak.no\/en\/wp-json\/wp\/v2\/categories?post=12441"},{"taxonomy":"post_tag","embeddable":true,"href":"https:\/\/til-tak.no\/en\/wp-json\/wp\/v2\/tags?post=12441"}],"curies":[{"name":"wp","href":"https:\/\/api.w.org\/{rel}","templated":true}]}}