{"id":50095,"date":"2024-11-27T14:42:56","date_gmt":"2024-11-27T13:42:56","guid":{"rendered":"https:\/\/til-tak.no\/?page_id=50095"},"modified":"2024-11-27T14:44:15","modified_gmt":"2024-11-27T13:44:15","slug":"tett-terrasse-pa-fjellhytte-i-are","status":"publish","type":"page","link":"https:\/\/til-tak.no\/en\/tett-terrasse-pa-fjellhytte-i-are\/","title":{"rendered":"Tett terrasse p\u00e5 fjellhytte i \u00c5re"},"content":{"rendered":"<p>I \u00c5re rett innenefor svenske-grensen fra Trondheim bygger \u00d8sterhus flotte luksushytter med TIL-TAK Original terrasseplater for t\u00f8rt inngangsparti og lagringsplass under terrassen. <\/p>\n\n\n\n<h2 class=\"wp-block-heading\" id=\"h-platene-kan-overlappes-sa-langt-man-behover\">Platene kan overlappes s\u00e5 langt man beh\u00f8ver<\/h2>\n\n\n\n<p>TIL-TAK plate nr 1 og 2 kan dekke opptil 2.45 meter ut fra vegg, men i dette tilfellet var terrassen kun 1.45 meter slik at platene nesten overlapper 100% i lengderetningen.<\/p>\n\n\n\n<figure class=\"wp-block-gallery has-nested-images columns-2 is-cropped wp-block-gallery-1 is-layout-flex wp-block-gallery-is-layout-flex\">\n<figure class=\"wp-block-image size-large\"><img decoding=\"async\" width=\"1024\" height=\"768\" data-id=\"50098\" data-src=\"https:\/\/til-tak.no\/wp-content\/uploads\/2024\/11\/20240530-115858-5-11zon-1024x768.jpg\" alt=\"\" class=\"wp-image-50098 lazyload\" data-srcset=\"https:\/\/til-tak.no\/wp-content\/uploads\/2024\/11\/20240530-115858-5-11zon-1024x768.jpg 1024w, https:\/\/til-tak.no\/wp-content\/uploads\/2024\/11\/20240530-115858-5-11zon-300x225.jpg 300w, https:\/\/til-tak.no\/wp-content\/uploads\/2024\/11\/20240530-115858-5-11zon-768x576.jpg 768w, https:\/\/til-tak.no\/wp-content\/uploads\/2024\/11\/20240530-115858-5-11zon-1536x1152.jpg 1536w, https:\/\/til-tak.no\/wp-content\/uploads\/2024\/11\/20240530-115858-5-11zon-16x12.jpg 16w, https:\/\/til-tak.no\/wp-content\/uploads\/2024\/11\/20240530-115858-5-11zon-600x450.jpg 600w, https:\/\/til-tak.no\/wp-content\/uploads\/2024\/11\/20240530-115858-5-11zon.jpg 1600w\" data-sizes=\"(max-width: 1024px) 100vw, 1024px\" src=\"data:image\/gif;base64,R0lGODlhAQABAAAAACH5BAEKAAEALAAAAAABAAEAAAICTAEAOw==\" style=\"--smush-placeholder-width: 1024px; --smush-placeholder-aspect-ratio: 1024\/768;\" \/><\/figure>\n\n\n\n<figure class=\"wp-block-image size-large\"><img decoding=\"async\" width=\"1024\" height=\"768\" data-id=\"50096\" data-src=\"https:\/\/til-tak.no\/wp-content\/uploads\/2024\/11\/20240530-115940-7-11zon-1024x768.jpg\" alt=\"\" class=\"wp-image-50096 lazyload\" data-srcset=\"https:\/\/til-tak.no\/wp-content\/uploads\/2024\/11\/20240530-115940-7-11zon-1024x768.jpg 1024w, https:\/\/til-tak.no\/wp-content\/uploads\/2024\/11\/20240530-115940-7-11zon-300x225.jpg 300w, https:\/\/til-tak.no\/wp-content\/uploads\/2024\/11\/20240530-115940-7-11zon-768x576.jpg 768w, https:\/\/til-tak.no\/wp-content\/uploads\/2024\/11\/20240530-115940-7-11zon-1536x1152.jpg 1536w, https:\/\/til-tak.no\/wp-content\/uploads\/2024\/11\/20240530-115940-7-11zon-16x12.jpg 16w, https:\/\/til-tak.no\/wp-content\/uploads\/2024\/11\/20240530-115940-7-11zon-600x450.jpg 600w, https:\/\/til-tak.no\/wp-content\/uploads\/2024\/11\/20240530-115940-7-11zon.jpg 1600w\" data-sizes=\"(max-width: 1024px) 100vw, 1024px\" src=\"data:image\/gif;base64,R0lGODlhAQABAAAAACH5BAEKAAEALAAAAAABAAEAAAICTAEAOw==\" style=\"--smush-placeholder-width: 1024px; --smush-placeholder-aspect-ratio: 1024\/768;\" \/><\/figure>\n\n\n\n<figure class=\"wp-block-image size-large\"><img decoding=\"async\" width=\"1024\" height=\"768\" data-id=\"50097\" data-src=\"https:\/\/til-tak.no\/wp-content\/uploads\/2024\/11\/20240530-122218-11-11zon-1024x768.jpg\" alt=\"\" class=\"wp-image-50097 lazyload\" data-srcset=\"https:\/\/til-tak.no\/wp-content\/uploads\/2024\/11\/20240530-122218-11-11zon-1024x768.jpg 1024w, https:\/\/til-tak.no\/wp-content\/uploads\/2024\/11\/20240530-122218-11-11zon-300x225.jpg 300w, https:\/\/til-tak.no\/wp-content\/uploads\/2024\/11\/20240530-122218-11-11zon-768x576.jpg 768w, https:\/\/til-tak.no\/wp-content\/uploads\/2024\/11\/20240530-122218-11-11zon-1536x1152.jpg 1536w, https:\/\/til-tak.no\/wp-content\/uploads\/2024\/11\/20240530-122218-11-11zon-16x12.jpg 16w, https:\/\/til-tak.no\/wp-content\/uploads\/2024\/11\/20240530-122218-11-11zon-600x450.jpg 600w, https:\/\/til-tak.no\/wp-content\/uploads\/2024\/11\/20240530-122218-11-11zon.jpg 1600w\" data-sizes=\"(max-width: 1024px) 100vw, 1024px\" src=\"data:image\/gif;base64,R0lGODlhAQABAAAAACH5BAEKAAEALAAAAAABAAEAAAICTAEAOw==\" style=\"--smush-placeholder-width: 1024px; --smush-placeholder-aspect-ratio: 1024\/768;\" \/><\/figure>\n<\/figure>\n\n\n\n<p>Med den ekstra lengden plater som var til r\u00e5dighet valgte entrepren\u00f8ren \u00e5 klippe av kantene p\u00e5 den dypeste platen, og <a href=\"https:\/\/til-tak.no\/en\/blog\/2020\/08\/21\/lede-vannet-ned-i-takrenne\/\">brette platebunn ned mot takrenne<\/a>, slik at vannet f\u00f8res trygt ned i takrennen uten \u00e5 sprute. <\/p>\n\n\n\n<h2 class=\"wp-block-heading\" id=\"h-justeringsplater-for-endefakk-som-har-smalere-bredder\">Justeringsplater for endefakk som har smalere bredder<\/h2>\n\n\n\n<figure class=\"wp-block-gallery has-nested-images columns-3 is-cropped wp-block-gallery-2 is-layout-flex wp-block-gallery-is-layout-flex\">\n<figure class=\"wp-block-image size-large\"><img decoding=\"async\" width=\"768\" height=\"1024\" data-id=\"50100\" data-src=\"https:\/\/til-tak.no\/wp-content\/uploads\/2024\/11\/20240530-113901-1-11zon-768x1024.jpg\" alt=\"\" class=\"wp-image-50100 lazyload\" data-srcset=\"https:\/\/til-tak.no\/wp-content\/uploads\/2024\/11\/20240530-113901-1-11zon-768x1024.jpg 768w, https:\/\/til-tak.no\/wp-content\/uploads\/2024\/11\/20240530-113901-1-11zon-225x300.jpg 225w, https:\/\/til-tak.no\/wp-content\/uploads\/2024\/11\/20240530-113901-1-11zon-1152x1536.jpg 1152w, https:\/\/til-tak.no\/wp-content\/uploads\/2024\/11\/20240530-113901-1-11zon-9x12.jpg 9w, https:\/\/til-tak.no\/wp-content\/uploads\/2024\/11\/20240530-113901-1-11zon-600x800.jpg 600w, https:\/\/til-tak.no\/wp-content\/uploads\/2024\/11\/20240530-113901-1-11zon.jpg 1200w\" data-sizes=\"(max-width: 768px) 100vw, 768px\" src=\"data:image\/gif;base64,R0lGODlhAQABAAAAACH5BAEKAAEALAAAAAABAAEAAAICTAEAOw==\" style=\"--smush-placeholder-width: 768px; --smush-placeholder-aspect-ratio: 768\/1024;\" \/><\/figure>\n\n\n\n<figure class=\"wp-block-image size-large\"><img decoding=\"async\" width=\"1200\" height=\"1600\" data-id=\"50102\" data-src=\"https:\/\/til-tak.no\/wp-content\/uploads\/2024\/11\/20240530-114907-4-11zon-edited.jpg\" alt=\"\" class=\"wp-image-50102 lazyload\" data-srcset=\"https:\/\/til-tak.no\/wp-content\/uploads\/2024\/11\/20240530-114907-4-11zon-edited.jpg 1200w, https:\/\/til-tak.no\/wp-content\/uploads\/2024\/11\/20240530-114907-4-11zon-edited-225x300.jpg 225w, https:\/\/til-tak.no\/wp-content\/uploads\/2024\/11\/20240530-114907-4-11zon-edited-768x1024.jpg 768w, https:\/\/til-tak.no\/wp-content\/uploads\/2024\/11\/20240530-114907-4-11zon-edited-1152x1536.jpg 1152w, https:\/\/til-tak.no\/wp-content\/uploads\/2024\/11\/20240530-114907-4-11zon-edited-9x12.jpg 9w, https:\/\/til-tak.no\/wp-content\/uploads\/2024\/11\/20240530-114907-4-11zon-edited-600x800.jpg 600w\" data-sizes=\"(max-width: 1200px) 100vw, 1200px\" src=\"data:image\/gif;base64,R0lGODlhAQABAAAAACH5BAEKAAEALAAAAAABAAEAAAICTAEAOw==\" style=\"--smush-placeholder-width: 1200px; --smush-placeholder-aspect-ratio: 1200\/1600;\" \/><\/figure>\n\n\n\n<figure class=\"wp-block-image size-large\"><img decoding=\"async\" width=\"768\" height=\"1024\" data-id=\"50101\" data-src=\"https:\/\/til-tak.no\/wp-content\/uploads\/2024\/11\/20240530-120229-8-11zon-768x1024.jpg\" alt=\"\" class=\"wp-image-50101 lazyload\" data-srcset=\"https:\/\/til-tak.no\/wp-content\/uploads\/2024\/11\/20240530-120229-8-11zon-768x1024.jpg 768w, https:\/\/til-tak.no\/wp-content\/uploads\/2024\/11\/20240530-120229-8-11zon-225x300.jpg 225w, https:\/\/til-tak.no\/wp-content\/uploads\/2024\/11\/20240530-120229-8-11zon-1152x1536.jpg 1152w, https:\/\/til-tak.no\/wp-content\/uploads\/2024\/11\/20240530-120229-8-11zon-9x12.jpg 9w, https:\/\/til-tak.no\/wp-content\/uploads\/2024\/11\/20240530-120229-8-11zon-600x800.jpg 600w, https:\/\/til-tak.no\/wp-content\/uploads\/2024\/11\/20240530-120229-8-11zon.jpg 1200w\" data-sizes=\"(max-width: 768px) 100vw, 768px\" src=\"data:image\/gif;base64,R0lGODlhAQABAAAAACH5BAEKAAEALAAAAAABAAEAAAICTAEAOw==\" style=\"--smush-placeholder-width: 768px; --smush-placeholder-aspect-ratio: 768\/1024;\" \/><\/figure>\n<\/figure>\n\n\n\n<p>For endefakk p\u00e5 hver side av terrassen som er smalere enn CC60cm kan man enten bruke en <a href=\"https:\/\/til-tak.no\/en\/product\/28851541-til-tak-original-justeringsplate-1\/\">justeringsplate<\/a>, eller dersom mellomrommet er smalt nok, kan man klippe en standardplate p\u00e5 langs, og montere den p\u00e5 samme m\u00e5te som en justeringsplate. <\/p>\n\n\n\n<figure class=\"wp-block-gallery has-nested-images columns-2 is-cropped wp-block-gallery-3 is-layout-flex wp-block-gallery-is-layout-flex\">\n<figure class=\"wp-block-image size-large\"><img decoding=\"async\" width=\"1024\" height=\"768\" data-id=\"50104\" data-src=\"https:\/\/til-tak.no\/wp-content\/uploads\/2024\/11\/20240530-122821-14-11zon-1024x768.jpg\" alt=\"\" class=\"wp-image-50104 lazyload\" data-srcset=\"https:\/\/til-tak.no\/wp-content\/uploads\/2024\/11\/20240530-122821-14-11zon-1024x768.jpg 1024w, https:\/\/til-tak.no\/wp-content\/uploads\/2024\/11\/20240530-122821-14-11zon-300x225.jpg 300w, https:\/\/til-tak.no\/wp-content\/uploads\/2024\/11\/20240530-122821-14-11zon-768x576.jpg 768w, https:\/\/til-tak.no\/wp-content\/uploads\/2024\/11\/20240530-122821-14-11zon-1536x1152.jpg 1536w, https:\/\/til-tak.no\/wp-content\/uploads\/2024\/11\/20240530-122821-14-11zon-16x12.jpg 16w, https:\/\/til-tak.no\/wp-content\/uploads\/2024\/11\/20240530-122821-14-11zon-600x450.jpg 600w, https:\/\/til-tak.no\/wp-content\/uploads\/2024\/11\/20240530-122821-14-11zon.jpg 1600w\" data-sizes=\"(max-width: 1024px) 100vw, 1024px\" src=\"data:image\/gif;base64,R0lGODlhAQABAAAAACH5BAEKAAEALAAAAAABAAEAAAICTAEAOw==\" style=\"--smush-placeholder-width: 1024px; --smush-placeholder-aspect-ratio: 1024\/768;\" \/><\/figure>\n\n\n\n<figure class=\"wp-block-image size-large\"><img decoding=\"async\" width=\"1024\" height=\"768\" data-id=\"50107\" data-src=\"https:\/\/til-tak.no\/wp-content\/uploads\/2024\/11\/20240530-123118-1024x768.jpg\" alt=\"\" class=\"wp-image-50107 lazyload\" data-srcset=\"https:\/\/til-tak.no\/wp-content\/uploads\/2024\/11\/20240530-123118-1024x768.jpg 1024w, https:\/\/til-tak.no\/wp-content\/uploads\/2024\/11\/20240530-123118-300x225.jpg 300w, https:\/\/til-tak.no\/wp-content\/uploads\/2024\/11\/20240530-123118-768x576.jpg 768w, https:\/\/til-tak.no\/wp-content\/uploads\/2024\/11\/20240530-123118-1536x1152.jpg 1536w, https:\/\/til-tak.no\/wp-content\/uploads\/2024\/11\/20240530-123118-2048x1536.jpg 2048w, https:\/\/til-tak.no\/wp-content\/uploads\/2024\/11\/20240530-123118-16x12.jpg 16w, https:\/\/til-tak.no\/wp-content\/uploads\/2024\/11\/20240530-123118-600x450.jpg 600w, https:\/\/til-tak.no\/wp-content\/uploads\/2024\/11\/20240530-123118-scaled.jpg 1920w\" data-sizes=\"(max-width: 1024px) 100vw, 1024px\" src=\"data:image\/gif;base64,R0lGODlhAQABAAAAACH5BAEKAAEALAAAAAABAAEAAAICTAEAOw==\" style=\"--smush-placeholder-width: 1024px; --smush-placeholder-aspect-ratio: 1024\/768;\" \/><\/figure>\n\n\n\n<figure class=\"wp-block-image size-large\"><img decoding=\"async\" width=\"1024\" height=\"768\" data-id=\"50105\" data-src=\"https:\/\/til-tak.no\/wp-content\/uploads\/2024\/11\/20240530-122908-15-11zon-1024x768.jpg\" alt=\"\" class=\"wp-image-50105 lazyload\" data-srcset=\"https:\/\/til-tak.no\/wp-content\/uploads\/2024\/11\/20240530-122908-15-11zon-1024x768.jpg 1024w, https:\/\/til-tak.no\/wp-content\/uploads\/2024\/11\/20240530-122908-15-11zon-300x225.jpg 300w, https:\/\/til-tak.no\/wp-content\/uploads\/2024\/11\/20240530-122908-15-11zon-768x576.jpg 768w, https:\/\/til-tak.no\/wp-content\/uploads\/2024\/11\/20240530-122908-15-11zon-1536x1152.jpg 1536w, https:\/\/til-tak.no\/wp-content\/uploads\/2024\/11\/20240530-122908-15-11zon-16x12.jpg 16w, https:\/\/til-tak.no\/wp-content\/uploads\/2024\/11\/20240530-122908-15-11zon-600x450.jpg 600w, https:\/\/til-tak.no\/wp-content\/uploads\/2024\/11\/20240530-122908-15-11zon.jpg 1600w\" data-sizes=\"(max-width: 1024px) 100vw, 1024px\" src=\"data:image\/gif;base64,R0lGODlhAQABAAAAACH5BAEKAAEALAAAAAABAAEAAAICTAEAOw==\" style=\"--smush-placeholder-width: 1024px; --smush-placeholder-aspect-ratio: 1024\/768;\" \/><\/figure>\n<\/figure>\n\n\n\n<p>Her var det mange flotte hytter med samme behov\ud83d\ude09\ud83d\ude0a<\/p>","protected":false},"excerpt":{"rendered":"<p>I \u00c5re rett innenefor svenske-grensen fra Trondheim bygger \u00d8sterhus flotte luksushytter med TIL-TAK Original terrasseplater for t\u00f8rt inngangsparti og lagringsplass under terrassen. Platene kan overlappes s\u00e5 langt man beh\u00f8ver TIL-TAK plate nr 1 og 2 kan dekke opptil 2.45 meter ut fra vegg, men i dette tilfellet var terrassen kun 1.45 meter slik at platene [&hellip;]<\/p>\n","protected":false},"author":5,"featured_media":50098,"parent":0,"menu_order":0,"comment_status":"closed","ping_status":"closed","template":"","meta":{"_acf_changed":false,"footnotes":""},"categories":[],"tags":[],"class_list":["post-50095","page","type-page","status-publish","has-post-thumbnail","hentry"],"yoast_head":"<!-- This site is optimized with the Yoast SEO Premium plugin v20.6 (Yoast SEO v27.2) - https:\/\/yoast.com\/product\/yoast-seo-premium-wordpress\/ -->\n<title>Tett terrasse p\u00e5 fjellhytte i \u00c5re - TIL-TAK<\/title>\n<meta name=\"description\" content=\"I \u00c5re rett innenefor svenske-grensen fra Trondheim bygger \u00d8sterhus flotte luksushytter med TIL-TAK Original terrasseplater for t\u00f8rt inngangsparti og\" \/>\n<meta name=\"robots\" content=\"index, follow, max-snippet:-1, max-image-preview:large, max-video-preview:-1\" \/>\n<link rel=\"canonical\" href=\"https:\/\/til-tak.no\/en\/tett-terrasse-pa-fjellhytte-i-are\/\" \/>\n<meta name=\"twitter:label1\" content=\"Estimated reading time\" \/>\n\t<meta name=\"twitter:data1\" content=\"3 minutes\" \/>\n<script type=\"application\/ld+json\" class=\"yoast-schema-graph\">{\"@context\":\"https:\/\/schema.org\",\"@graph\":[{\"@type\":\"WebPage\",\"@id\":\"https:\/\/til-tak.no\/tett-terrasse-pa-fjellhytte-i-are\/\",\"url\":\"https:\/\/til-tak.no\/tett-terrasse-pa-fjellhytte-i-are\/\",\"name\":\"Tett terrasse p\u00e5 fjellhytte i \u00c5re - TIL-TAK\",\"isPartOf\":{\"@id\":\"https:\/\/til-tak.no\/#website\"},\"primaryImageOfPage\":{\"@id\":\"https:\/\/til-tak.no\/tett-terrasse-pa-fjellhytte-i-are\/#primaryimage\"},\"image\":{\"@id\":\"https:\/\/til-tak.no\/tett-terrasse-pa-fjellhytte-i-are\/#primaryimage\"},\"thumbnailUrl\":\"https:\/\/til-tak.no\/wp-content\/uploads\/2024\/11\/20240530-115858-5-11zon.jpg\",\"datePublished\":\"2024-11-27T13:42:56+00:00\",\"dateModified\":\"2024-11-27T13:44:15+00:00\",\"description\":\"I \u00c5re rett innenefor svenske-grensen fra Trondheim bygger \u00d8sterhus flotte luksushytter med TIL-TAK Original terrasseplater for t\u00f8rt inngangsparti og\",\"breadcrumb\":{\"@id\":\"https:\/\/til-tak.no\/tett-terrasse-pa-fjellhytte-i-are\/#breadcrumb\"},\"inLanguage\":\"en-GB\",\"potentialAction\":[{\"@type\":\"ReadAction\",\"target\":[\"https:\/\/til-tak.no\/tett-terrasse-pa-fjellhytte-i-are\/\"]}]},{\"@type\":\"ImageObject\",\"inLanguage\":\"en-GB\",\"@id\":\"https:\/\/til-tak.no\/tett-terrasse-pa-fjellhytte-i-are\/#primaryimage\",\"url\":\"https:\/\/til-tak.no\/wp-content\/uploads\/2024\/11\/20240530-115858-5-11zon.jpg\",\"contentUrl\":\"https:\/\/til-tak.no\/wp-content\/uploads\/2024\/11\/20240530-115858-5-11zon.jpg\",\"width\":1600,\"height\":1200},{\"@type\":\"BreadcrumbList\",\"@id\":\"https:\/\/til-tak.no\/tett-terrasse-pa-fjellhytte-i-are\/#breadcrumb\",\"itemListElement\":[{\"@type\":\"ListItem\",\"position\":1,\"name\":\"Hjem\",\"item\":\"https:\/\/til-tak.no\/\"},{\"@type\":\"ListItem\",\"position\":2,\"name\":\"Tett terrasse p\u00e5 fjellhytte i \u00c5re\"}]},{\"@type\":\"WebSite\",\"@id\":\"https:\/\/til-tak.no\/#website\",\"url\":\"https:\/\/til-tak.no\/\",\"name\":\"TIL-TAK\",\"description\":\"TIL-TAK | 100% tett Dreneringssystem for Terrassegulv\",\"publisher\":{\"@id\":\"https:\/\/til-tak.no\/#organization\"},\"potentialAction\":[{\"@type\":\"SearchAction\",\"target\":{\"@type\":\"EntryPoint\",\"urlTemplate\":\"https:\/\/til-tak.no\/?s={search_term_string}\"},\"query-input\":{\"@type\":\"PropertyValueSpecification\",\"valueRequired\":true,\"valueName\":\"search_term_string\"}}],\"inLanguage\":\"en-GB\"},{\"@type\":\"Organization\",\"@id\":\"https:\/\/til-tak.no\/#organization\",\"name\":\"TIL-TAK AS\",\"url\":\"https:\/\/til-tak.no\/\",\"logo\":{\"@type\":\"ImageObject\",\"inLanguage\":\"en-GB\",\"@id\":\"https:\/\/til-tak.no\/#\/schema\/logo\/image\/\",\"url\":\"https:\/\/til-tak.no\/wp-content\/uploads\/2023\/02\/til-tak-logo-transparent1.png\",\"contentUrl\":\"https:\/\/til-tak.no\/wp-content\/uploads\/2023\/02\/til-tak-logo-transparent1.png\",\"width\":1027,\"height\":504,\"caption\":\"TIL-TAK AS\"},\"image\":{\"@id\":\"https:\/\/til-tak.no\/#\/schema\/logo\/image\/\"},\"sameAs\":[\"https:\/\/www.facebook.com\/tiltak.as\"]}]}<\/script>\n<!-- \/ Yoast SEO Premium plugin. -->","yoast_head_json":{"title":"Tett terrasse p\u00e5 fjellhytte i \u00c5re - TIL-TAK","description":"I \u00c5re rett innenefor svenske-grensen fra Trondheim bygger \u00d8sterhus flotte luksushytter med TIL-TAK Original terrasseplater for t\u00f8rt inngangsparti og","robots":{"index":"index","follow":"follow","max-snippet":"max-snippet:-1","max-image-preview":"max-image-preview:large","max-video-preview":"max-video-preview:-1"},"canonical":"https:\/\/til-tak.no\/en\/tett-terrasse-pa-fjellhytte-i-are\/","twitter_misc":{"Estimated reading time":"3 minutes"},"schema":{"@context":"https:\/\/schema.org","@graph":[{"@type":"WebPage","@id":"https:\/\/til-tak.no\/tett-terrasse-pa-fjellhytte-i-are\/","url":"https:\/\/til-tak.no\/tett-terrasse-pa-fjellhytte-i-are\/","name":"Tett terrasse p\u00e5 fjellhytte i \u00c5re - TIL-TAK","isPartOf":{"@id":"https:\/\/til-tak.no\/#website"},"primaryImageOfPage":{"@id":"https:\/\/til-tak.no\/tett-terrasse-pa-fjellhytte-i-are\/#primaryimage"},"image":{"@id":"https:\/\/til-tak.no\/tett-terrasse-pa-fjellhytte-i-are\/#primaryimage"},"thumbnailUrl":"https:\/\/til-tak.no\/wp-content\/uploads\/2024\/11\/20240530-115858-5-11zon.jpg","datePublished":"2024-11-27T13:42:56+00:00","dateModified":"2024-11-27T13:44:15+00:00","description":"I \u00c5re rett innenefor svenske-grensen fra Trondheim bygger \u00d8sterhus flotte luksushytter med TIL-TAK Original terrasseplater for t\u00f8rt inngangsparti og","breadcrumb":{"@id":"https:\/\/til-tak.no\/tett-terrasse-pa-fjellhytte-i-are\/#breadcrumb"},"inLanguage":"en-GB","potentialAction":[{"@type":"ReadAction","target":["https:\/\/til-tak.no\/tett-terrasse-pa-fjellhytte-i-are\/"]}]},{"@type":"ImageObject","inLanguage":"en-GB","@id":"https:\/\/til-tak.no\/tett-terrasse-pa-fjellhytte-i-are\/#primaryimage","url":"https:\/\/til-tak.no\/wp-content\/uploads\/2024\/11\/20240530-115858-5-11zon.jpg","contentUrl":"https:\/\/til-tak.no\/wp-content\/uploads\/2024\/11\/20240530-115858-5-11zon.jpg","width":1600,"height":1200},{"@type":"BreadcrumbList","@id":"https:\/\/til-tak.no\/tett-terrasse-pa-fjellhytte-i-are\/#breadcrumb","itemListElement":[{"@type":"ListItem","position":1,"name":"Hjem","item":"https:\/\/til-tak.no\/"},{"@type":"ListItem","position":2,"name":"Tett terrasse p\u00e5 fjellhytte i \u00c5re"}]},{"@type":"WebSite","@id":"https:\/\/til-tak.no\/#website","url":"https:\/\/til-tak.no\/","name":"TIL-TAK","description":"TIL-TAK | 100% tett Dreneringssystem for Terrassegulv","publisher":{"@id":"https:\/\/til-tak.no\/#organization"},"potentialAction":[{"@type":"SearchAction","target":{"@type":"EntryPoint","urlTemplate":"https:\/\/til-tak.no\/?s={search_term_string}"},"query-input":{"@type":"PropertyValueSpecification","valueRequired":true,"valueName":"search_term_string"}}],"inLanguage":"en-GB"},{"@type":"Organization","@id":"https:\/\/til-tak.no\/#organization","name":"TIL-TAK AS","url":"https:\/\/til-tak.no\/","logo":{"@type":"ImageObject","inLanguage":"en-GB","@id":"https:\/\/til-tak.no\/#\/schema\/logo\/image\/","url":"https:\/\/til-tak.no\/wp-content\/uploads\/2023\/02\/til-tak-logo-transparent1.png","contentUrl":"https:\/\/til-tak.no\/wp-content\/uploads\/2023\/02\/til-tak-logo-transparent1.png","width":1027,"height":504,"caption":"TIL-TAK AS"},"image":{"@id":"https:\/\/til-tak.no\/#\/schema\/logo\/image\/"},"sameAs":["https:\/\/www.facebook.com\/tiltak.as"]}]}},"acf":{"detaljer":"","documents":false,"videos":false,"accordion_title":"","accordion_sectoin":false,"calc_yes":[]},"_links":{"self":[{"href":"https:\/\/til-tak.no\/en\/wp-json\/wp\/v2\/pages\/50095","targetHints":{"allow":["GET"]}}],"collection":[{"href":"https:\/\/til-tak.no\/en\/wp-json\/wp\/v2\/pages"}],"about":[{"href":"https:\/\/til-tak.no\/en\/wp-json\/wp\/v2\/types\/page"}],"author":[{"embeddable":true,"href":"https:\/\/til-tak.no\/en\/wp-json\/wp\/v2\/users\/5"}],"replies":[{"embeddable":true,"href":"https:\/\/til-tak.no\/en\/wp-json\/wp\/v2\/comments?post=50095"}],"version-history":[{"count":0,"href":"https:\/\/til-tak.no\/en\/wp-json\/wp\/v2\/pages\/50095\/revisions"}],"wp:featuredmedia":[{"embeddable":true,"href":"https:\/\/til-tak.no\/en\/wp-json\/wp\/v2\/media\/50098"}],"wp:attachment":[{"href":"https:\/\/til-tak.no\/en\/wp-json\/wp\/v2\/media?parent=50095"}],"wp:term":[{"taxonomy":"category","embeddable":true,"href":"https:\/\/til-tak.no\/en\/wp-json\/wp\/v2\/categories?post=50095"},{"taxonomy":"post_tag","embeddable":true,"href":"https:\/\/til-tak.no\/en\/wp-json\/wp\/v2\/tags?post=50095"}],"curies":[{"name":"wp","href":"https:\/\/api.w.org\/{rel}","templated":true}]}}