{"id":8,"date":"2019-04-29T16:46:46","date_gmt":"2019-04-29T14:46:46","guid":{"rendered":"http:\/\/91.189.171.156\/~tiltak\/?page_id=8"},"modified":"2023-02-10T10:47:09","modified_gmt":"2023-02-10T09:47:09","slug":"blogg","status":"publish","type":"page","link":"https:\/\/til-tak.no\/en\/blogg\/","title":{"rendered":"Bloggen"},"content":{"rendered":"<p>Her finner du nyttige tips, svar p\u00e5 ofte stilte sp\u00f8rsm\u00e5l, reportasjer fra forn\u00f8yde kunder, og fra forhandlere. Hvis du har erfaringer du \u00f8nsker \u00e5 dele, send de inn til oss! <\/p>\n\n\n\n<p>petter@til-tak.no<\/p>","protected":false},"excerpt":{"rendered":"<p>Her finner du nyttige tips, svar p\u00e5 ofte stilte sp\u00f8rsm\u00e5l, reportasjer fra forn\u00f8yde kunder, og fra forhandlere. Hvis du har erfaringer du \u00f8nsker \u00e5 dele, send de inn til oss! petter@til-tak.no<\/p>","protected":false},"author":1,"featured_media":0,"parent":0,"menu_order":0,"comment_status":"closed","ping_status":"closed","template":"page-templates\/template-restec-blog.php","meta":{"_acf_changed":false,"footnotes":""},"categories":[1],"tags":[],"class_list":["post-8","page","type-page","status-publish","hentry","category-ukategorisert"],"yoast_head":"<!-- This site is optimized with the Yoast SEO Premium plugin v20.6 (Yoast SEO v27.2) - https:\/\/yoast.com\/product\/yoast-seo-premium-wordpress\/ -->\n<title>Bloggen - TIL-TAK - historier og blogg-innlegg samt tips og triks!<\/title>\n<meta name=\"description\" content=\"Her finner du nyttige tips, svar p\u00e5 ofte stilte sp\u00f8rsm\u00e5l, reportasjer fra forn\u00f8yde kunder, og fra forhandlere.\" \/>\n<meta name=\"robots\" content=\"index, follow, max-snippet:-1, max-image-preview:large, max-video-preview:-1\" \/>\n<link rel=\"canonical\" href=\"https:\/\/til-tak.no\/en\/blogg\/\" \/>\n<meta name=\"twitter:label1\" content=\"Estimated reading time\" \/>\n\t<meta name=\"twitter:data1\" content=\"1 minute\" \/>\n<script type=\"application\/ld+json\" class=\"yoast-schema-graph\">{\"@context\":\"https:\/\/schema.org\",\"@graph\":[{\"@type\":\"WebPage\",\"@id\":\"https:\/\/til-tak.no\/blogg\/\",\"url\":\"https:\/\/til-tak.no\/blogg\/\",\"name\":\"Bloggen - TIL-TAK - historier og blogg-innlegg samt tips og triks!\",\"isPartOf\":{\"@id\":\"https:\/\/til-tak.no\/#website\"},\"datePublished\":\"2019-04-29T14:46:46+00:00\",\"dateModified\":\"2023-02-10T09:47:09+00:00\",\"description\":\"Her finner du nyttige tips, svar p\u00e5 ofte stilte sp\u00f8rsm\u00e5l, reportasjer fra forn\u00f8yde kunder, og fra forhandlere.\",\"breadcrumb\":{\"@id\":\"https:\/\/til-tak.no\/blogg\/#breadcrumb\"},\"inLanguage\":\"en-GB\",\"potentialAction\":[{\"@type\":\"ReadAction\",\"target\":[\"https:\/\/til-tak.no\/blogg\/\"]}]},{\"@type\":\"BreadcrumbList\",\"@id\":\"https:\/\/til-tak.no\/blogg\/#breadcrumb\",\"itemListElement\":[{\"@type\":\"ListItem\",\"position\":1,\"name\":\"Hjem\",\"item\":\"https:\/\/til-tak.no\/\"},{\"@type\":\"ListItem\",\"position\":2,\"name\":\"Bloggen\"}]},{\"@type\":\"WebSite\",\"@id\":\"https:\/\/til-tak.no\/#website\",\"url\":\"https:\/\/til-tak.no\/\",\"name\":\"TIL-TAK\",\"description\":\"TIL-TAK | 100% tett Dreneringssystem for Terrassegulv\",\"publisher\":{\"@id\":\"https:\/\/til-tak.no\/#organization\"},\"potentialAction\":[{\"@type\":\"SearchAction\",\"target\":{\"@type\":\"EntryPoint\",\"urlTemplate\":\"https:\/\/til-tak.no\/?s={search_term_string}\"},\"query-input\":{\"@type\":\"PropertyValueSpecification\",\"valueRequired\":true,\"valueName\":\"search_term_string\"}}],\"inLanguage\":\"en-GB\"},{\"@type\":\"Organization\",\"@id\":\"https:\/\/til-tak.no\/#organization\",\"name\":\"TIL-TAK AS\",\"url\":\"https:\/\/til-tak.no\/\",\"logo\":{\"@type\":\"ImageObject\",\"inLanguage\":\"en-GB\",\"@id\":\"https:\/\/til-tak.no\/#\/schema\/logo\/image\/\",\"url\":\"https:\/\/til-tak.no\/wp-content\/uploads\/2023\/02\/til-tak-logo-transparent1.png\",\"contentUrl\":\"https:\/\/til-tak.no\/wp-content\/uploads\/2023\/02\/til-tak-logo-transparent1.png\",\"width\":1027,\"height\":504,\"caption\":\"TIL-TAK AS\"},\"image\":{\"@id\":\"https:\/\/til-tak.no\/#\/schema\/logo\/image\/\"},\"sameAs\":[\"https:\/\/www.facebook.com\/tiltak.as\"]}]}<\/script>\n<!-- \/ Yoast SEO Premium plugin. -->","yoast_head_json":{"title":"Bloggen - TIL-TAK - historier og blogg-innlegg samt tips og triks!","description":"Her finner du nyttige tips, svar p\u00e5 ofte stilte sp\u00f8rsm\u00e5l, reportasjer fra forn\u00f8yde kunder, og fra forhandlere.","robots":{"index":"index","follow":"follow","max-snippet":"max-snippet:-1","max-image-preview":"max-image-preview:large","max-video-preview":"max-video-preview:-1"},"canonical":"https:\/\/til-tak.no\/en\/blogg\/","twitter_misc":{"Estimated reading time":"1 minute"},"schema":{"@context":"https:\/\/schema.org","@graph":[{"@type":"WebPage","@id":"https:\/\/til-tak.no\/blogg\/","url":"https:\/\/til-tak.no\/blogg\/","name":"Bloggen - TIL-TAK - historier og blogg-innlegg samt tips og triks!","isPartOf":{"@id":"https:\/\/til-tak.no\/#website"},"datePublished":"2019-04-29T14:46:46+00:00","dateModified":"2023-02-10T09:47:09+00:00","description":"Her finner du nyttige tips, svar p\u00e5 ofte stilte sp\u00f8rsm\u00e5l, reportasjer fra forn\u00f8yde kunder, og fra forhandlere.","breadcrumb":{"@id":"https:\/\/til-tak.no\/blogg\/#breadcrumb"},"inLanguage":"en-GB","potentialAction":[{"@type":"ReadAction","target":["https:\/\/til-tak.no\/blogg\/"]}]},{"@type":"BreadcrumbList","@id":"https:\/\/til-tak.no\/blogg\/#breadcrumb","itemListElement":[{"@type":"ListItem","position":1,"name":"Hjem","item":"https:\/\/til-tak.no\/"},{"@type":"ListItem","position":2,"name":"Bloggen"}]},{"@type":"WebSite","@id":"https:\/\/til-tak.no\/#website","url":"https:\/\/til-tak.no\/","name":"TIL-TAK","description":"TIL-TAK | 100% tett Dreneringssystem for Terrassegulv","publisher":{"@id":"https:\/\/til-tak.no\/#organization"},"potentialAction":[{"@type":"SearchAction","target":{"@type":"EntryPoint","urlTemplate":"https:\/\/til-tak.no\/?s={search_term_string}"},"query-input":{"@type":"PropertyValueSpecification","valueRequired":true,"valueName":"search_term_string"}}],"inLanguage":"en-GB"},{"@type":"Organization","@id":"https:\/\/til-tak.no\/#organization","name":"TIL-TAK AS","url":"https:\/\/til-tak.no\/","logo":{"@type":"ImageObject","inLanguage":"en-GB","@id":"https:\/\/til-tak.no\/#\/schema\/logo\/image\/","url":"https:\/\/til-tak.no\/wp-content\/uploads\/2023\/02\/til-tak-logo-transparent1.png","contentUrl":"https:\/\/til-tak.no\/wp-content\/uploads\/2023\/02\/til-tak-logo-transparent1.png","width":1027,"height":504,"caption":"TIL-TAK AS"},"image":{"@id":"https:\/\/til-tak.no\/#\/schema\/logo\/image\/"},"sameAs":["https:\/\/www.facebook.com\/tiltak.as"]}]}},"acf":{"detaljer":"<p>Her finner du nyttige tips, svar p\u00e5 ofte stilte sp\u00f8rsm\u00e5l, reportasjer fra forn\u00f8yde kunder, og fra forhandlere. Hvis du har erfaringer du \u00f8nsker \u00e5 dele, send de inn til oss!<\/p>\n<p>petter@til-tak.no<\/p>\n","documents":false,"videos":false,"title":"","subtitle":"","accordion_title":"","accordion_sectoin":false,"calc_yes":[]},"_links":{"self":[{"href":"https:\/\/til-tak.no\/en\/wp-json\/wp\/v2\/pages\/8","targetHints":{"allow":["GET"]}}],"collection":[{"href":"https:\/\/til-tak.no\/en\/wp-json\/wp\/v2\/pages"}],"about":[{"href":"https:\/\/til-tak.no\/en\/wp-json\/wp\/v2\/types\/page"}],"author":[{"embeddable":true,"href":"https:\/\/til-tak.no\/en\/wp-json\/wp\/v2\/users\/1"}],"replies":[{"embeddable":true,"href":"https:\/\/til-tak.no\/en\/wp-json\/wp\/v2\/comments?post=8"}],"version-history":[{"count":0,"href":"https:\/\/til-tak.no\/en\/wp-json\/wp\/v2\/pages\/8\/revisions"}],"wp:attachment":[{"href":"https:\/\/til-tak.no\/en\/wp-json\/wp\/v2\/media?parent=8"}],"wp:term":[{"taxonomy":"category","embeddable":true,"href":"https:\/\/til-tak.no\/en\/wp-json\/wp\/v2\/categories?post=8"},{"taxonomy":"post_tag","embeddable":true,"href":"https:\/\/til-tak.no\/en\/wp-json\/wp\/v2\/tags?post=8"}],"curies":[{"name":"wp","href":"https:\/\/api.w.org\/{rel}","templated":true}]}}