{"id":425,"date":"2019-08-21T12:08:32","date_gmt":"2019-08-21T10:08:32","guid":{"rendered":"https:\/\/enkle.re\/til-tak\/?post_type=product&#038;p=425"},"modified":"2024-04-16T09:35:51","modified_gmt":"2024-04-16T07:35:51","slug":"28851483-til-tak-original-plate-nr-3","status":"publish","type":"product","link":"https:\/\/til-tak.no\/en\/product\/28851483-til-tak-original-plate-nr-3\/","title":{"rendered":"TIL-TAK Original plate nr 3"},"content":{"rendered":"<p><p>TIL-TAK Original plate nr 3, er den platen som videref\u00f8rer fallet fra plate nr 2.<br>Platen starter med en dybde p\u00e5 70mm inntil vegg, og faller ca 12% ned til 90mm i enden. Alle TIL-TAK platene er galvanisert og lakkert med polyesterlakk, lys gr\u00e5.<br>Alle platene er formet med en brett opp i bakkant, og en dryppnese i forkant. Dette gj\u00f8r at man kan starte med den platen man \u00f8nsker. Ved montering starter man alltid med den dypeste platen, og for lengdetilpassning skyves platene sammen til et st\u00f8rre omlegg, istedenfor \u00e5 klippe platene.<br>NB! Bruk ALDRI vinkelsliper p\u00e5 platene. dette vil skade korrusjonsbeskyttelsen og f\u00f8re til rustdannelser. Bruk blikksaks.<br>Les monteringsveiledningen n\u00f8ye, og f\u00f8lg den dersom du \u00f8nsker et tett resultat.<\/p><br \/>\n<p>Lengde: 1250mm<br>Bredde: ca 680mm (dekkbredde 600mm)<br>Tykkelse: 0,4mm<br>Dybde: 70-90mm<br>Kvalitet:ASTM A653 &#8211; CQ, Z22, TCT<br>Overflate: Lys gr\u00e5 polyester<\/p><br><span>Vi garanterer 100% tett tak p\u00e5 terrasser\/balkonger montert med v\u00e5re produkter, og etter v\u00e5r monteringsanvisning.<\/span><br><br><span>1: Det SKAL v\u00e6re en TYKK streng TIL-TAK pakningsmasse ALLE steder der platene ligger tett p\u00e5 hverandre. Dette fordi vannet vil suges inn mellom platene ved hvelp av en fysisk lov som heter kapill\u00e6rkraft eller osmose, og vil p\u00e5 TIL-TAK platene f\u00f8re til store lekkasjer dersom vannet ikke stoppes av pakningsmassen.<\/span><br><br><span>2: Det SKAL v\u00e6re et mellomrom mellom platene i bunn av rennen. Denne skal ikke tettes igjen med pakningsmasse.<\/span><br><br><span>3: Pakningsmassen er en IKKE HERDENDE masse. Det er KUN denne massen som har tilfredsstillende egenskaper.<\/span><br><br><span>Lykke til med ditt TIL-TAK!<\/span><\/p>","protected":false},"excerpt":{"rendered":"<p>Dette er plate nr 3 i serien TIL-TAK Original plater, gir et 100% tett terrassegulv. Plateserien gir et sammenhendgende fall mellom bjelker p\u00e5 terrassegulv, og leder vannet til en side. Platene legges p\u00e5 bjelkelag med senteravstand 60cm. Alle plateskj\u00f8ter der to eller flere plater ligger direkte p\u00e5 hverandre skal tettes med TIL-TAK pakningsmasse slik monteringsveiledning beskriver. Systemet er patentert.<\/p>","protected":false},"featured_media":31692,"comment_status":"open","ping_status":"closed","template":"","meta":{"_acf_changed":false},"product_brand":[],"product_cat":[18],"product_tag":[],"class_list":{"0":"post-425","1":"product","2":"type-product","3":"status-publish","4":"has-post-thumbnail","6":"product_cat-til-tak-original","7":"product_shipping_class-fraktklasse-a","9":"first","10":"instock","11":"taxable","12":"shipping-taxable","13":"purchasable","14":"product-type-simple"},"yoast_head":"<!-- This site is optimized with the Yoast SEO Premium plugin v20.6 (Yoast SEO v27.5) - https:\/\/yoast.com\/product\/yoast-seo-premium-wordpress\/ -->\n<title>TIL-TAK Original plate nr 3 - TIL-TAK<\/title>\n<meta name=\"description\" content=\"Dette er plate nr 3 i serien TIL-TAK Original plater, gir et 100% tett terrassegulv. Plateserien gir et sammenhendgende fall mellom bjelker p\u00e5 terrassegulv, og leder vannet til en side. Platene legges p\u00e5 bjelkelag med senteravstand 60cm.\" \/>\n<meta name=\"robots\" content=\"index, follow, max-snippet:-1, max-image-preview:large, max-video-preview:-1\" \/>\n<link rel=\"canonical\" href=\"https:\/\/til-tak.no\/en\/product\/28851483-til-tak-original-plate-nr-3\/\" \/>\n<meta name=\"twitter:label1\" content=\"Estimated reading time\" \/>\n\t<meta name=\"twitter:data1\" content=\"1 minute\" \/>\n<script type=\"application\/ld+json\" class=\"yoast-schema-graph\">{\"@context\":\"https:\\\/\\\/schema.org\",\"@graph\":[{\"@type\":\"WebPage\",\"@id\":\"https:\\\/\\\/til-tak.no\\\/produkt\\\/28851483-til-tak-original-plate-nr-3\\\/\",\"url\":\"https:\\\/\\\/til-tak.no\\\/produkt\\\/28851483-til-tak-original-plate-nr-3\\\/\",\"name\":\"TIL-TAK Original plate nr 3 - TIL-TAK\",\"isPartOf\":{\"@id\":\"https:\\\/\\\/til-tak.no\\\/#website\"},\"primaryImageOfPage\":{\"@id\":\"https:\\\/\\\/til-tak.no\\\/produkt\\\/28851483-til-tak-original-plate-nr-3\\\/#primaryimage\"},\"image\":{\"@id\":\"https:\\\/\\\/til-tak.no\\\/produkt\\\/28851483-til-tak-original-plate-nr-3\\\/#primaryimage\"},\"thumbnailUrl\":\"https:\\\/\\\/til-tak.no\\\/wp-content\\\/uploads\\\/2019\\\/08\\\/original-plate-3-1.png\",\"datePublished\":\"2019-08-21T10:08:32+00:00\",\"dateModified\":\"2024-04-16T07:35:51+00:00\",\"description\":\"Dette er plate nr 3 i serien TIL-TAK Original plater, gir et 100% tett terrassegulv. Plateserien gir et sammenhendgende fall mellom bjelker p\u00e5 terrassegulv, og leder vannet til en side. Platene legges p\u00e5 bjelkelag med senteravstand 60cm.\",\"breadcrumb\":{\"@id\":\"https:\\\/\\\/til-tak.no\\\/produkt\\\/28851483-til-tak-original-plate-nr-3\\\/#breadcrumb\"},\"inLanguage\":\"en-GB\",\"potentialAction\":[{\"@type\":\"ReadAction\",\"target\":[\"https:\\\/\\\/til-tak.no\\\/produkt\\\/28851483-til-tak-original-plate-nr-3\\\/\"]}]},{\"@type\":\"ImageObject\",\"inLanguage\":\"en-GB\",\"@id\":\"https:\\\/\\\/til-tak.no\\\/produkt\\\/28851483-til-tak-original-plate-nr-3\\\/#primaryimage\",\"url\":\"https:\\\/\\\/til-tak.no\\\/wp-content\\\/uploads\\\/2019\\\/08\\\/original-plate-3-1.png\",\"contentUrl\":\"https:\\\/\\\/til-tak.no\\\/wp-content\\\/uploads\\\/2019\\\/08\\\/original-plate-3-1.png\",\"width\":1920,\"height\":1484},{\"@type\":\"BreadcrumbList\",\"@id\":\"https:\\\/\\\/til-tak.no\\\/produkt\\\/28851483-til-tak-original-plate-nr-3\\\/#breadcrumb\",\"itemListElement\":[{\"@type\":\"ListItem\",\"position\":1,\"name\":\"Hjem\",\"item\":\"https:\\\/\\\/til-tak.no\\\/\"},{\"@type\":\"ListItem\",\"position\":2,\"name\":\"Products\",\"item\":\"https:\\\/\\\/til-tak.no\\\/en\\\/produkter-2\\\/\"},{\"@type\":\"ListItem\",\"position\":3,\"name\":\"TIL-TAK Original plate nr 3\"}]},{\"@type\":\"WebSite\",\"@id\":\"https:\\\/\\\/til-tak.no\\\/#website\",\"url\":\"https:\\\/\\\/til-tak.no\\\/\",\"name\":\"TIL-TAK\",\"description\":\"TIL-TAK | 100% tett Dreneringssystem for Terrassegulv\",\"publisher\":{\"@id\":\"https:\\\/\\\/til-tak.no\\\/#organization\"},\"potentialAction\":[{\"@type\":\"SearchAction\",\"target\":{\"@type\":\"EntryPoint\",\"urlTemplate\":\"https:\\\/\\\/til-tak.no\\\/?s={search_term_string}\"},\"query-input\":{\"@type\":\"PropertyValueSpecification\",\"valueRequired\":true,\"valueName\":\"search_term_string\"}}],\"inLanguage\":\"en-GB\"},{\"@type\":\"Organization\",\"@id\":\"https:\\\/\\\/til-tak.no\\\/#organization\",\"name\":\"TIL-TAK AS\",\"url\":\"https:\\\/\\\/til-tak.no\\\/\",\"logo\":{\"@type\":\"ImageObject\",\"inLanguage\":\"en-GB\",\"@id\":\"https:\\\/\\\/til-tak.no\\\/#\\\/schema\\\/logo\\\/image\\\/\",\"url\":\"https:\\\/\\\/til-tak.no\\\/wp-content\\\/uploads\\\/2023\\\/02\\\/til-tak-logo-transparent1.png\",\"contentUrl\":\"https:\\\/\\\/til-tak.no\\\/wp-content\\\/uploads\\\/2023\\\/02\\\/til-tak-logo-transparent1.png\",\"width\":1027,\"height\":504,\"caption\":\"TIL-TAK AS\"},\"image\":{\"@id\":\"https:\\\/\\\/til-tak.no\\\/#\\\/schema\\\/logo\\\/image\\\/\"},\"sameAs\":[\"https:\\\/\\\/www.facebook.com\\\/tiltak.as\"]}]}<\/script>\n<!-- \/ Yoast SEO Premium plugin. -->","yoast_head_json":{"title":"TIL-TAK Original plate nr 3 - TIL-TAK","description":"Dette er plate nr 3 i serien TIL-TAK Original plater, gir et 100% tett terrassegulv. Plateserien gir et sammenhendgende fall mellom bjelker p\u00e5 terrassegulv, og leder vannet til en side. Platene legges p\u00e5 bjelkelag med senteravstand 60cm.","robots":{"index":"index","follow":"follow","max-snippet":"max-snippet:-1","max-image-preview":"max-image-preview:large","max-video-preview":"max-video-preview:-1"},"canonical":"https:\/\/til-tak.no\/en\/product\/28851483-til-tak-original-plate-nr-3\/","twitter_misc":{"Estimated reading time":"1 minute"},"schema":{"@context":"https:\/\/schema.org","@graph":[{"@type":"WebPage","@id":"https:\/\/til-tak.no\/produkt\/28851483-til-tak-original-plate-nr-3\/","url":"https:\/\/til-tak.no\/produkt\/28851483-til-tak-original-plate-nr-3\/","name":"TIL-TAK Original plate nr 3 - TIL-TAK","isPartOf":{"@id":"https:\/\/til-tak.no\/#website"},"primaryImageOfPage":{"@id":"https:\/\/til-tak.no\/produkt\/28851483-til-tak-original-plate-nr-3\/#primaryimage"},"image":{"@id":"https:\/\/til-tak.no\/produkt\/28851483-til-tak-original-plate-nr-3\/#primaryimage"},"thumbnailUrl":"https:\/\/til-tak.no\/wp-content\/uploads\/2019\/08\/original-plate-3-1.png","datePublished":"2019-08-21T10:08:32+00:00","dateModified":"2024-04-16T07:35:51+00:00","description":"Dette er plate nr 3 i serien TIL-TAK Original plater, gir et 100% tett terrassegulv. Plateserien gir et sammenhendgende fall mellom bjelker p\u00e5 terrassegulv, og leder vannet til en side. Platene legges p\u00e5 bjelkelag med senteravstand 60cm.","breadcrumb":{"@id":"https:\/\/til-tak.no\/produkt\/28851483-til-tak-original-plate-nr-3\/#breadcrumb"},"inLanguage":"en-GB","potentialAction":[{"@type":"ReadAction","target":["https:\/\/til-tak.no\/produkt\/28851483-til-tak-original-plate-nr-3\/"]}]},{"@type":"ImageObject","inLanguage":"en-GB","@id":"https:\/\/til-tak.no\/produkt\/28851483-til-tak-original-plate-nr-3\/#primaryimage","url":"https:\/\/til-tak.no\/wp-content\/uploads\/2019\/08\/original-plate-3-1.png","contentUrl":"https:\/\/til-tak.no\/wp-content\/uploads\/2019\/08\/original-plate-3-1.png","width":1920,"height":1484},{"@type":"BreadcrumbList","@id":"https:\/\/til-tak.no\/produkt\/28851483-til-tak-original-plate-nr-3\/#breadcrumb","itemListElement":[{"@type":"ListItem","position":1,"name":"Hjem","item":"https:\/\/til-tak.no\/"},{"@type":"ListItem","position":2,"name":"Products","item":"https:\/\/til-tak.no\/en\/produkter-2\/"},{"@type":"ListItem","position":3,"name":"TIL-TAK Original plate nr 3"}]},{"@type":"WebSite","@id":"https:\/\/til-tak.no\/#website","url":"https:\/\/til-tak.no\/","name":"TIL-TAK","description":"TIL-TAK | 100% tett Dreneringssystem for Terrassegulv","publisher":{"@id":"https:\/\/til-tak.no\/#organization"},"potentialAction":[{"@type":"SearchAction","target":{"@type":"EntryPoint","urlTemplate":"https:\/\/til-tak.no\/?s={search_term_string}"},"query-input":{"@type":"PropertyValueSpecification","valueRequired":true,"valueName":"search_term_string"}}],"inLanguage":"en-GB"},{"@type":"Organization","@id":"https:\/\/til-tak.no\/#organization","name":"TIL-TAK AS","url":"https:\/\/til-tak.no\/","logo":{"@type":"ImageObject","inLanguage":"en-GB","@id":"https:\/\/til-tak.no\/#\/schema\/logo\/image\/","url":"https:\/\/til-tak.no\/wp-content\/uploads\/2023\/02\/til-tak-logo-transparent1.png","contentUrl":"https:\/\/til-tak.no\/wp-content\/uploads\/2023\/02\/til-tak-logo-transparent1.png","width":1027,"height":504,"caption":"TIL-TAK AS"},"image":{"@id":"https:\/\/til-tak.no\/#\/schema\/logo\/image\/"},"sameAs":["https:\/\/www.facebook.com\/tiltak.as"]}]}},"acf":{"varenr":"28851483","documents":[{"name":"Brosjyre & Monteringsveiledning","file":false}],"videos":[{"youtube_url":"https:\/\/www.youtube.com\/watch?v=mVzGgwtqtvU"}]},"_links":{"self":[{"href":"https:\/\/til-tak.no\/en\/wp-json\/wp\/v2\/product\/425","targetHints":{"allow":["GET"]}}],"collection":[{"href":"https:\/\/til-tak.no\/en\/wp-json\/wp\/v2\/product"}],"about":[{"href":"https:\/\/til-tak.no\/en\/wp-json\/wp\/v2\/types\/product"}],"replies":[{"embeddable":true,"href":"https:\/\/til-tak.no\/en\/wp-json\/wp\/v2\/comments?post=425"}],"wp:featuredmedia":[{"embeddable":true,"href":"https:\/\/til-tak.no\/en\/wp-json\/wp\/v2\/media\/31692"}],"wp:attachment":[{"href":"https:\/\/til-tak.no\/en\/wp-json\/wp\/v2\/media?parent=425"}],"wp:term":[{"taxonomy":"product_brand","embeddable":true,"href":"https:\/\/til-tak.no\/en\/wp-json\/wp\/v2\/product_brand?post=425"},{"taxonomy":"product_cat","embeddable":true,"href":"https:\/\/til-tak.no\/en\/wp-json\/wp\/v2\/product_cat?post=425"},{"taxonomy":"product_tag","embeddable":true,"href":"https:\/\/til-tak.no\/en\/wp-json\/wp\/v2\/product_tag?post=425"}],"curies":[{"name":"wp","href":"https:\/\/api.w.org\/{rel}","templated":true}]}}