{"id":436,"date":"2019-08-21T12:08:47","date_gmt":"2019-08-21T10:08:47","guid":{"rendered":"https:\/\/enkle.re\/til-tak\/?post_type=product&#038;p=436"},"modified":"2024-04-16T09:45:15","modified_gmt":"2024-04-16T07:45:15","slug":"28851541-til-tak-original-justeringsplate-1","status":"publish","type":"product","link":"https:\/\/til-tak.no\/en\/product\/28851541-til-tak-original-justeringsplate-1\/","title":{"rendered":"TIL-TAK Original Justeringsplate 1"},"content":{"rendered":"<p>Dette er plate nr 1 i serien TIL-TAK justeringsplater. Plateserien gir et sammenhendgende fall mellom bjelker p\u00e5 terrassegulv. Platene formes i den ene siden for tilpassing mellom bjelker med 30-60cm senteravstand. Brukes p\u00e5 endefakk b\u00e5de p\u00e5 h\u00f8yre og venstre side av terrassen.<br><\/p>","protected":false},"excerpt":{"rendered":"<p><p>TIL-TAK Original Justeringsplate nr 1 &#8211; 1250x690x0,4mm.<\/p><\/p>","protected":false},"featured_media":31688,"comment_status":"open","ping_status":"closed","template":"","meta":{"_acf_changed":false},"product_brand":[],"product_cat":[18],"product_tag":[],"class_list":{"0":"post-436","1":"product","2":"type-product","3":"status-publish","4":"has-post-thumbnail","6":"product_cat-til-tak-original","7":"product_shipping_class-fraktklasse-a","9":"first","10":"instock","11":"taxable","12":"shipping-taxable","13":"purchasable","14":"product-type-simple"},"yoast_head":"<!-- This site is optimized with the Yoast SEO Premium plugin v20.6 (Yoast SEO v27.2) - https:\/\/yoast.com\/product\/yoast-seo-premium-wordpress\/ -->\n<title>TIL-TAK Original Justeringsplate 1 - TIL-TAK<\/title>\n<meta name=\"description\" content=\"TIL-TAK Original Justeringsplate nr 1 - 1250x690x0,4mm.\" \/>\n<meta name=\"robots\" content=\"index, follow, max-snippet:-1, max-image-preview:large, max-video-preview:-1\" \/>\n<link rel=\"canonical\" href=\"https:\/\/til-tak.no\/en\/product\/28851541-til-tak-original-justeringsplate-1\/\" \/>\n<script type=\"application\/ld+json\" class=\"yoast-schema-graph\">{\"@context\":\"https:\/\/schema.org\",\"@graph\":[{\"@type\":\"WebPage\",\"@id\":\"https:\/\/til-tak.no\/produkt\/28851541-til-tak-original-justeringsplate-1\/\",\"url\":\"https:\/\/til-tak.no\/produkt\/28851541-til-tak-original-justeringsplate-1\/\",\"name\":\"TIL-TAK Original Justeringsplate 1 - TIL-TAK\",\"isPartOf\":{\"@id\":\"https:\/\/til-tak.no\/#website\"},\"primaryImageOfPage\":{\"@id\":\"https:\/\/til-tak.no\/produkt\/28851541-til-tak-original-justeringsplate-1\/#primaryimage\"},\"image\":{\"@id\":\"https:\/\/til-tak.no\/produkt\/28851541-til-tak-original-justeringsplate-1\/#primaryimage\"},\"thumbnailUrl\":\"https:\/\/til-tak.no\/wp-content\/uploads\/2019\/08\/justeringsplate1-2.png\",\"datePublished\":\"2019-08-21T10:08:47+00:00\",\"dateModified\":\"2024-04-16T07:45:15+00:00\",\"description\":\"TIL-TAK Original Justeringsplate nr 1 - 1250x690x0,4mm.\",\"breadcrumb\":{\"@id\":\"https:\/\/til-tak.no\/produkt\/28851541-til-tak-original-justeringsplate-1\/#breadcrumb\"},\"inLanguage\":\"en-GB\",\"potentialAction\":[{\"@type\":\"ReadAction\",\"target\":[\"https:\/\/til-tak.no\/produkt\/28851541-til-tak-original-justeringsplate-1\/\"]}]},{\"@type\":\"ImageObject\",\"inLanguage\":\"en-GB\",\"@id\":\"https:\/\/til-tak.no\/produkt\/28851541-til-tak-original-justeringsplate-1\/#primaryimage\",\"url\":\"https:\/\/til-tak.no\/wp-content\/uploads\/2019\/08\/justeringsplate1-2.png\",\"contentUrl\":\"https:\/\/til-tak.no\/wp-content\/uploads\/2019\/08\/justeringsplate1-2.png\",\"width\":1920,\"height\":1152},{\"@type\":\"BreadcrumbList\",\"@id\":\"https:\/\/til-tak.no\/produkt\/28851541-til-tak-original-justeringsplate-1\/#breadcrumb\",\"itemListElement\":[{\"@type\":\"ListItem\",\"position\":1,\"name\":\"Hjem\",\"item\":\"https:\/\/til-tak.no\/\"},{\"@type\":\"ListItem\",\"position\":2,\"name\":\"Products\",\"item\":\"https:\/\/til-tak.no\/en\/produkter-2\/\"},{\"@type\":\"ListItem\",\"position\":3,\"name\":\"TIL-TAK Original Justeringsplate 1\"}]},{\"@type\":\"WebSite\",\"@id\":\"https:\/\/til-tak.no\/#website\",\"url\":\"https:\/\/til-tak.no\/\",\"name\":\"TIL-TAK\",\"description\":\"TIL-TAK | 100% tett Dreneringssystem for Terrassegulv\",\"publisher\":{\"@id\":\"https:\/\/til-tak.no\/#organization\"},\"potentialAction\":[{\"@type\":\"SearchAction\",\"target\":{\"@type\":\"EntryPoint\",\"urlTemplate\":\"https:\/\/til-tak.no\/?s={search_term_string}\"},\"query-input\":{\"@type\":\"PropertyValueSpecification\",\"valueRequired\":true,\"valueName\":\"search_term_string\"}}],\"inLanguage\":\"en-GB\"},{\"@type\":\"Organization\",\"@id\":\"https:\/\/til-tak.no\/#organization\",\"name\":\"TIL-TAK AS\",\"url\":\"https:\/\/til-tak.no\/\",\"logo\":{\"@type\":\"ImageObject\",\"inLanguage\":\"en-GB\",\"@id\":\"https:\/\/til-tak.no\/#\/schema\/logo\/image\/\",\"url\":\"https:\/\/til-tak.no\/wp-content\/uploads\/2023\/02\/til-tak-logo-transparent1.png\",\"contentUrl\":\"https:\/\/til-tak.no\/wp-content\/uploads\/2023\/02\/til-tak-logo-transparent1.png\",\"width\":1027,\"height\":504,\"caption\":\"TIL-TAK AS\"},\"image\":{\"@id\":\"https:\/\/til-tak.no\/#\/schema\/logo\/image\/\"},\"sameAs\":[\"https:\/\/www.facebook.com\/tiltak.as\"]}]}<\/script>\n<!-- \/ Yoast SEO Premium plugin. -->","yoast_head_json":{"title":"TIL-TAK Original Justeringsplate 1 - TIL-TAK","description":"TIL-TAK Original Justeringsplate nr 1 - 1250x690x0,4mm.","robots":{"index":"index","follow":"follow","max-snippet":"max-snippet:-1","max-image-preview":"max-image-preview:large","max-video-preview":"max-video-preview:-1"},"canonical":"https:\/\/til-tak.no\/en\/product\/28851541-til-tak-original-justeringsplate-1\/","schema":{"@context":"https:\/\/schema.org","@graph":[{"@type":"WebPage","@id":"https:\/\/til-tak.no\/produkt\/28851541-til-tak-original-justeringsplate-1\/","url":"https:\/\/til-tak.no\/produkt\/28851541-til-tak-original-justeringsplate-1\/","name":"TIL-TAK Original Justeringsplate 1 - TIL-TAK","isPartOf":{"@id":"https:\/\/til-tak.no\/#website"},"primaryImageOfPage":{"@id":"https:\/\/til-tak.no\/produkt\/28851541-til-tak-original-justeringsplate-1\/#primaryimage"},"image":{"@id":"https:\/\/til-tak.no\/produkt\/28851541-til-tak-original-justeringsplate-1\/#primaryimage"},"thumbnailUrl":"https:\/\/til-tak.no\/wp-content\/uploads\/2019\/08\/justeringsplate1-2.png","datePublished":"2019-08-21T10:08:47+00:00","dateModified":"2024-04-16T07:45:15+00:00","description":"TIL-TAK Original Justeringsplate nr 1 - 1250x690x0,4mm.","breadcrumb":{"@id":"https:\/\/til-tak.no\/produkt\/28851541-til-tak-original-justeringsplate-1\/#breadcrumb"},"inLanguage":"en-GB","potentialAction":[{"@type":"ReadAction","target":["https:\/\/til-tak.no\/produkt\/28851541-til-tak-original-justeringsplate-1\/"]}]},{"@type":"ImageObject","inLanguage":"en-GB","@id":"https:\/\/til-tak.no\/produkt\/28851541-til-tak-original-justeringsplate-1\/#primaryimage","url":"https:\/\/til-tak.no\/wp-content\/uploads\/2019\/08\/justeringsplate1-2.png","contentUrl":"https:\/\/til-tak.no\/wp-content\/uploads\/2019\/08\/justeringsplate1-2.png","width":1920,"height":1152},{"@type":"BreadcrumbList","@id":"https:\/\/til-tak.no\/produkt\/28851541-til-tak-original-justeringsplate-1\/#breadcrumb","itemListElement":[{"@type":"ListItem","position":1,"name":"Hjem","item":"https:\/\/til-tak.no\/"},{"@type":"ListItem","position":2,"name":"Products","item":"https:\/\/til-tak.no\/en\/produkter-2\/"},{"@type":"ListItem","position":3,"name":"TIL-TAK Original Justeringsplate 1"}]},{"@type":"WebSite","@id":"https:\/\/til-tak.no\/#website","url":"https:\/\/til-tak.no\/","name":"TIL-TAK","description":"TIL-TAK | 100% tett Dreneringssystem for Terrassegulv","publisher":{"@id":"https:\/\/til-tak.no\/#organization"},"potentialAction":[{"@type":"SearchAction","target":{"@type":"EntryPoint","urlTemplate":"https:\/\/til-tak.no\/?s={search_term_string}"},"query-input":{"@type":"PropertyValueSpecification","valueRequired":true,"valueName":"search_term_string"}}],"inLanguage":"en-GB"},{"@type":"Organization","@id":"https:\/\/til-tak.no\/#organization","name":"TIL-TAK AS","url":"https:\/\/til-tak.no\/","logo":{"@type":"ImageObject","inLanguage":"en-GB","@id":"https:\/\/til-tak.no\/#\/schema\/logo\/image\/","url":"https:\/\/til-tak.no\/wp-content\/uploads\/2023\/02\/til-tak-logo-transparent1.png","contentUrl":"https:\/\/til-tak.no\/wp-content\/uploads\/2023\/02\/til-tak-logo-transparent1.png","width":1027,"height":504,"caption":"TIL-TAK AS"},"image":{"@id":"https:\/\/til-tak.no\/#\/schema\/logo\/image\/"},"sameAs":["https:\/\/www.facebook.com\/tiltak.as"]}]}},"acf":{"varenr":"28851541","documents":[{"name":"Brosjyre & Monteringsveiledning","file":false}],"videos":[{"youtube_url":"https:\/\/www.youtube.com\/watch?v=mVzGgwtqtvU"}]},"_links":{"self":[{"href":"https:\/\/til-tak.no\/en\/wp-json\/wp\/v2\/product\/436","targetHints":{"allow":["GET"]}}],"collection":[{"href":"https:\/\/til-tak.no\/en\/wp-json\/wp\/v2\/product"}],"about":[{"href":"https:\/\/til-tak.no\/en\/wp-json\/wp\/v2\/types\/product"}],"replies":[{"embeddable":true,"href":"https:\/\/til-tak.no\/en\/wp-json\/wp\/v2\/comments?post=436"}],"wp:featuredmedia":[{"embeddable":true,"href":"https:\/\/til-tak.no\/en\/wp-json\/wp\/v2\/media\/31688"}],"wp:attachment":[{"href":"https:\/\/til-tak.no\/en\/wp-json\/wp\/v2\/media?parent=436"}],"wp:term":[{"taxonomy":"product_brand","embeddable":true,"href":"https:\/\/til-tak.no\/en\/wp-json\/wp\/v2\/product_brand?post=436"},{"taxonomy":"product_cat","embeddable":true,"href":"https:\/\/til-tak.no\/en\/wp-json\/wp\/v2\/product_cat?post=436"},{"taxonomy":"product_tag","embeddable":true,"href":"https:\/\/til-tak.no\/en\/wp-json\/wp\/v2\/product_tag?post=436"}],"curies":[{"name":"wp","href":"https:\/\/api.w.org\/{rel}","templated":true}]}}