{"id":501,"date":"2019-08-21T12:10:07","date_gmt":"2019-08-21T10:10:07","guid":{"rendered":"https:\/\/enkle.re\/til-tak\/?post_type=product&#038;p=501"},"modified":"2024-04-16T09:40:31","modified_gmt":"2024-04-16T07:40:31","slug":"til-tak-original-skruer-m-borskjaer-rustfrie-250pr-eske","status":"publish","type":"product","link":"https:\/\/til-tak.no\/en\/product\/til-tak-original-skruer-m-borskjaer-rustfrie-250pr-eske\/","title":{"rendered":"TIL-TAK Original skruer m\/borskj\u00e6r rustfrie 250pr\/eske"},"content":{"rendered":"","protected":false},"excerpt":{"rendered":"<p>TIL-TAK Original rustfri terrasseskrue er utviklet for innfesting av terrassebord p\u00e5 bjelkelag med TIL-TAK Original plater som dreneringsl\u00f8sning for terrassegulvet. Terrasseskruen er 5x60mm og laget av sollid og smidig st\u00e5lkvalitet som t\u00e5ler norske forhold. Skruen er belagt med epoc for \u00e5 unng\u00e5 sverting av treverk rundt skruen. Kommer i esker a 250stk.<\/p>","protected":false},"featured_media":31654,"comment_status":"open","ping_status":"closed","template":"","meta":{"_acf_changed":false},"product_brand":[],"product_cat":[18],"product_tag":[45,44],"class_list":{"0":"post-501","1":"product","2":"type-product","3":"status-publish","4":"has-post-thumbnail","6":"product_cat-til-tak-original","7":"product_tag-beslag","8":"product_tag-verktoy","9":"product_shipping_class-posten-brevpost","11":"first","12":"instock","13":"taxable","14":"shipping-taxable","15":"purchasable","16":"product-type-simple"},"yoast_head":"<!-- This site is optimized with the Yoast SEO Premium plugin v20.6 (Yoast SEO v27.2) - https:\/\/yoast.com\/product\/yoast-seo-premium-wordpress\/ -->\n<title>TIL-TAK Original skruer m\/borskj\u00e6r rustfrie 250pr\/eske - TIL-TAK<\/title>\n<meta name=\"description\" content=\"TIL-TAK Original rustfri terrasseskrue er utviklet for innfesting av terrassebord p\u00e5 bjelkelag med TIL-TAK Original plater som dreneringsl\u00f8sning for terrassegulvet. Terrasseskruen er 5x60mm og laget av sollid og smidig st\u00e5lkvalitet som t\u00e5ler norske forhold. Skruen er belagt med epoc for \u00e5 unng\u00e5 sverting av treverk rundt skruen. Kommer i esker a 250stk.\" \/>\n<meta name=\"robots\" content=\"index, follow, max-snippet:-1, max-image-preview:large, max-video-preview:-1\" \/>\n<link rel=\"canonical\" href=\"https:\/\/til-tak.no\/en\/product\/til-tak-original-skruer-m-borskjaer-rustfrie-250pr-eske\/\" \/>\n<script type=\"application\/ld+json\" class=\"yoast-schema-graph\">{\"@context\":\"https:\/\/schema.org\",\"@graph\":[{\"@type\":\"WebPage\",\"@id\":\"https:\/\/til-tak.no\/produkt\/til-tak-original-skruer-m-borskjaer-rustfrie-250pr-eske\/\",\"url\":\"https:\/\/til-tak.no\/produkt\/til-tak-original-skruer-m-borskjaer-rustfrie-250pr-eske\/\",\"name\":\"TIL-TAK Original skruer m\/borskj\u00e6r rustfrie 250pr\/eske - TIL-TAK\",\"isPartOf\":{\"@id\":\"https:\/\/til-tak.no\/#website\"},\"primaryImageOfPage\":{\"@id\":\"https:\/\/til-tak.no\/produkt\/til-tak-original-skruer-m-borskjaer-rustfrie-250pr-eske\/#primaryimage\"},\"image\":{\"@id\":\"https:\/\/til-tak.no\/produkt\/til-tak-original-skruer-m-borskjaer-rustfrie-250pr-eske\/#primaryimage\"},\"thumbnailUrl\":\"https:\/\/til-tak.no\/wp-content\/uploads\/2019\/08\/skrueeske02.png\",\"datePublished\":\"2019-08-21T10:10:07+00:00\",\"dateModified\":\"2024-04-16T07:40:31+00:00\",\"description\":\"TIL-TAK Original rustfri terrasseskrue er utviklet for innfesting av terrassebord p\u00e5 bjelkelag med TIL-TAK Original plater som dreneringsl\u00f8sning for terrassegulvet. Terrasseskruen er 5x60mm og laget av sollid og smidig st\u00e5lkvalitet som t\u00e5ler norske forhold. Skruen er belagt med epoc for \u00e5 unng\u00e5 sverting av treverk rundt skruen. Kommer i esker a 250stk.\",\"breadcrumb\":{\"@id\":\"https:\/\/til-tak.no\/produkt\/til-tak-original-skruer-m-borskjaer-rustfrie-250pr-eske\/#breadcrumb\"},\"inLanguage\":\"en-GB\",\"potentialAction\":[{\"@type\":\"ReadAction\",\"target\":[\"https:\/\/til-tak.no\/produkt\/til-tak-original-skruer-m-borskjaer-rustfrie-250pr-eske\/\"]}]},{\"@type\":\"ImageObject\",\"inLanguage\":\"en-GB\",\"@id\":\"https:\/\/til-tak.no\/produkt\/til-tak-original-skruer-m-borskjaer-rustfrie-250pr-eske\/#primaryimage\",\"url\":\"https:\/\/til-tak.no\/wp-content\/uploads\/2019\/08\/skrueeske02.png\",\"contentUrl\":\"https:\/\/til-tak.no\/wp-content\/uploads\/2019\/08\/skrueeske02.png\",\"width\":850,\"height\":680},{\"@type\":\"BreadcrumbList\",\"@id\":\"https:\/\/til-tak.no\/produkt\/til-tak-original-skruer-m-borskjaer-rustfrie-250pr-eske\/#breadcrumb\",\"itemListElement\":[{\"@type\":\"ListItem\",\"position\":1,\"name\":\"Hjem\",\"item\":\"https:\/\/til-tak.no\/\"},{\"@type\":\"ListItem\",\"position\":2,\"name\":\"Products\",\"item\":\"https:\/\/til-tak.no\/en\/produkter-2\/\"},{\"@type\":\"ListItem\",\"position\":3,\"name\":\"TIL-TAK Original skruer m\/borskj\u00e6r rustfrie 250pr\/eske\"}]},{\"@type\":\"WebSite\",\"@id\":\"https:\/\/til-tak.no\/#website\",\"url\":\"https:\/\/til-tak.no\/\",\"name\":\"TIL-TAK\",\"description\":\"TIL-TAK | 100% tett Dreneringssystem for Terrassegulv\",\"publisher\":{\"@id\":\"https:\/\/til-tak.no\/#organization\"},\"potentialAction\":[{\"@type\":\"SearchAction\",\"target\":{\"@type\":\"EntryPoint\",\"urlTemplate\":\"https:\/\/til-tak.no\/?s={search_term_string}\"},\"query-input\":{\"@type\":\"PropertyValueSpecification\",\"valueRequired\":true,\"valueName\":\"search_term_string\"}}],\"inLanguage\":\"en-GB\"},{\"@type\":\"Organization\",\"@id\":\"https:\/\/til-tak.no\/#organization\",\"name\":\"TIL-TAK AS\",\"url\":\"https:\/\/til-tak.no\/\",\"logo\":{\"@type\":\"ImageObject\",\"inLanguage\":\"en-GB\",\"@id\":\"https:\/\/til-tak.no\/#\/schema\/logo\/image\/\",\"url\":\"https:\/\/til-tak.no\/wp-content\/uploads\/2023\/02\/til-tak-logo-transparent1.png\",\"contentUrl\":\"https:\/\/til-tak.no\/wp-content\/uploads\/2023\/02\/til-tak-logo-transparent1.png\",\"width\":1027,\"height\":504,\"caption\":\"TIL-TAK AS\"},\"image\":{\"@id\":\"https:\/\/til-tak.no\/#\/schema\/logo\/image\/\"},\"sameAs\":[\"https:\/\/www.facebook.com\/tiltak.as\"]}]}<\/script>\n<!-- \/ Yoast SEO Premium plugin. -->","yoast_head_json":{"title":"TIL-TAK Original skruer m\/borskj\u00e6r rustfrie 250pr\/eske - TIL-TAK","description":"TIL-TAK Original rustfri terrasseskrue er utviklet for innfesting av terrassebord p\u00e5 bjelkelag med TIL-TAK Original plater som dreneringsl\u00f8sning for terrassegulvet. Terrasseskruen er 5x60mm og laget av sollid og smidig st\u00e5lkvalitet som t\u00e5ler norske forhold. Skruen er belagt med epoc for \u00e5 unng\u00e5 sverting av treverk rundt skruen. Kommer i esker a 250stk.","robots":{"index":"index","follow":"follow","max-snippet":"max-snippet:-1","max-image-preview":"max-image-preview:large","max-video-preview":"max-video-preview:-1"},"canonical":"https:\/\/til-tak.no\/en\/product\/til-tak-original-skruer-m-borskjaer-rustfrie-250pr-eske\/","schema":{"@context":"https:\/\/schema.org","@graph":[{"@type":"WebPage","@id":"https:\/\/til-tak.no\/produkt\/til-tak-original-skruer-m-borskjaer-rustfrie-250pr-eske\/","url":"https:\/\/til-tak.no\/produkt\/til-tak-original-skruer-m-borskjaer-rustfrie-250pr-eske\/","name":"TIL-TAK Original skruer m\/borskj\u00e6r rustfrie 250pr\/eske - TIL-TAK","isPartOf":{"@id":"https:\/\/til-tak.no\/#website"},"primaryImageOfPage":{"@id":"https:\/\/til-tak.no\/produkt\/til-tak-original-skruer-m-borskjaer-rustfrie-250pr-eske\/#primaryimage"},"image":{"@id":"https:\/\/til-tak.no\/produkt\/til-tak-original-skruer-m-borskjaer-rustfrie-250pr-eske\/#primaryimage"},"thumbnailUrl":"https:\/\/til-tak.no\/wp-content\/uploads\/2019\/08\/skrueeske02.png","datePublished":"2019-08-21T10:10:07+00:00","dateModified":"2024-04-16T07:40:31+00:00","description":"TIL-TAK Original rustfri terrasseskrue er utviklet for innfesting av terrassebord p\u00e5 bjelkelag med TIL-TAK Original plater som dreneringsl\u00f8sning for terrassegulvet. Terrasseskruen er 5x60mm og laget av sollid og smidig st\u00e5lkvalitet som t\u00e5ler norske forhold. Skruen er belagt med epoc for \u00e5 unng\u00e5 sverting av treverk rundt skruen. Kommer i esker a 250stk.","breadcrumb":{"@id":"https:\/\/til-tak.no\/produkt\/til-tak-original-skruer-m-borskjaer-rustfrie-250pr-eske\/#breadcrumb"},"inLanguage":"en-GB","potentialAction":[{"@type":"ReadAction","target":["https:\/\/til-tak.no\/produkt\/til-tak-original-skruer-m-borskjaer-rustfrie-250pr-eske\/"]}]},{"@type":"ImageObject","inLanguage":"en-GB","@id":"https:\/\/til-tak.no\/produkt\/til-tak-original-skruer-m-borskjaer-rustfrie-250pr-eske\/#primaryimage","url":"https:\/\/til-tak.no\/wp-content\/uploads\/2019\/08\/skrueeske02.png","contentUrl":"https:\/\/til-tak.no\/wp-content\/uploads\/2019\/08\/skrueeske02.png","width":850,"height":680},{"@type":"BreadcrumbList","@id":"https:\/\/til-tak.no\/produkt\/til-tak-original-skruer-m-borskjaer-rustfrie-250pr-eske\/#breadcrumb","itemListElement":[{"@type":"ListItem","position":1,"name":"Hjem","item":"https:\/\/til-tak.no\/"},{"@type":"ListItem","position":2,"name":"Products","item":"https:\/\/til-tak.no\/en\/produkter-2\/"},{"@type":"ListItem","position":3,"name":"TIL-TAK Original skruer m\/borskj\u00e6r rustfrie 250pr\/eske"}]},{"@type":"WebSite","@id":"https:\/\/til-tak.no\/#website","url":"https:\/\/til-tak.no\/","name":"TIL-TAK","description":"TIL-TAK | 100% tett Dreneringssystem for Terrassegulv","publisher":{"@id":"https:\/\/til-tak.no\/#organization"},"potentialAction":[{"@type":"SearchAction","target":{"@type":"EntryPoint","urlTemplate":"https:\/\/til-tak.no\/?s={search_term_string}"},"query-input":{"@type":"PropertyValueSpecification","valueRequired":true,"valueName":"search_term_string"}}],"inLanguage":"en-GB"},{"@type":"Organization","@id":"https:\/\/til-tak.no\/#organization","name":"TIL-TAK AS","url":"https:\/\/til-tak.no\/","logo":{"@type":"ImageObject","inLanguage":"en-GB","@id":"https:\/\/til-tak.no\/#\/schema\/logo\/image\/","url":"https:\/\/til-tak.no\/wp-content\/uploads\/2023\/02\/til-tak-logo-transparent1.png","contentUrl":"https:\/\/til-tak.no\/wp-content\/uploads\/2023\/02\/til-tak-logo-transparent1.png","width":1027,"height":504,"caption":"TIL-TAK AS"},"image":{"@id":"https:\/\/til-tak.no\/#\/schema\/logo\/image\/"},"sameAs":["https:\/\/www.facebook.com\/tiltak.as"]}]}},"acf":{"varenr":"54074652","documents":false,"videos":false},"_links":{"self":[{"href":"https:\/\/til-tak.no\/en\/wp-json\/wp\/v2\/product\/501","targetHints":{"allow":["GET"]}}],"collection":[{"href":"https:\/\/til-tak.no\/en\/wp-json\/wp\/v2\/product"}],"about":[{"href":"https:\/\/til-tak.no\/en\/wp-json\/wp\/v2\/types\/product"}],"replies":[{"embeddable":true,"href":"https:\/\/til-tak.no\/en\/wp-json\/wp\/v2\/comments?post=501"}],"wp:featuredmedia":[{"embeddable":true,"href":"https:\/\/til-tak.no\/en\/wp-json\/wp\/v2\/media\/31654"}],"wp:attachment":[{"href":"https:\/\/til-tak.no\/en\/wp-json\/wp\/v2\/media?parent=501"}],"wp:term":[{"taxonomy":"product_brand","embeddable":true,"href":"https:\/\/til-tak.no\/en\/wp-json\/wp\/v2\/product_brand?post=501"},{"taxonomy":"product_cat","embeddable":true,"href":"https:\/\/til-tak.no\/en\/wp-json\/wp\/v2\/product_cat?post=501"},{"taxonomy":"product_tag","embeddable":true,"href":"https:\/\/til-tak.no\/en\/wp-json\/wp\/v2\/product_tag?post=501"}],"curies":[{"name":"wp","href":"https:\/\/api.w.org\/{rel}","templated":true}]}}